{"id":595,"date":"2017-05-31T09:33:28","date_gmt":"2017-05-31T09:33:28","guid":{"rendered":"http:\/\/help.unhcr.org\/cyprus\/about-us-2\/"},"modified":"2020-03-30T13:27:43","modified_gmt":"2020-03-30T13:27:43","slug":"about-us","status":"publish","type":"page","link":"https:\/\/help.unhcr.org\/cyprus\/fr\/about-us\/","title":{"rendered":"Bienvenue"},"content":{"rendered":"<p>Le HCR, l\u2019Agence des Nations unies pour les r\u00e9fugi\u00e9s, a cr\u00e9\u00e9 ce site web pour les r\u00e9fugi\u00e9s et les demandeurs d\u2019asile \u00e0 Chypre. Sur ce site, vous trouverez des informations sur :<\/p>\n<ul>\n<li><span style=\"color: #ff0000\"><strong><a style=\"color: #ff0000\" href=\"https:\/\/help.unhcr.org\/cyprus\/fr\/covid-19-coronavirus\/\">COVID-19 \/ CORONAVIRUS<\/a><\/strong><\/span><\/li>\n<li>Comment faire votre <a href=\"https:\/\/help.unhcr.org\/cyprus\/fr\/applying-for-asylum\/how-and-where-can-i-apply-for-asylum\/\">demande d\u2019asile \u00e0 Chypre<\/a><\/li>\n<li><a href=\"https:\/\/help.unhcr.org\/cyprus\/fr\/where-can-i-seek-help\/\">O\u00f9 pouvez-vous demander de l\u2019aide<\/a> et des informations sur les services disponibles \u00e0 travers les ONG et d\u2019autres organisations<\/li>\n<li>Vos <a href=\"https:\/\/help.unhcr.org\/cyprus\/fr\/applying-for-asylum\/your-rights-and-duties-as-an-asylum-seeker\/\">droits<\/a> et <a href=\"https:\/\/help.unhcr.org\/cyprus\/fr\/applying-for-asylum\/your-duties-as-an-asylum-seeker\/\">obligations<\/a> en tant que <strong>demandeur d\u2019asile<\/strong> \u00e0 Chypre<\/li>\n<li>Informations g\u00e9n\u00e9rales sur <a href=\"https:\/\/help.unhcr.org\/cyprus\/fr\/country-information\/\">la vie \u00e0 Chypre<\/a><\/li>\n<li>Vos <a href=\"https:\/\/help.unhcr.org\/cyprus\/fr\/refugees-rights-and-duties\/refugee-rights\/\">droits<\/a> et <a href=\"https:\/\/help.unhcr.org\/cyprus\/fr\/refugees-rights-and-duties\/refugee-duties\/\">obligations<\/a> en tant que <strong>r\u00e9fugi\u00e9<\/strong> \u00e0 Chypre, y compris l\u2019acc\u00e8s \u00e0 l\u2019\u00e9ducation et \u00e0 la sant\u00e9<\/li>\n<li><a href=\"https:\/\/help.unhcr.org\/cyprus\/fr\/integration-support\/\">Programmes de soutien<\/a> pour vous int\u00e9grer dans votre nouvelle communaut\u00e9<\/li>\n<li>Comment demander une <a href=\"https:\/\/help.unhcr.org\/cyprus\/fr\/refugees-rights-and-duties\/refugee-rights\/\">r\u00e9union de famille<\/a> et la proc\u00e9dure de r\u00e9union avec un membre de votre famille imm\u00e9diate dans un autre pays europ\u00e9en<\/li>\n<li><a href=\"https:\/\/help.unhcr.org\/cyprus\/fr\/about-unhcr-in-cyprus\/\">Le r\u00f4le et l\u2019action du HCR \u00e0 Chypre<\/a><\/li>\n<li>La proc\u00e9dure de <a href=\"https:\/\/help.unhcr.org\/cyprus\/fr\/applying-for-asylum\/the-dublin-procedure\/\">transfert \u00e0 un autre pays europ\u00e9en<\/a><\/li>\n<\/ul>\n<p>Ce site web sera mis \u00e0 jour r\u00e9guli\u00e8rement.<\/p>\n","protected":false},"excerpt":{"rendered":"<p>Le HCR, l\u2019Agence des Nations unies pour les r\u00e9fugi\u00e9s, a cr\u00e9\u00e9 ce site web pour les r\u00e9fugi\u00e9s et les demandeurs d\u2019asile \u00e0 Chypre. Sur ce site, vous trouverez des informations sur : COVID-19 \/ CORONAVIRUS Comment faire votre demande d\u2019asile \u00e0 Chypre O\u00f9 pouvez-vous demander de l\u2019aide et des informations sur les services disponibles \u00e0 [&hellip;]<\/p>\n","protected":false},"author":1,"featured_media":0,"parent":0,"menu_order":0,"comment_status":"closed","ping_status":"closed","template":"","meta":{"_acf_changed":false,"footnotes":""},"class_list":["post-595","page","type-page","status-publish","hentry"],"acf":[],"_links":{"self":[{"href":"https:\/\/help.unhcr.org\/cyprus\/wp-json\/wp\/v2\/pages\/595","targetHints":{"allow":["GET"]}}],"collection":[{"href":"https:\/\/help.unhcr.org\/cyprus\/wp-json\/wp\/v2\/pages"}],"about":[{"href":"https:\/\/help.unhcr.org\/cyprus\/wp-json\/wp\/v2\/types\/page"}],"author":[{"embeddable":true,"href":"https:\/\/help.unhcr.org\/cyprus\/wp-json\/wp\/v2\/users\/1"}],"replies":[{"embeddable":true,"href":"https:\/\/help.unhcr.org\/cyprus\/wp-json\/wp\/v2\/comments?post=595"}],"version-history":[{"count":18,"href":"https:\/\/help.unhcr.org\/cyprus\/wp-json\/wp\/v2\/pages\/595\/revisions"}],"predecessor-version":[{"id":1347,"href":"https:\/\/help.unhcr.org\/cyprus\/wp-json\/wp\/v2\/pages\/595\/revisions\/1347"}],"wp:attachment":[{"href":"https:\/\/help.unhcr.org\/cyprus\/wp-json\/wp\/v2\/media?parent=595"}],"curies":[{"name":"wp","href":"https:\/\/api.w.org\/{rel}","templated":true}]}}