{"id":741,"date":"2017-08-23T12:55:52","date_gmt":"2017-08-23T12:55:52","guid":{"rendered":"http:\/\/help.unhcr.org\/cyprus\/about-unhcr-in-cyprus-2\/"},"modified":"2021-08-11T12:58:57","modified_gmt":"2021-08-11T12:58:57","slug":"about-unhcr-in-cyprus","status":"publish","type":"page","link":"https:\/\/help.unhcr.org\/cyprus\/fr\/about-unhcr-in-cyprus\/","title":{"rendered":"\u00c0 propos du HCR \u00e0 Chypre"},"content":{"rendered":"<p>Le HCR, l\u2019Agence des Nations unies pour les r\u00e9fugi\u00e9s vise \u00e0 prot\u00e9ger les droits et le bien-\u00eatre des r\u00e9fugi\u00e9s dans le monde entier. L\u2019objectif du HCR est de garantir que toutes les personnes peuvent exercer le droit de demander d\u2019asile et de trouver de refuge pour \u00e9chapper \u00e0 la guerre et les pers\u00e9cutions. Le HCR prot\u00e8ge \u00e9galement les apatrides. Dans toutes ses activit\u00e9s, le HCR accorde une attention particuli\u00e8re aux besoins des enfants et vise \u00e0 promouvoir l\u2019\u00e9galit\u00e9 des droits des femmes et des filles.<\/p>\n<p><strong>Le HCR \u00e0 Chypre<\/strong> travaille pour la protection des droits et du bien-\u00eatre des demandeurs d\u2019asile et des r\u00e9fugi\u00e9s par des conseils juridiques, la formation et d\u2019autres mesures de soutien aux autorit\u00e9s. Le HCR \u00e0 Chypre collabore \u00e9galement avec des ONG afin d\u2019offrir un soutien aux r\u00e9fugi\u00e9s et aux demandeurs d\u2019asile pour r\u00e9pondre \u00e0 leurs besoins, et il dirige des activit\u00e9s \u00e9ducatives et d\u2019information du public sur les questions li\u00e9es aux r\u00e9fugi\u00e9s.<\/p>\n<p>L\u2019occupation principale du HCR \u00e0 Chypre est d\u2019aider le gouvernement \u00e0 pr\u00e9ciser et am\u00e9liorer sa l\u00e9gislation relative \u00e0 l\u2019asile et les proc\u00e9dures et les capacit\u00e9s pour avoir un syst\u00e8me de protection des r\u00e9fugi\u00e9s tout \u00e0 fait conforme aux normes internationales. Cela n\u00e9cessiterait le traitement des lacunes et des faiblesses dans la l\u00e9gislation nationale et la pratique relatives \u00e0 l\u2019asile; l\u2019incorporation des garanties de protection aux politiques de gestion des migrations; la poursuite des reformes des proc\u00e9dures de d\u00e9termination du statut de r\u00e9fugi\u00e9 afin de les rendre justes et efficaces; et la mise en place des programmes afin d\u2019aider les r\u00e9fugi\u00e9s \u00e0 trouver une solution durable par int\u00e9gration locale. Pour parvenir \u00e0 ces fins, le HCR entreprend certaines activit\u00e9s:<\/p>\n<ul>\n<li>La surveillance et la promotion du respect pour les droits des r\u00e9fugi\u00e9s et les normes de traitement pour les demandeurs d\u2019asile, notamment en mati\u00e8re d\u2019acc\u00e8s aux proc\u00e9dures d\u2019asile, de conditions d\u2019accueil et la d\u00e9tention.<\/li>\n<li>L\u2019influence sur la l\u00e9gislation concernant les r\u00e9fugi\u00e9s et les demandeurs d\u2019asile en fournissant des conseils et des commentaires sur les projets de lois relatifs afin d\u2019assurer la conformit\u00e9 aux normes internationales et europ\u00e9ennes.<\/li>\n<li>La fourniture d\u2019assistance technique, de conseils juridiques et d\u2019autres types de soutien afin d\u2019aider les autorit\u00e9s \u00e0 renforcer leurs proc\u00e9dures de d\u00e9termination du statut de r\u00e9fugi\u00e9 et \u00e0 assurer l\u2019adoption de d\u00e9cisions de qualit\u00e9.<\/li>\n<li>La surveillance et le plaidoyer afin d\u2019assurer que les enfants non accompagn\u00e9s et s\u00e9par\u00e9s aient d\u2019acc\u00e8s efficace au syst\u00e8me national de protection de l\u2019enfance en ce qui concerne l\u2019identification rapide et avec pr\u00e9cision, l\u2019enregistrement et la documentation; la tutelle et la repr\u00e9sentation l\u00e9gale; la surveillance et les soins ad\u00e9quats; la recherche de la famille et la r\u00e9unification familiale. Au c\u0153ur de ces actions : la d\u00e9termination de l\u2019int\u00e9r\u00eat sup\u00e9rieur de l\u2019enfant.<\/li>\n<li>La formation des principales parties prenantes du gouvernement et de la soci\u00e9t\u00e9 civile en ce qui concerne les sujets de protection de base, y compris les droits des r\u00e9fugi\u00e9s, les conditions d\u2019accueil pour les demandeurs d\u2019asile, les solutions durables, la protection de l\u2019enfance, etc.<\/li>\n<li>La promotion de bonnes pratiques relatives aux politiques et aux mesures soutenant l\u2019int\u00e9gration efficace des r\u00e9fugi\u00e9s au tissu social, \u00e9conomique et culturel de la soci\u00e9t\u00e9 chypriote, y compris la d\u00e9fense des int\u00e9r\u00eats de la naturalisation, le permis de s\u00e9jour de longue dur\u00e9e et la r\u00e9unification familiale.<\/li>\n<li>La promotion de l\u2019adh\u00e9sion aux conventions des Nations Unies sur l\u2019apatridie.<\/li>\n<li>Le renforcement et l\u2019\u00e9largissement de l\u2019information publique et des activit\u00e9s de sensibilisation par le travail avec les m\u00e9dias, des activit\u00e9s scolaires, des campagnes sp\u00e9ciales, des s\u00e9minaires et la formation de groupes d\u2019appui.<\/li>\n<li>Le renforcement des partenariats avec des ONG et d\u2019autres acteurs de la soci\u00e9t\u00e9 civile associ\u00e9s \u00e0 la protection des r\u00e9fugi\u00e9s.<\/li>\n<\/ul>\n<h3><strong>Les services du HCR sont gratuits<\/strong><\/h3>\n<p>Tous les services fournis directement par le HCR ou par l\u2019interm\u00e9diaire de ses partenaires sont gratuits. Il est interdit aux demandeurs d&rsquo;asile etaux r\u00e9fugi\u00e9s de soudoyer le personnel du HCR ou de ses partenaires. Tout individu pr\u00e9tendant\u00a0 pouvoir aider les demandeurs d&rsquo;asile ou les r\u00e9fugi\u00e9s \u00e0 recevoir un service du HCR contre de l&rsquo;argent ou des faveurs doit \u00eatre\u00a0 signal\u00e9.<\/p>\n<p>Les all\u00e9gations et soup\u00e7ons de fraude peuvent \u00eatre envoy\u00e9s de mani\u00e8re confidentielle \u00e0: <a href=\"mailto:cypniantifraud@unhcr.org\"><strong>cypniantifraud@unhcr.org<\/strong><\/a><\/p>\n<p>Toute plainte relative \u00e0 des fautes professionnelles de la part du personnel\u00a0\u00a0 du HCR ou deses partenaires doit \u00eatre rapport\u00e9e \u00e0 l\u2019Inspection g\u00e9n\u00e9rale du HCR: <a href=\"http:\/\/www.unhcr.org\/making-complaint.html\" target=\"_blank\" rel=\"noopener noreferrer\"><strong>www.unhcr.org\/making-complaint.html<\/strong><\/a><\/p>\n","protected":false},"excerpt":{"rendered":"<p>Le HCR, l\u2019Agence des Nations unies pour les r\u00e9fugi\u00e9s vise \u00e0 prot\u00e9ger les droits et le bien-\u00eatre des r\u00e9fugi\u00e9s dans le monde entier. L\u2019objectif du HCR est de garantir que toutes les personnes peuvent exercer le droit de demander d\u2019asile et de trouver de refuge pour \u00e9chapper \u00e0 la guerre et les pers\u00e9cutions. Le HCR [&hellip;]<\/p>\n","protected":false},"author":1,"featured_media":0,"parent":0,"menu_order":9,"comment_status":"closed","ping_status":"closed","template":"","meta":{"_acf_changed":false,"footnotes":""},"class_list":["post-741","page","type-page","status-publish","hentry"],"acf":[],"_links":{"self":[{"href":"https:\/\/help.unhcr.org\/cyprus\/fr\/wp-json\/wp\/v2\/pages\/741","targetHints":{"allow":["GET"]}}],"collection":[{"href":"https:\/\/help.unhcr.org\/cyprus\/fr\/wp-json\/wp\/v2\/pages"}],"about":[{"href":"https:\/\/help.unhcr.org\/cyprus\/fr\/wp-json\/wp\/v2\/types\/page"}],"author":[{"embeddable":true,"href":"https:\/\/help.unhcr.org\/cyprus\/fr\/wp-json\/wp\/v2\/users\/1"}],"replies":[{"embeddable":true,"href":"https:\/\/help.unhcr.org\/cyprus\/fr\/wp-json\/wp\/v2\/comments?post=741"}],"version-history":[{"count":4,"href":"https:\/\/help.unhcr.org\/cyprus\/fr\/wp-json\/wp\/v2\/pages\/741\/revisions"}],"predecessor-version":[{"id":1728,"href":"https:\/\/help.unhcr.org\/cyprus\/fr\/wp-json\/wp\/v2\/pages\/741\/revisions\/1728"}],"wp:attachment":[{"href":"https:\/\/help.unhcr.org\/cyprus\/fr\/wp-json\/wp\/v2\/media?parent=741"}],"curies":[{"name":"wp","href":"https:\/\/api.w.org\/{rel}","templated":true}]}}