{"id":738,"date":"2017-08-23T12:54:29","date_gmt":"2017-08-23T12:54:29","guid":{"rendered":"http:\/\/help.unhcr.org\/cyprus\/unhcr-complaints-procedure-2\/"},"modified":"2019-08-22T12:25:02","modified_gmt":"2019-08-22T12:25:02","slug":"unhcr-complaints-procedure","status":"publish","type":"page","link":"https:\/\/help.unhcr.org\/cyprus\/fr\/unhcr-complaints-procedure\/","title":{"rendered":"La Proc\u00e9dure de d\u00e9p\u00f4t de plainte du HCR"},"content":{"rendered":"<p><img loading=\"lazy\" decoding=\"async\" class=\"alignnone wp-image-1201 size-full\" src=\"https:\/\/help.unhcr.org\/cyprus\/wp-content\/uploads\/sites\/12\/2019\/08\/Complaints-Procedure-Poster-FR.jpg\" alt=\"\" width=\"658\" height=\"935\" srcset=\"https:\/\/help.unhcr.org\/cyprus\/wp-content\/uploads\/sites\/12\/2019\/08\/Complaints-Procedure-Poster-FR.jpg 658w, https:\/\/help.unhcr.org\/cyprus\/wp-content\/uploads\/sites\/12\/2019\/08\/Complaints-Procedure-Poster-FR-211x300.jpg 211w\" sizes=\"auto, (max-width: 658px) 100vw, 658px\" \/><\/p>\n<p><a href=\"https:\/\/help.unhcr.org\/cyprus\/wp-content\/uploads\/sites\/12\/2019\/08\/Complaints-Procedure-Poster-FR.pdf\" target=\"_blank\" rel=\"noopener\">Tol\u00e9rance Z\u00e9ro<\/a><\/p>\n<p><strong><a href=\"https:\/\/www.unhcr.org\/fr\/bureau-linspecteur-general.html\" target=\"_blank\" rel=\"noopener\">Bureau de l\u2019Inspecteur g\u00e9n\u00e9ral<\/a><\/strong><\/p>\n","protected":false},"excerpt":{"rendered":"<p>Tol\u00e9rance Z\u00e9ro Bureau de l\u2019Inspecteur g\u00e9n\u00e9ral<\/p>\n","protected":false},"author":1,"featured_media":0,"parent":0,"menu_order":7,"comment_status":"closed","ping_status":"closed","template":"","meta":{"_acf_changed":false,"footnotes":""},"class_list":["post-738","page","type-page","status-publish","hentry"],"acf":[],"_links":{"self":[{"href":"https:\/\/help.unhcr.org\/cyprus\/fr\/wp-json\/wp\/v2\/pages\/738","targetHints":{"allow":["GET"]}}],"collection":[{"href":"https:\/\/help.unhcr.org\/cyprus\/fr\/wp-json\/wp\/v2\/pages"}],"about":[{"href":"https:\/\/help.unhcr.org\/cyprus\/fr\/wp-json\/wp\/v2\/types\/page"}],"author":[{"embeddable":true,"href":"https:\/\/help.unhcr.org\/cyprus\/fr\/wp-json\/wp\/v2\/users\/1"}],"replies":[{"embeddable":true,"href":"https:\/\/help.unhcr.org\/cyprus\/fr\/wp-json\/wp\/v2\/comments?post=738"}],"version-history":[{"count":9,"href":"https:\/\/help.unhcr.org\/cyprus\/fr\/wp-json\/wp\/v2\/pages\/738\/revisions"}],"predecessor-version":[{"id":1207,"href":"https:\/\/help.unhcr.org\/cyprus\/fr\/wp-json\/wp\/v2\/pages\/738\/revisions\/1207"}],"wp:attachment":[{"href":"https:\/\/help.unhcr.org\/cyprus\/fr\/wp-json\/wp\/v2\/media?parent=738"}],"curies":[{"name":"wp","href":"https:\/\/api.w.org\/{rel}","templated":true}]}}