{"id":732,"date":"2017-05-31T10:05:33","date_gmt":"2017-05-31T10:05:33","guid":{"rendered":"http:\/\/help.unhcr.org\/cyprus\/integration-support\/anti-discrimination\/"},"modified":"2020-03-25T16:06:29","modified_gmt":"2020-03-25T16:06:29","slug":"anti-discrimination","status":"publish","type":"page","link":"https:\/\/help.unhcr.org\/cyprus\/fr\/integration-support\/anti-discrimination\/","title":{"rendered":"Antidiscrimination"},"content":{"rendered":"<p>La R\u00e9publique de Chypre a adopt\u00e9 une l\u00e9gislation d\u2019antidiscrimination depuis 2004 et a \u00e9tabli le Commissariat \u00e0 l\u2019administration et aux droits de l\u2019homme (M\u00e9diateur) dont les responsabilit\u00e9s comprennent l\u2019examen des all\u00e9gations de discrimination.<\/p>\n<p>De m\u00eame, le Minist\u00e8re de l\u2019\u00e9ducation a introduit une politique contre le racisme qui est actuellement mis en \u0153uvre dans toutes les \u00e9coles publiques de Chypre.<\/p>\n<h2>Commissariat \u00e0 l\u2019administration et aux droits de l\u2019homme (M\u00e9diateur)<\/h2>\n<h3>Quand contacter le M\u00e9diateur<\/h3>\n<p>Vous pouvez contacter le Commissariat \u00e0 l\u2019administration et aux droits de l\u2019homme (<strong>M\u00e9diateur<\/strong>), si vous croyez :<\/p>\n<ul>\n<li>Qu\u2019un organisme public ou un fonctionnaire public a trait\u00e9 votre affaire de mani\u00e8re injuste ou contrairement aux lois ou aux principes du droit administratif ou il a ind\u00fbment retard\u00e9 la r\u00e9ponse \u00e0 votre demande.<\/li>\n<li>Qu\u2019une entit\u00e9 publique ou priv\u00e9e vous a maltrait\u00e9 en raison de votre sexe, race, ethnicit\u00e9, la communaut\u00e9 o\u00f9 vous appartenez, votre langue, couleur, \u00e2ge, handicap, orientation sexuelle, religion, id\u00e9ologie politique ou autre.<\/li>\n<li>Que certains de vos droits sont viol\u00e9s (par exemple l\u2019acc\u00e8s \u00e0 l\u2019emploi, \u00e0 l\u2019\u00e9ducation, \u00e0 la sant\u00e9) en raison d\u2019un handicap.<\/li>\n<\/ul>\n<p>Dans tous les cas susmentionn\u00e9s, vous pouvez d\u00e9poser une plainte au M\u00e9diateur par \u00e9crit, soit pour une affaire personnelle soit pour le compte d\u2019une autre personne, \u00e0 condition que vous avez son consentement.<\/p>\n<p>Vous pouvez aussi contacter le M\u00e9diateur, soit par \u00e9crit ou personnellement, si vous d\u00e9sirez l\u2019informer de toute question pr\u00e9sentant un int\u00e9r\u00eat pour le Bureau du M\u00e9diateur ou de toute autre question d\u2019int\u00e9r\u00eat g\u00e9n\u00e9ral. Si, par exemple, vous croyez ou vous soup\u00e7onnez que des droits de l&rsquo;homme sont viol\u00e9s, ou qu\u2019il y a de la torture, ou que les droits des personnes sont affect\u00e9s en raison de leurs caract\u00e9ristiques sociaux, comme leur genre, langue, ethnicit\u00e9, religion ou sexualit\u00e9. Le Commissaire d\u00e9cidera si toute action ou intervention de sa part est requise, en fonction de l\u2019objet et la s\u00e9v\u00e9rit\u00e9 de votre rapport.<\/p>\n<p>Toute personne peut d\u00e9poser une plainte au Commissaire, ind\u00e9pendamment de son statut de r\u00e9sidence \u00e0 Chypre, et peu importe si cette personne se trouve \u00e0 Chypre \u00e0 l\u2019heure de la plainte.<\/p>\n<h3>Comment d\u00e9poser une plainte au M\u00e9diateur<\/h3>\n<p>Une plainte peut \u00eatre d\u00e9pos\u00e9e en utilisant une des fa\u00e7ons suivantes :<\/p>\n<ul>\n<li>En utilisant le formulaire sur le <a href=\"http:\/\/www.ombudsman.gov.cy\/ombudsman\/ombudsman.nsf\/page42form_en\/page42form_en?OpenForm\" target=\"_blank\" rel=\"noopener noreferrer\">site Web<\/a><\/li>\n<li>Par e-mail \u00e0 l\u2019adresse : <a href=\"mailto:ombudsman@ombudsman.gov.cy\" target=\"_blank\" rel=\"noopener noreferrer\">ombudsman@ombudsman.gov.cy<\/a><\/li>\n<li>Par lettre ou un formulaire de plainte rempli, d\u00e9livr\u00e9 personnellement \u00e0 l\u2019accueil du Bureau situ\u00e9 \u00e0 l\u2019adresse 2 rue Diagorou, rez-de-chauss\u00e9e, 1097 Nicosie<\/li>\n<li>Par fax : +357 22 672881<\/li>\n<li>Par lettre envoy\u00e9e par la poste \u00e0 l\u2019adresse suivante :<br \/>\nOffice of the Commissioner for Administration and Human Rights, 1470 Nicosia<\/li>\n<\/ul>\n<p>Le d\u00e9p\u00f4t et l\u2019examen de la plainte sont <strong>gratuits.<\/strong><\/p>\n<p>Si vous n\u2019\u00eates par s\u00fbr si votre plainte peut \u00eatre examin\u00e9e par le Bureau du M\u00e9diateur, veuillez appeler le num\u00e9ro 22 405500 pour parler directement avec un fonctionnaire pour des clarifications et des orientations.<\/p>\n<p><strong>\u00a0<\/strong><strong>Note:<\/strong> La sanction ou le traitement de mani\u00e8re d\u00e9favorable d\u2019une personne qui a d\u00e9pos\u00e9 une plainte au M\u00e9diateur n\u2019est pas autoris\u00e9 et il est susceptible de poursuites p\u00e9nales.<\/p>\n<p>Cliquez <a href=\"http:\/\/www.ombudsman.gov.cy\/ombudsman\/ombudsman.nsf\/faq_en\/faq_en?OpenDocument#5\" target=\"_blank\" rel=\"noopener noreferrer\">ici<\/a> pour en savoir plus.<\/p>\n<h2>La politique de lutte contre la discrimination et le m\u00e9canisme de notification \u00e0 l\u2019\u00e9cole<\/h2>\n<p>Le Minist\u00e8re de l\u2019\u00e9ducation de Chypre a adopt\u00e9 une politique de tol\u00e9rance z\u00e9ro en mati\u00e8re de lutte contre la discrimination aux \u00e9coles publiques. Il existe \u00e9galement une politique contre le racisme mise en place dans toutes les \u00e9coles publiques de l\u2019\u00eele. Il y a un m\u00e9canisme officiel de notification dans le syst\u00e8me scolaire afin de noter et d\u2019intervenir aux incidents de discrimination qui se d\u00e9roulent au milieu scolaire.<\/p>\n<p>En outre, dans son effort de lutter contre le racisme aux \u00e9coles, en 2015 le Minist\u00e8re de l\u2019\u00e9ducation et de la culture a adopt\u00e9 un <strong><a href=\"http:\/\/naos.risbo.org\/wp-content\/uploads\/2017\/04\/Cyprus-antiracism-code.pdf\" target=\"_blank\" rel=\"noopener noreferrer\">Code de conduite contre le racisme<\/a><\/strong> ainsi qu\u2019un Manuel de gestion et d\u2019enregistrement des incidents racistes.<\/p>\n<p>Si un incident de discrimination, y compris du racisme, se passe contre votre enfant \u00e0 l\u2019\u00e9cole, vous pouvez le signaler directement au directeur de l\u2019\u00e9cole et attendre des mesures d\u2019\u00eatre prises \u00e0 cette fin.<\/p>\n<p>Vous pouvez aussi contacter:<\/p>\n<ul>\n<li><a href=\"http:\/\/www.ombudsman.gov.cy\/\" target=\"_blank\" rel=\"noopener noreferrer\">Le Commissariat \u00e0 l\u2019administration et aux droits de l\u2019homme (M\u00e9diateur)<\/a><\/li>\n<li><a href=\"https:\/\/www.cyprusevents.net\/venues\/office-commissioner-childrens-rights\/\" target=\"_blank\" rel=\"noopener noreferrer\">Le Commissaire aux droits de l\u2019enfant<\/a><\/li>\n<\/ul>\n<h2>Bureau de lutte contre la discrimination de la police<\/h2>\n<p>Si vous avez \u00e9t\u00e9 victime de racisme, de discrimination ou de x\u00e9nophobie, vous \u00eates avis\u00e9 de signaler ce fait au <strong><a href=\"http:\/\/www.police.gov.cy\/police\/police.nsf\/All\/69B49846E30E7A78C2257A6900250E65?OpenDocument\" target=\"_blank\" rel=\"noopener noreferrer\">Bureau de lutte contre la discrimination de la Police de Chypre<\/a><\/strong><\/p>\n<p><strong>T\u00e9l\u00e9phone:<\/strong> 22 808442 \/ <strong>Fax:<\/strong> 22 808277<\/p>\n<p>Les t\u00e2ches et les responsabilit\u00e9s principales du Bureau sont, entre autres:<\/p>\n<ol>\n<li>La surveillance du traitement des plaintes ou des rapports relatives aux cas et ou aux incidents de discrimination, de racisme ou de x\u00e9nophobie et la collaboration avec les enqu\u00eateurs de la police pour le meilleur traitement de tels incidents et pour l\u2019application plus efficace de la l\u00e9gislation relative.<\/li>\n<li>La collaboration avec d\u2019autres agences pertinentes (gouvernementales ou ONG).<\/li>\n<li>Le maintien d\u2019un registre d\u2019infractions \/ incidents qui sont de nature raciste ou qui ont un motive raciste.<\/li>\n<\/ol>\n<h2>La d\u00e9cision-cadre europ\u00e9enne sur le racisme et la x\u00e9nophobie<\/h2>\n<p>Le 28 novembre 2008, le Conseil a adopt\u00e9 une d\u00e9cision-cadre sur la <strong>lutte contre certaines formes et manifestations de racisme et de x\u00e9nophobie<\/strong> au moyen du droit p\u00e9nal. En raison de la triste <strong>ascension du racisme et de la x\u00e9nophobie partout dans l\u2019Union europ\u00e9enne<\/strong>, cet instrument rev\u00eat une grande importance. La Commission europ\u00e9enne est engag\u00e9e \u00e0 <strong>contr\u00f4ler \u00e9troitement sa mise en \u0153uvre<\/strong> au niveau national.<\/p>\n<p>En tant qu\u2019\u00c9tat membre de l\u2019Union europ\u00e9enne, la d\u00e9cision-cadre sur le racisme et la x\u00e9nophobie est \u00e9galement contraignante pour la R\u00e9publique de Chypre. Pour en savoir plus sur la d\u00e9cision-cadre europ\u00e9enne sur le racisme et la x\u00e9nophobie, <strong><a href=\"http:\/\/ec.europa.eu\/justice\/fundamental-rights\/racism-xenophobia\/framework-decision\/index_en.htm\" target=\"_blank\" rel=\"noopener noreferrer\">cliquez ici<\/a><\/strong>.<\/p>\n","protected":false},"excerpt":{"rendered":"<p>La R\u00e9publique de Chypre a adopt\u00e9 une l\u00e9gislation d\u2019antidiscrimination depuis 2004 et a \u00e9tabli le Commissariat \u00e0 l\u2019administration et aux droits de l\u2019homme (M\u00e9diateur) dont les responsabilit\u00e9s comprennent l\u2019examen des all\u00e9gations de discrimination. De m\u00eame, le Minist\u00e8re de l\u2019\u00e9ducation a introduit une politique contre le racisme qui est actuellement mis en \u0153uvre dans toutes les [&hellip;]<\/p>\n","protected":false},"author":1,"featured_media":0,"parent":717,"menu_order":4,"comment_status":"closed","ping_status":"closed","template":"","meta":{"_acf_changed":false,"footnotes":""},"class_list":["post-732","page","type-page","status-publish","hentry"],"acf":[],"_links":{"self":[{"href":"https:\/\/help.unhcr.org\/cyprus\/fr\/wp-json\/wp\/v2\/pages\/732","targetHints":{"allow":["GET"]}}],"collection":[{"href":"https:\/\/help.unhcr.org\/cyprus\/fr\/wp-json\/wp\/v2\/pages"}],"about":[{"href":"https:\/\/help.unhcr.org\/cyprus\/fr\/wp-json\/wp\/v2\/types\/page"}],"author":[{"embeddable":true,"href":"https:\/\/help.unhcr.org\/cyprus\/fr\/wp-json\/wp\/v2\/users\/1"}],"replies":[{"embeddable":true,"href":"https:\/\/help.unhcr.org\/cyprus\/fr\/wp-json\/wp\/v2\/comments?post=732"}],"version-history":[{"count":5,"href":"https:\/\/help.unhcr.org\/cyprus\/fr\/wp-json\/wp\/v2\/pages\/732\/revisions"}],"predecessor-version":[{"id":1292,"href":"https:\/\/help.unhcr.org\/cyprus\/fr\/wp-json\/wp\/v2\/pages\/732\/revisions\/1292"}],"up":[{"embeddable":true,"href":"https:\/\/help.unhcr.org\/cyprus\/fr\/wp-json\/wp\/v2\/pages\/717"}],"wp:attachment":[{"href":"https:\/\/help.unhcr.org\/cyprus\/fr\/wp-json\/wp\/v2\/media?parent=732"}],"curies":[{"name":"wp","href":"https:\/\/api.w.org\/{rel}","templated":true}]}}