{"id":729,"date":"2017-05-31T10:04:52","date_gmt":"2017-05-31T10:04:52","guid":{"rendered":"http:\/\/help.unhcr.org\/cyprus\/integration-support\/orientation-programmes\/"},"modified":"2019-04-12T13:24:42","modified_gmt":"2019-04-12T13:24:42","slug":"orientation-programmes","status":"publish","type":"page","link":"https:\/\/help.unhcr.org\/cyprus\/fr\/integration-support\/orientation-programmes\/","title":{"rendered":"Programmes d\u2019orientation"},"content":{"rendered":"<p>Il n\u2019y a pas de programmes d\u2019orientation officiels ou obligatoires pour les r\u00e9fugi\u00e9s et les demandeurs d\u2019asile lors de leur arriv\u00e9e \u00e0 Chypre. En revanche, il y a plusieurs programmes organis\u00e9s par des municipalit\u00e9s et d\u2019autres organisations afin de soutenir l\u2019int\u00e9gration des r\u00e9fugi\u00e9s et des demandeurs d\u2019asile : certains d\u2019eux b\u00e9n\u00e9ficient du soutien financier par le Fonds Asile, Migration et Int\u00e9gration (FAMI) de la R\u00e9publique de Chypre et l\u2019Union europ\u00e9enne. Quelques projets et programmes sont disponibles dans la r\u00e9gion de Nicosie et d\u2019autres sont disponibles dans d\u2019autres villes de l\u2019\u00eele. Pour en savoir plus, voir ci-dessous:<\/p>\n<p>&nbsp;<\/p>\n","protected":false},"excerpt":{"rendered":"<p>Il n\u2019y a pas de programmes d\u2019orientation officiels ou obligatoires pour les r\u00e9fugi\u00e9s et les demandeurs d\u2019asile lors de leur arriv\u00e9e \u00e0 Chypre. En revanche, il y a plusieurs programmes organis\u00e9s par des municipalit\u00e9s et d\u2019autres organisations afin de soutenir l\u2019int\u00e9gration des r\u00e9fugi\u00e9s et des demandeurs d\u2019asile : certains d\u2019eux b\u00e9n\u00e9ficient du soutien financier par [&hellip;]<\/p>\n","protected":false},"author":1,"featured_media":0,"parent":717,"menu_order":3,"comment_status":"closed","ping_status":"closed","template":"page-templates\/sectioned.php","meta":{"_acf_changed":false,"footnotes":""},"class_list":["post-729","page","type-page","status-publish","hentry"],"acf":[],"_links":{"self":[{"href":"https:\/\/help.unhcr.org\/cyprus\/fr\/wp-json\/wp\/v2\/pages\/729","targetHints":{"allow":["GET"]}}],"collection":[{"href":"https:\/\/help.unhcr.org\/cyprus\/fr\/wp-json\/wp\/v2\/pages"}],"about":[{"href":"https:\/\/help.unhcr.org\/cyprus\/fr\/wp-json\/wp\/v2\/types\/page"}],"author":[{"embeddable":true,"href":"https:\/\/help.unhcr.org\/cyprus\/fr\/wp-json\/wp\/v2\/users\/1"}],"replies":[{"embeddable":true,"href":"https:\/\/help.unhcr.org\/cyprus\/fr\/wp-json\/wp\/v2\/comments?post=729"}],"version-history":[{"count":3,"href":"https:\/\/help.unhcr.org\/cyprus\/fr\/wp-json\/wp\/v2\/pages\/729\/revisions"}],"predecessor-version":[{"id":794,"href":"https:\/\/help.unhcr.org\/cyprus\/fr\/wp-json\/wp\/v2\/pages\/729\/revisions\/794"}],"up":[{"embeddable":true,"href":"https:\/\/help.unhcr.org\/cyprus\/fr\/wp-json\/wp\/v2\/pages\/717"}],"wp:attachment":[{"href":"https:\/\/help.unhcr.org\/cyprus\/fr\/wp-json\/wp\/v2\/media?parent=729"}],"curies":[{"name":"wp","href":"https:\/\/api.w.org\/{rel}","templated":true}]}}