{"id":726,"date":"2017-08-22T12:41:11","date_gmt":"2017-08-22T12:41:11","guid":{"rendered":"http:\/\/help.unhcr.org\/cyprus\/integration-support\/higher-education\/"},"modified":"2020-06-09T10:51:41","modified_gmt":"2020-06-09T10:51:41","slug":"higher-education","status":"publish","type":"page","link":"https:\/\/help.unhcr.org\/cyprus\/fr\/integration-support\/higher-education\/","title":{"rendered":"Enseignement sup\u00e9rieur"},"content":{"rendered":"<p>Il existe certains universit\u00e9s publiques et priv\u00e9es dans l\u2019\u00eele qui offrent de programmes d\u2019\u00e9tudes de premier et de deuxi\u00e8me cycle dans une grande vari\u00e9t\u00e9 des sujets. En fonction de l\u2019institution et du programme d\u2019\u00e9tudes requis, il y a des diff\u00e9rents proc\u00e9dures de demande et d\u2019exigences d\u2019admission. Les langues d\u2019enseignement peuvent varier, mais normalement les cours sont enseign\u00e9s en grec et\/ou en anglais. Les universit\u00e9s principales dans la R\u00e9publique de Chypre sont:<\/p>\n<p><strong>Universit\u00e9s publiques:<\/strong><\/p>\n<ul>\n<li><a href=\"http:\/\/www.ucy.ac.cy\" target=\"_blank\" rel=\"noopener noreferrer\">The University of Cyprus (Universit\u00e9 de Chypre)<\/a><\/li>\n<li><a href=\"http:\/\/www.ouc.ac.cy\" target=\"_blank\" rel=\"noopener noreferrer\">Open University of Cyprus<\/a><\/li>\n<li><a href=\"http:\/\/www.cut.ac.cy\" target=\"_blank\" rel=\"noopener noreferrer\">Cyprus University of Technology<\/a><\/li>\n<\/ul>\n<p><strong>Universit\u00e9s priv\u00e9es:<\/strong><\/p>\n<ul>\n<li><a href=\"http:\/\/www.frederick.ac.cy\" target=\"_blank\" rel=\"noopener noreferrer\">Frederick University<\/a><\/li>\n<li><a href=\"http:\/\/www.euc.ac.cy\" target=\"_blank\" rel=\"noopener noreferrer\">European University Cyprus<\/a><\/li>\n<li><a href=\"http:\/\/www.unic.ac.cy\" target=\"_blank\" rel=\"noopener noreferrer\">University of Nicosia<\/a><\/li>\n<li><a href=\"http:\/\/www.nup.ac.cy\" target=\"_blank\" rel=\"noopener noreferrer\">Neapolis University \u2013 Pafos<\/a><\/li>\n<li><a href=\"http:\/\/www.uclancyprus.ac.cy\" target=\"_blank\" rel=\"noopener noreferrer\">University of Central Lancashire \u2013 Cyprus<\/a><\/li>\n<\/ul>\n<p>Pour trouver un guide complet de l\u2019enseignement sup\u00e9rieur \u00e0 Chypre,<strong><a href=\"http:\/\/www.highereducation.ac.cy\/en\/index.html\" target=\"_blank\" rel=\"noopener noreferrer\"> cliquez ici<\/a><\/strong>. Ce site Web contient des informations d\u00e9taill\u00e9es sur les programmes agr\u00e9\u00e9s d\u2019\u00e9tudes, les universit\u00e9s et les exigences d\u2019admission, les exigences internationales d\u2019\u00e9tudiants, et l\u2019enseignement sup\u00e9rieur pour des cours sup\u00e9rieurs non universitaires pour autres professions et qualifications. Il contient \u00e9galement des informations sur la reconnaissance des grades et des dipl\u00f4mes conf\u00e9r\u00e9s dans d\u2019autres pays, qui est faite au niveau national par le Conseil national de reconnaissance des dipl\u00f4mes d\u2019enseignement sup\u00e9rieur (KYSATS).<\/p>\n<h2>Reconnaissance des grades et des dipl\u00f4mes conf\u00e9r\u00e9s dans d\u2019autres pays<\/h2>\n<p>La reconnaissance des grades et des dipl\u00f4mes conf\u00e9r\u00e9s dans d\u2019autres pays est faite au niveau national par le Conseil national de reconnaissance des dipl\u00f4mes d\u2019enseignement sup\u00e9rieur (KYSATS). <strong><a href=\"http:\/\/kysats.ac.cy\/index.php\/en\/genikes-plirofories\/anagnorisi-titlon-spoudon\" target=\"_blank\" rel=\"noopener noreferrer\">Cliquez ici<\/a><\/strong> pour les principes et les types de reconnaissance conf\u00e9r\u00e9s par KYSATS.<\/p>\n<p>Voir ci-dessous pour quelques orientations g\u00e9n\u00e9rales relatives aux proc\u00e9dures pour la demande de reconnaissance des grades ou des dipl\u00f4mes conf\u00e9r\u00e9s dans un autre pays.<\/p>\n<p>La demande doit \u00eatre accompagn\u00e9e des documents suivants :<\/p>\n<p>-Une copie certifi\u00e9e du Dipl\u00f4me de fin d\u2019\u00e9tudes secondaires (<em>Baccalaur\u00e9at ou \u00e9quivalent<\/em>).<br \/>\n-Une copie certifi\u00e9e du Titre\/des Titres de l\u2019\u00e9tude.<br \/>\n-Un suppl\u00e9ment au dipl\u00f4me, ou lorsque cela n\u2019est pas possible, un relev\u00e9 officiel de la totalit\u00e9 des \u00e9tudes relatives \u00e0 la demande.<br \/>\n-De la traduction officielle en grec ou en anglais si les documents fournis sont \u00e9crits dans toute autre langue.<br \/>\n-Le re\u00e7u de paiement pour l\u2019examen de la demande.<br \/>\n-La pr\u00e9sentation de la description d\u00e9taill\u00e9e des cours est conseill\u00e9e.<\/p>\n<p><strong>Note:<\/strong><\/p>\n<p>-Une demande distincte doit \u00eatre faite pour chaque titre (ou grade) dont la reconnaissance est requise.<br \/>\n-Les frais d\u2019\u00e9valuation de chaque demande de reconnaissance sont 85,43\u20ac.<br \/>\n-Les frais de d\u00e9livrance du document de reconnaissance pour chaque titre sont 34,17\u20ac.<\/p>\n<p><strong>Pour en savoir plus sur la proc\u00e9dure de la demande, veuillez consulter le <\/strong><strong><a href=\"http:\/\/kysats.ac.cy\/index.php\/en\/diadikasia-aitisis\/diadikasia-aitisis-genikes-plirofories\" target=\"_blank\" rel=\"noopener noreferrer\">site Web de KYSATS<\/a><\/strong><strong>.<\/strong><\/p>\n<p><strong><a href=\"https:\/\/help.unhcr.org\/cyprus\/wp-content\/uploads\/sites\/12\/2017\/08\/KY.S.A.T.S.-application_recognition_eng.pdf\" target=\"_blank\" rel=\"noopener noreferrer\">Cliquez ici<\/a> pour t\u00e9l\u00e9charger le formulaire de la demande en anglais.<\/strong><\/p>\n<h2>Bourses d\u2019\u00e9tudes<\/h2>\n<p>Il y a quelques <strong>syst\u00e8mes de bourses d\u2019\u00e9tudes<\/strong> pour les r\u00e9fugi\u00e9s, principalement par les universit\u00e9s priv\u00e9es elles-m\u00eames.<\/p>\n<p>En outre, il y a certains <strong>syst\u00e8mes d\u2019aide financi\u00e8re<\/strong> aupr\u00e8s l\u2019University of Cyprus (Universit\u00e9 de Chypre) qui s\u2019adressent aux \u00e9tudiants avec des crit\u00e8res sp\u00e9ciaux : qui viennent, par exemple, de familles qui b\u00e9n\u00e9ficient d\u2019assistance sociale (RMG). Pour plus de renseignements, <strong><a href=\"https:\/\/www.ucy.ac.cy\/fmweb\/el\/tomeas-spoudon\/undergraduate-office\/21-gr-articles\/top-menu\/offices-gr\/undergraduate-office\/94-faq#EIDIKAKRITIRIA\" target=\"_blank\" rel=\"noopener noreferrer\">cliquez ici<\/a><\/strong>.<\/p>\n<p>La Fondation chypriote pour les bourses accord\u00e9es par le gouvernement &#8211; <strong><a href=\"http:\/\/www.cyscholarships.gov.cy\/\" target=\"_blank\" rel=\"noopener noreferrer\">Cyprus Foundation for State Scholarships<\/a><\/strong> (<em>\u038a\u03b4\u03c1\u03c5\u03bc\u03b1 \u039a\u03c1\u03b1\u03c4\u03b9\u03ba\u03ce\u03bd \u03a5\u03c0\u03bf\u03c4\u03c1\u03bf\u03c6\u03b9\u03ce\u03bd \u039a\u03cd\u03c0\u03c1\u03bf\u03c5<\/em>) annonce l\u2019existence des diff\u00e9rents types de bourses pour des programmes d\u2019enseignement sup\u00e9rieur \u00e0 Chypre et \u00e0 l\u2019\u00e9tranger.<\/p>\n<p>L\u2019 <strong>University of Nicosia<\/strong> a un <strong><a href=\"http:\/\/www.unhcr.org\/cy\/2017\/06\/20\/unhcr-university-nicosia-enter-partnership-agreement\/\" target=\"_blank\" rel=\"noopener noreferrer\">accord de partenariat avec le HCR<\/a><\/strong> pour aider des r\u00e9fugi\u00e9s \u00e0 Chypre et \u00e0 l\u2019\u00e9tranger. L\u2019accord couvre plusieurs domaines, y compris un <strong>programme de bourses d\u2019\u00e9tudes<\/strong> pour les r\u00e9fugi\u00e9s \u00e0 Chypre ; des possibilit\u00e9s d&rsquo;apprentissage \u00e0 longue distance pour les r\u00e9fugi\u00e9s qui en ont besoin \u00e0 l\u2019\u00e9tranger ; et un syst\u00e8me de stage au HCR pour les \u00e9tudiants dipl\u00f4m\u00e9s, ainsi que des \u00e9tudes de recherche conjointes dans les domaines des r\u00e9fugi\u00e9s et de la migration. Pour plus de renseignements, <strong><a href=\"https:\/\/www.unic.ac.cy\/unhcr-and-the-university-of-nicosia-conclude-a-partnership-agreement\/\" target=\"_blank\" rel=\"noopener noreferrer\">cliquez ici<\/a><\/strong>.<\/p>\n<p><strong>Bienvenue aux Universit\u00e9s (<em>\u039a\u03b1\u03bb\u03c9\u03c3\u03bf\u03c1\u03af\u03c3\u03b1\u03c4\u03b5 \u03c3\u03c4\u03b1 \u03a0\u03b1\u03bd\u03b5\u03c0\u03b9\u03c3\u03c4\u03ae\u03bc\u03b9\u03b1<\/em>) <\/strong>est un projet qui vise \u00e0 rendre plus facile l\u2019acc\u00e8s \u00e0 l\u2019enseignement sup\u00e9rieur aux r\u00e9fugi\u00e9s. Pour en savoir plus, <strong><a href=\"https:\/\/welcometouniversities.wordpress.com\/\" target=\"_blank\" rel=\"noopener noreferrer\">cliquez ici<\/a><\/strong>.<\/p>\n","protected":false},"excerpt":{"rendered":"<p>Il existe certains universit\u00e9s publiques et priv\u00e9es dans l\u2019\u00eele qui offrent de programmes d\u2019\u00e9tudes de premier et de deuxi\u00e8me cycle dans une grande vari\u00e9t\u00e9 des sujets. En fonction de l\u2019institution et du programme d\u2019\u00e9tudes requis, il y a des diff\u00e9rents proc\u00e9dures de demande et d\u2019exigences d\u2019admission. Les langues d\u2019enseignement peuvent varier, mais normalement les cours [&hellip;]<\/p>\n","protected":false},"author":1,"featured_media":0,"parent":717,"menu_order":2,"comment_status":"closed","ping_status":"closed","template":"","meta":{"_acf_changed":false,"footnotes":""},"class_list":["post-726","page","type-page","status-publish","hentry"],"acf":[],"_links":{"self":[{"href":"https:\/\/help.unhcr.org\/cyprus\/fr\/wp-json\/wp\/v2\/pages\/726","targetHints":{"allow":["GET"]}}],"collection":[{"href":"https:\/\/help.unhcr.org\/cyprus\/fr\/wp-json\/wp\/v2\/pages"}],"about":[{"href":"https:\/\/help.unhcr.org\/cyprus\/fr\/wp-json\/wp\/v2\/types\/page"}],"author":[{"embeddable":true,"href":"https:\/\/help.unhcr.org\/cyprus\/fr\/wp-json\/wp\/v2\/users\/1"}],"replies":[{"embeddable":true,"href":"https:\/\/help.unhcr.org\/cyprus\/fr\/wp-json\/wp\/v2\/comments?post=726"}],"version-history":[{"count":6,"href":"https:\/\/help.unhcr.org\/cyprus\/fr\/wp-json\/wp\/v2\/pages\/726\/revisions"}],"predecessor-version":[{"id":1532,"href":"https:\/\/help.unhcr.org\/cyprus\/fr\/wp-json\/wp\/v2\/pages\/726\/revisions\/1532"}],"up":[{"embeddable":true,"href":"https:\/\/help.unhcr.org\/cyprus\/fr\/wp-json\/wp\/v2\/pages\/717"}],"wp:attachment":[{"href":"https:\/\/help.unhcr.org\/cyprus\/fr\/wp-json\/wp\/v2\/media?parent=726"}],"curies":[{"name":"wp","href":"https:\/\/api.w.org\/{rel}","templated":true}]}}