{"id":715,"date":"2017-05-31T09:59:58","date_gmt":"2017-05-31T09:59:58","guid":{"rendered":"http:\/\/help.unhcr.org\/cyprus\/refugees-rights-and-duties\/refugee-duties\/"},"modified":"2024-04-05T12:56:33","modified_gmt":"2024-04-05T12:56:33","slug":"refugee-duties","status":"publish","type":"page","link":"https:\/\/help.unhcr.org\/cyprus\/fr\/refugees-rights-and-duties\/refugee-duties\/","title":{"rendered":"Les obligations des r\u00e9fugi\u00e9s"},"content":{"rendered":"<p>En plus de revendiquer vos droits en tant que r\u00e9fugi\u00e9 ou b\u00e9n\u00e9ficiaire de protection subsidiaire, vous avez \u00e9galement plusieurs obligations \u00e0 respecter conform\u00e9ment aux lois de la R\u00e9publique de Chypre :<\/p>\n<ul>\n<li>Un r\u00e9fugi\u00e9 doit respecter la Constitution, les lois et r\u00e8glements de la R\u00e9publique.<\/li>\n<li>Un r\u00e9fugi\u00e9 ne peut pas entreprendre des activit\u00e9s qui peuvent compromettre la s\u00e9curit\u00e9 de la R\u00e9publique ou troubler l&rsquo;ordre public ou porter atteinte \u00e0 l&rsquo;int\u00e9r\u00eat public.<\/li>\n<li>Un r\u00e9fugi\u00e9 ne doit pas participer \u00e0 des activit\u00e9s qui sont contraires aux principes des Nations Unies et du droit international.<\/li>\n<\/ul>\n","protected":false},"excerpt":{"rendered":"<p>En plus de revendiquer vos droits en tant que r\u00e9fugi\u00e9 ou b\u00e9n\u00e9ficiaire de protection subsidiaire, vous avez \u00e9galement plusieurs obligations \u00e0 respecter conform\u00e9ment aux lois de la R\u00e9publique de Chypre : Un r\u00e9fugi\u00e9 doit respecter la Constitution, les lois et r\u00e8glements de la R\u00e9publique. Un r\u00e9fugi\u00e9 ne peut pas entreprendre des activit\u00e9s qui peuvent compromettre [&hellip;]<\/p>\n","protected":false},"author":1,"featured_media":0,"parent":709,"menu_order":1,"comment_status":"closed","ping_status":"closed","template":"page-templates\/sectioned.php","meta":{"_acf_changed":false,"footnotes":""},"class_list":["post-715","page","type-page","status-publish","hentry"],"acf":[],"_links":{"self":[{"href":"https:\/\/help.unhcr.org\/cyprus\/fr\/wp-json\/wp\/v2\/pages\/715","targetHints":{"allow":["GET"]}}],"collection":[{"href":"https:\/\/help.unhcr.org\/cyprus\/fr\/wp-json\/wp\/v2\/pages"}],"about":[{"href":"https:\/\/help.unhcr.org\/cyprus\/fr\/wp-json\/wp\/v2\/types\/page"}],"author":[{"embeddable":true,"href":"https:\/\/help.unhcr.org\/cyprus\/fr\/wp-json\/wp\/v2\/users\/1"}],"replies":[{"embeddable":true,"href":"https:\/\/help.unhcr.org\/cyprus\/fr\/wp-json\/wp\/v2\/comments?post=715"}],"version-history":[{"count":3,"href":"https:\/\/help.unhcr.org\/cyprus\/fr\/wp-json\/wp\/v2\/pages\/715\/revisions"}],"predecessor-version":[{"id":2093,"href":"https:\/\/help.unhcr.org\/cyprus\/fr\/wp-json\/wp\/v2\/pages\/715\/revisions\/2093"}],"up":[{"embeddable":true,"href":"https:\/\/help.unhcr.org\/cyprus\/fr\/wp-json\/wp\/v2\/pages\/709"}],"wp:attachment":[{"href":"https:\/\/help.unhcr.org\/cyprus\/fr\/wp-json\/wp\/v2\/media?parent=715"}],"curies":[{"name":"wp","href":"https:\/\/api.w.org\/{rel}","templated":true}]}}