{"id":709,"date":"2017-05-31T09:58:24","date_gmt":"2017-05-31T09:58:24","guid":{"rendered":"http:\/\/help.unhcr.org\/cyprus\/refugees-rights-and-duties-2\/"},"modified":"2019-04-12T13:20:45","modified_gmt":"2019-04-12T13:20:45","slug":"refugees-rights-and-duties","status":"publish","type":"page","link":"https:\/\/help.unhcr.org\/cyprus\/fr\/refugees-rights-and-duties\/","title":{"rendered":"Les droits et obligations des r\u00e9fugi\u00e9s"},"content":{"rendered":"<p>Si vous \u00eates accord\u00e9 le statut de r\u00e9fugi\u00e9 ou la protection subsidiaire, vous aurez certains droits et obligations pr\u00e9vus par la loi relative aux r\u00e9fugi\u00e9s de la R\u00e9publique de Chypre.<\/p>\n<p><strong>Note:<\/strong> Tous les droits et les obligations d\u00e9crits dans cette section s\u2019appliquent \u00e9galement aux b\u00e9n\u00e9ficiaires de la protection subsidiaire, \u00e0 l\u2019exception du droit aux documents de voyage et \u00e0 la r\u00e9unification familiale.<\/p>\n<p>Si vous n\u2019\u00eates pas encore accord\u00e9 le statut de r\u00e9fugi\u00e9 \u00e0 Chypre, veuillez consulter nos sections concernant <strong><a href=\"https:\/\/help.unhcr.org\/cyprus\/applying-for-asylum\/your-rights-and-duties-as-an-asylum-seeker\/?lang=fr\">vos droits en tant que demandeur d\u2019asile<\/a><\/strong> et <strong><a href=\"https:\/\/help.unhcr.org\/cyprus\/applying-for-asylum\/your-duties-as-an-asylum-seeker\/?lang=fr\">vos obligations en tant que demandeur d\u2019asile<\/a><\/strong>.<\/p>\n","protected":false},"excerpt":{"rendered":"<p>Si vous \u00eates accord\u00e9 le statut de r\u00e9fugi\u00e9 ou la protection subsidiaire, vous aurez certains droits et obligations pr\u00e9vus par la loi relative aux r\u00e9fugi\u00e9s de la R\u00e9publique de Chypre. Note: Tous les droits et les obligations d\u00e9crits dans cette section s\u2019appliquent \u00e9galement aux b\u00e9n\u00e9ficiaires de la protection subsidiaire, \u00e0 l\u2019exception du droit aux documents [&hellip;]<\/p>\n","protected":false},"author":1,"featured_media":0,"parent":0,"menu_order":4,"comment_status":"closed","ping_status":"closed","template":"page-templates\/listing_page.php","meta":{"_acf_changed":false,"footnotes":""},"class_list":["post-709","page","type-page","status-publish","hentry"],"acf":[],"_links":{"self":[{"href":"https:\/\/help.unhcr.org\/cyprus\/fr\/wp-json\/wp\/v2\/pages\/709","targetHints":{"allow":["GET"]}}],"collection":[{"href":"https:\/\/help.unhcr.org\/cyprus\/fr\/wp-json\/wp\/v2\/pages"}],"about":[{"href":"https:\/\/help.unhcr.org\/cyprus\/fr\/wp-json\/wp\/v2\/types\/page"}],"author":[{"embeddable":true,"href":"https:\/\/help.unhcr.org\/cyprus\/fr\/wp-json\/wp\/v2\/users\/1"}],"replies":[{"embeddable":true,"href":"https:\/\/help.unhcr.org\/cyprus\/fr\/wp-json\/wp\/v2\/comments?post=709"}],"version-history":[{"count":3,"href":"https:\/\/help.unhcr.org\/cyprus\/fr\/wp-json\/wp\/v2\/pages\/709\/revisions"}],"predecessor-version":[{"id":774,"href":"https:\/\/help.unhcr.org\/cyprus\/fr\/wp-json\/wp\/v2\/pages\/709\/revisions\/774"}],"wp:attachment":[{"href":"https:\/\/help.unhcr.org\/cyprus\/fr\/wp-json\/wp\/v2\/media?parent=709"}],"curies":[{"name":"wp","href":"https:\/\/api.w.org\/{rel}","templated":true}]}}