{"id":707,"date":"2017-05-31T09:55:53","date_gmt":"2017-05-31T09:55:53","guid":{"rendered":"http:\/\/help.unhcr.org\/cyprus\/applying-for-asylum\/beware-of-fraudsters\/"},"modified":"2019-04-12T13:20:18","modified_gmt":"2019-04-12T13:20:18","slug":"beware-of-fraudsters","status":"publish","type":"page","link":"https:\/\/help.unhcr.org\/cyprus\/fr\/applying-for-asylum\/beware-of-fraudsters\/","title":{"rendered":"Attention aux fraudeurs"},"content":{"rendered":"<p>Faites attention aux faux avocats et aux cabinets d\u2019avocat qui proposent d\u2019aider les demandeurs d\u2019asile \u00e0 des tarifs tr\u00e8s \u00e9lev\u00e9s. Faites aussi attention aux organisations criminelles qui offrent des opportunit\u00e9s d\u2019immigration et d\u2019emploi dans d\u2019autres pays de l\u2019Union europ\u00e9enne, ou au Canada, \u00e0 l\u2019Australie et aux USA ou ailleurs, en \u00e9change de grosses sommes d\u2019argent.<\/p>\n<ul>\n<li><strong>Ne mettez pas<\/strong> votre vie entre les mains de ces fraudeurs impitoyables.<\/li>\n<li><strong>Ne <\/strong>les croyez <strong>pas<\/strong>.<\/li>\n<li><strong>Ne soyez pas <\/strong>victimes de leurs arnaques.<\/li>\n<\/ul>\n<p><strong>Des conseils juridiques gratuits et d\u2019autres type d\u2019aide<\/strong> aux demandeurs d\u2019asile sont offerts par certaines ONG et d\u2019autres organismes caritatifs \u00e0 Chypre. Consultez notre section <strong><a href=\"https:\/\/help.unhcr.org\/cyprus\/where-can-i-seek-help\/?lang=fr\">O\u00f9 puis-je chercher de l\u2019aide?<\/a><\/strong> pour plus d\u2019informations.<\/p>\n","protected":false},"excerpt":{"rendered":"<p>Faites attention aux faux avocats et aux cabinets d\u2019avocat qui proposent d\u2019aider les demandeurs d\u2019asile \u00e0 des tarifs tr\u00e8s \u00e9lev\u00e9s. Faites aussi attention aux organisations criminelles qui offrent des opportunit\u00e9s d\u2019immigration et d\u2019emploi dans d\u2019autres pays de l\u2019Union europ\u00e9enne, ou au Canada, \u00e0 l\u2019Australie et aux USA ou ailleurs, en \u00e9change de grosses sommes d\u2019argent. [&hellip;]<\/p>\n","protected":false},"author":1,"featured_media":0,"parent":669,"menu_order":10,"comment_status":"closed","ping_status":"closed","template":"","meta":{"_acf_changed":false,"footnotes":""},"class_list":["post-707","page","type-page","status-publish","hentry"],"acf":[],"_links":{"self":[{"href":"https:\/\/help.unhcr.org\/cyprus\/fr\/wp-json\/wp\/v2\/pages\/707","targetHints":{"allow":["GET"]}}],"collection":[{"href":"https:\/\/help.unhcr.org\/cyprus\/fr\/wp-json\/wp\/v2\/pages"}],"about":[{"href":"https:\/\/help.unhcr.org\/cyprus\/fr\/wp-json\/wp\/v2\/types\/page"}],"author":[{"embeddable":true,"href":"https:\/\/help.unhcr.org\/cyprus\/fr\/wp-json\/wp\/v2\/users\/1"}],"replies":[{"embeddable":true,"href":"https:\/\/help.unhcr.org\/cyprus\/fr\/wp-json\/wp\/v2\/comments?post=707"}],"version-history":[{"count":2,"href":"https:\/\/help.unhcr.org\/cyprus\/fr\/wp-json\/wp\/v2\/pages\/707\/revisions"}],"predecessor-version":[{"id":771,"href":"https:\/\/help.unhcr.org\/cyprus\/fr\/wp-json\/wp\/v2\/pages\/707\/revisions\/771"}],"up":[{"embeddable":true,"href":"https:\/\/help.unhcr.org\/cyprus\/fr\/wp-json\/wp\/v2\/pages\/669"}],"wp:attachment":[{"href":"https:\/\/help.unhcr.org\/cyprus\/fr\/wp-json\/wp\/v2\/media?parent=707"}],"curies":[{"name":"wp","href":"https:\/\/api.w.org\/{rel}","templated":true}]}}