{"id":698,"date":"2017-08-15T09:50:11","date_gmt":"2017-08-15T09:50:11","guid":{"rendered":"http:\/\/help.unhcr.org\/cyprus\/applying-for-asylum\/your-duties-as-an-asylum-seeker\/"},"modified":"2025-06-27T09:47:47","modified_gmt":"2025-06-27T09:47:47","slug":"your-duties-as-an-asylum-seeker","status":"publish","type":"page","link":"https:\/\/help.unhcr.org\/cyprus\/fr\/applying-for-asylum\/your-duties-as-an-asylum-seeker\/","title":{"rendered":"Vos obligations en tant que demandeur d\u2019asile"},"content":{"rendered":"<p>Outre vos droits en tant que demandeur d\u2019asile, vous avez aussi certaines obligations que vous \u00eates tenu respecter pendant votre s\u00e9jour \u00e0 Chypre. Vos obligations sont les suivantes:<\/p>\n<h3>Respecter les lois de la R\u00e9publique de Chypre<\/h3>\n<p>Vous devez respecter et vous conformer aux lois et r\u00e8glements de la R\u00e9publique de Chypre. Parmi les exemples des pratiques ill\u00e9gales sont :<\/p>\n<ul>\n<li>Le travail illicite<\/li>\n<li>Le mariage des enfants<\/li>\n<li>Le mariage forc\u00e9<\/li>\n<li>La mutilation des organes g\u00e9nitaux f\u00e9minins<\/li>\n<li>La violence domestique<\/li>\n<li>La violence sexuelle<\/li>\n<li>La d\u00e9tention d\u2019armes<\/li>\n<li>La polygamie<\/li>\n<li>La falsification &#8211; <strong>Note : <\/strong>L\u2019achat et le voyage avec des documents\/du passeport falsifi\u00e9(s) constituent une infraction p\u00e9nale pour laquelle vous pourriez \u00eatre arr\u00eat\u00e9 et condamn\u00e9 \u00e0 la prison.<\/li>\n<\/ul>\n<h3>Libert\u00e9 de circulation<\/h3>\n<p>Vous ne devez pas quitter Chypre sans l\u2019autorisation pr\u00e9alable du Directeur du registre civil et du D\u00e9partement de migration. Si vous quittez Chypre sans autorisation pr\u00e9alable, vous risquez ne pas pouvoir revenir et votre dossier sera ferm\u00e9.<\/p>\n<h3>Documents falsifi\u00e9s et d\u00e9livrance de documents de voyage<\/h3>\n<p>Si vous essayez de quitter Chypre en utilisant des documents falsifi\u00e9s, vous serez arr\u00eat\u00e9 pour une infraction p\u00e9nale et condamn\u00e9 \u00e0 la prison. Si vous devez voyager d\u2019urgence pour des raisons humanitaires, vous pouvez demander d\u2019autorisation sp\u00e9ciale et on peut vous fournir un document de voyage correspondant.<\/p>\n<h3>Votre passeport<\/h3>\n<p>Vous devez remettre votre passeport au D\u00e9partement d\u2019immigration quand vous faite votre demande d\u2019asile ou au Service d\u2019asile lors de votre entretien, et on vous donnera un document de r\u00e9ception ainsi que des photocopies de votre passeport.<\/p>\n<h3>R\u00e9pondre \u00e0 temps aux lettres officielles<\/h3>\n<p>Vous devez r\u00e9pondre \u00e0 temps aux lettres adress\u00e9es \u00e0 vous par le Service d\u2019asile. Le cas \u00e9ch\u00e9ant, votre dossier sera ferm\u00e9 ou votre demande sera rejet\u00e9e.<\/p>\n","protected":false},"excerpt":{"rendered":"<p>Outre vos droits en tant que demandeur d\u2019asile, vous avez aussi certaines obligations que vous \u00eates tenu respecter pendant votre s\u00e9jour \u00e0 Chypre. Vos obligations sont les suivantes: Respecter les lois de la R\u00e9publique de Chypre Vous devez respecter et vous conformer aux lois et r\u00e8glements de la R\u00e9publique de Chypre. Parmi les exemples des [&hellip;]<\/p>\n","protected":false},"author":1,"featured_media":0,"parent":669,"menu_order":7,"comment_status":"closed","ping_status":"closed","template":"","meta":{"_acf_changed":false,"footnotes":""},"class_list":["post-698","page","type-page","status-publish","hentry"],"acf":[],"_links":{"self":[{"href":"https:\/\/help.unhcr.org\/cyprus\/fr\/wp-json\/wp\/v2\/pages\/698","targetHints":{"allow":["GET"]}}],"collection":[{"href":"https:\/\/help.unhcr.org\/cyprus\/fr\/wp-json\/wp\/v2\/pages"}],"about":[{"href":"https:\/\/help.unhcr.org\/cyprus\/fr\/wp-json\/wp\/v2\/types\/page"}],"author":[{"embeddable":true,"href":"https:\/\/help.unhcr.org\/cyprus\/fr\/wp-json\/wp\/v2\/users\/1"}],"replies":[{"embeddable":true,"href":"https:\/\/help.unhcr.org\/cyprus\/fr\/wp-json\/wp\/v2\/comments?post=698"}],"version-history":[{"count":2,"href":"https:\/\/help.unhcr.org\/cyprus\/fr\/wp-json\/wp\/v2\/pages\/698\/revisions"}],"predecessor-version":[{"id":2416,"href":"https:\/\/help.unhcr.org\/cyprus\/fr\/wp-json\/wp\/v2\/pages\/698\/revisions\/2416"}],"up":[{"embeddable":true,"href":"https:\/\/help.unhcr.org\/cyprus\/fr\/wp-json\/wp\/v2\/pages\/669"}],"wp:attachment":[{"href":"https:\/\/help.unhcr.org\/cyprus\/fr\/wp-json\/wp\/v2\/media?parent=698"}],"curies":[{"name":"wp","href":"https:\/\/api.w.org\/{rel}","templated":true}]}}