{"id":695,"date":"2017-05-31T09:54:37","date_gmt":"2017-05-31T09:54:37","guid":{"rendered":"http:\/\/help.unhcr.org\/cyprus\/applying-for-asylum\/your-rights-and-duties-as-an-asylum-seeker\/"},"modified":"2025-06-27T09:47:00","modified_gmt":"2025-06-27T09:47:00","slug":"your-rights-and-duties-as-an-asylum-seeker","status":"publish","type":"page","link":"https:\/\/help.unhcr.org\/cyprus\/fr\/applying-for-asylum\/your-rights-and-duties-as-an-asylum-seeker\/","title":{"rendered":"Vos droits en tant que demandeur d\u2019asile"},"content":{"rendered":"<p>Pendant l\u2019examen de votre demande d\u2019asile, vous avez le statut juridique du demandeur d\u2019asile et vous b\u00e9n\u00e9ficiez de certains droits et obligations conform\u00e9ment \u00e0 la Loi relative aux R\u00e9fugi\u00e9s de la R\u00e9publique de Chypre.<\/p>\n","protected":false},"excerpt":{"rendered":"<p>Pendant l\u2019examen de votre demande d\u2019asile, vous avez le statut juridique du demandeur d\u2019asile et vous b\u00e9n\u00e9ficiez de certains droits et obligations conform\u00e9ment \u00e0 la Loi relative aux R\u00e9fugi\u00e9s de la R\u00e9publique de Chypre.<\/p>\n","protected":false},"author":1,"featured_media":0,"parent":669,"menu_order":6,"comment_status":"closed","ping_status":"closed","template":"page-templates\/sectioned.php","meta":{"_acf_changed":false,"footnotes":""},"class_list":["post-695","page","type-page","status-publish","hentry"],"acf":[],"_links":{"self":[{"href":"https:\/\/help.unhcr.org\/cyprus\/fr\/wp-json\/wp\/v2\/pages\/695","targetHints":{"allow":["GET"]}}],"collection":[{"href":"https:\/\/help.unhcr.org\/cyprus\/fr\/wp-json\/wp\/v2\/pages"}],"about":[{"href":"https:\/\/help.unhcr.org\/cyprus\/fr\/wp-json\/wp\/v2\/types\/page"}],"author":[{"embeddable":true,"href":"https:\/\/help.unhcr.org\/cyprus\/fr\/wp-json\/wp\/v2\/users\/1"}],"replies":[{"embeddable":true,"href":"https:\/\/help.unhcr.org\/cyprus\/fr\/wp-json\/wp\/v2\/comments?post=695"}],"version-history":[{"count":31,"href":"https:\/\/help.unhcr.org\/cyprus\/fr\/wp-json\/wp\/v2\/pages\/695\/revisions"}],"predecessor-version":[{"id":2415,"href":"https:\/\/help.unhcr.org\/cyprus\/fr\/wp-json\/wp\/v2\/pages\/695\/revisions\/2415"}],"up":[{"embeddable":true,"href":"https:\/\/help.unhcr.org\/cyprus\/fr\/wp-json\/wp\/v2\/pages\/669"}],"wp:attachment":[{"href":"https:\/\/help.unhcr.org\/cyprus\/fr\/wp-json\/wp\/v2\/media?parent=695"}],"curies":[{"name":"wp","href":"https:\/\/api.w.org\/{rel}","templated":true}]}}