{"id":684,"date":"2017-05-31T09:53:37","date_gmt":"2017-05-31T09:53:37","guid":{"rendered":"http:\/\/help.unhcr.org\/cyprus\/applying-for-asylum\/decision-and-appeals\/"},"modified":"2019-04-12T13:17:00","modified_gmt":"2019-04-12T13:17:00","slug":"decision-and-appeals","status":"publish","type":"page","link":"https:\/\/help.unhcr.org\/cyprus\/fr\/applying-for-asylum\/decision-and-appeals\/","title":{"rendered":"La d\u00e9cision"},"content":{"rendered":"<h2>Quand est-ce que j\u2019aurai la d\u00e9cision concernant ma demande d\u2019asile?<\/h2>\n<p>Une d\u00e9cision de premi\u00e8re instance sur votre demande d\u2019asile doit \u00eatre prise dans un d\u00e9lai de six mois \u00e0 compter de la date de votre demande, mais des fois cela peut prendre plus de temps. Conform\u00e9ment \u00e0 la Loi de la R\u00e9publique de Chypre, ladite p\u00e9riode limite de six mois peut \u00eatre prolong\u00e9e d\u2019une p\u00e9riode suppl\u00e9mentaire de neuf mois dans les cas suivants :<\/p>\n<ul>\n<li>lors de ladite p\u00e9riode, il y a un grand nombre de demandes,<\/li>\n<li>dans votre cas il existe une question juridique complexe d\u2019importance majeure,<\/li>\n<li>vous vous n\u2019\u00eates pas pr\u00e9sent\u00e9 \u00e0 l\u2019entretien.<\/li>\n<\/ul>\n<p>La proc\u00e9dure peut \u00eatre prolong\u00e9e d\u2019une p\u00e9riode suppl\u00e9mentaire de trois mois, si n\u00e9cessaire, pour une \u00e9valuation compl\u00e8te de votre cas. En tout cas, la proc\u00e9dure ne doit pas d\u00e9passer les 21 mois.<\/p>\n<p><strong>Note: <\/strong><\/p>\n<p>Cela concerne la proc\u00e9dure du Service d\u2019asile et de l\u2019Autorit\u00e9 de contr\u00f4le et ne concerne ou ne comprend pas le temps n\u00e9cessaire pour le traitement des appels par le Tribunal.<\/p>\n<p>En pratique, les proc\u00e9dures devant le Service d\u2019asile et l\u2019autorit\u00e9 de contr\u00f4le peuvent prendre beaucoup plus longtemps. <strong>Conform\u00e9ment \u00e0 la Loi sur les r\u00e9fugi\u00e9s, en cas de retard, vous avez le droit d\u2019\u00eatre inform\u00e9 du retard, des raisons du retard et du d\u00e9lai dans lequel vous devez attendre une r\u00e9ponse.<\/strong><\/p>\n<p>Veuillez consulter des sujets similaires dans notre <strong><a href=\"https:\/\/help.unhcr.org\/cyprus\/faq\/?lang=fr\">section FAQ<\/a><\/strong>.<\/p>\n<p>Si votre demande est accept\u00e9e, vous recevrez une lettre de reconnaissance qui soit vous reconnaitra en tant que <strong>r\u00e9fugi\u00e9<\/strong>, soit vous offrira une <strong>protection subsidiaire<\/strong>. Avec l\u2019un ou l\u2019autre statut, vous aurez des divers droits et obligations. Consultez notre section sur les <strong><a href=\"https:\/\/help.unhcr.org\/cyprus\/refugees-rights-and-duties\/?lang=fr\">droits et obligations des r\u00e9fugi\u00e9s<\/a><\/strong> pour plus d\u2019informations.<\/p>\n","protected":false},"excerpt":{"rendered":"<p>Quand est-ce que j\u2019aurai la d\u00e9cision concernant ma demande d\u2019asile? Une d\u00e9cision de premi\u00e8re instance sur votre demande d\u2019asile doit \u00eatre prise dans un d\u00e9lai de six mois \u00e0 compter de la date de votre demande, mais des fois cela peut prendre plus de temps. Conform\u00e9ment \u00e0 la Loi de la R\u00e9publique de Chypre, ladite [&hellip;]<\/p>\n","protected":false},"author":1,"featured_media":0,"parent":669,"menu_order":4,"comment_status":"closed","ping_status":"closed","template":"","meta":{"_acf_changed":false,"footnotes":""},"class_list":["post-684","page","type-page","status-publish","hentry"],"acf":[],"_links":{"self":[{"href":"https:\/\/help.unhcr.org\/cyprus\/fr\/wp-json\/wp\/v2\/pages\/684","targetHints":{"allow":["GET"]}}],"collection":[{"href":"https:\/\/help.unhcr.org\/cyprus\/fr\/wp-json\/wp\/v2\/pages"}],"about":[{"href":"https:\/\/help.unhcr.org\/cyprus\/fr\/wp-json\/wp\/v2\/types\/page"}],"author":[{"embeddable":true,"href":"https:\/\/help.unhcr.org\/cyprus\/fr\/wp-json\/wp\/v2\/users\/1"}],"replies":[{"embeddable":true,"href":"https:\/\/help.unhcr.org\/cyprus\/fr\/wp-json\/wp\/v2\/comments?post=684"}],"version-history":[{"count":3,"href":"https:\/\/help.unhcr.org\/cyprus\/fr\/wp-json\/wp\/v2\/pages\/684\/revisions"}],"predecessor-version":[{"id":763,"href":"https:\/\/help.unhcr.org\/cyprus\/fr\/wp-json\/wp\/v2\/pages\/684\/revisions\/763"}],"up":[{"embeddable":true,"href":"https:\/\/help.unhcr.org\/cyprus\/fr\/wp-json\/wp\/v2\/pages\/669"}],"wp:attachment":[{"href":"https:\/\/help.unhcr.org\/cyprus\/fr\/wp-json\/wp\/v2\/media?parent=684"}],"curies":[{"name":"wp","href":"https:\/\/api.w.org\/{rel}","templated":true}]}}