{"id":681,"date":"2017-05-31T09:51:34","date_gmt":"2017-05-31T09:51:34","guid":{"rendered":"http:\/\/help.unhcr.org\/cyprus\/applying-for-asylum\/your-interview\/"},"modified":"2019-04-12T13:16:41","modified_gmt":"2019-04-12T13:16:41","slug":"your-interview","status":"publish","type":"page","link":"https:\/\/help.unhcr.org\/cyprus\/fr\/applying-for-asylum\/your-interview\/","title":{"rendered":"Votre entretien"},"content":{"rendered":"<p>Dans le cadre de votre proc\u00e9dure d\u2019\u00e9valuation, le Service d\u2019asile vous enverra une lettre vous invitant \u00e0 un entretien. La convocation \u00e0 l\u2019entretien indiquera l\u2019heure, la date et le lieu de l\u2019entretien.<\/p>\n<p>Si vous ne vous pr\u00e9sentez pas \u00e0 la date et l\u2019heure de votre entretien, votre dossier peut \u00eatre ferm\u00e9. En cas d\u2019urgence, en raison de laquelle vous ne pouvez pas vous pr\u00e9senter \u00e0 votre entretien, vous <strong>devez imm\u00e9diatement aviser<\/strong> le Service d\u2019asile ; le cas \u00e9ch\u00e9ant, votre dossier sera ferm\u00e9. Dans ce cas-l\u00e0, une nouvelle date vous sera donn\u00e9 pour l\u2019entretien \u00e0 laquelle vous \u00eates oblig\u00e9s de vous pr\u00e9senter.<\/p>\n<p>Votre entretien sera men\u00e9 par un fonctionnaire comp\u00e9tent du Service d\u2019asile afin de comprendre en d\u00e9tail et de clarifier les faits qui vous ont amen\u00e9 \u00e0 demander d\u2019asile.<\/p>\n<ul>\n<li>Pendant l\u2019entretien vous pouvez d\u00e9cider d\u2019avoir un avocat avec vous.<\/li>\n<li>Si vous avez besoin des services d\u2019un interpr\u00e8te, le Service d\u2019asile vous en fournira un gratuitement. Si vous ne pouvez pas comprendre l\u2019interpr\u00e8te, vous devez imm\u00e9diatement signaler ce fait \u00e0 l\u2019enqu\u00eateur.<\/li>\n<li>Si, pour des raisons personnelles, vous pr\u00e9f\u00e9rez une femme ou un homme en tant qu\u2019enqu\u00eateur et\/ou interpr\u00e8te, vous pouvez demander cela.<\/li>\n<li>\u00c0 la fin de l\u2019entretien, vous devez lire attentivement vos d\u00e9clarations. Vous pouvez faire des rectifications si vos d\u00e9clarations orales ne sont pas correctement refl\u00e9t\u00e9es et puis vous devez signer l\u2019enregistrement de l\u2019entretien.<\/li>\n<li>Vous aurez la possibilit\u00e9 d\u2019expliquer en d\u00e9tail les raisons pour lesquelles vous demandez l\u2019asile et de fournir tous les documents justificatifs dans votre disposition afin de d\u00e9fendre vos d\u00e9clarations.<\/li>\n<li>Vos d\u00e9clarations doivent \u00eatre v\u00e9ridiques et pr\u00e9cises. L\u2019enqu\u00eateur fondera la d\u00e9cision sur vos d\u00e9clarations orales pendant l\u2019entretien et vos d\u00e9clarations \u00e9crites dans votre demande. L\u2019enqu\u00eateur va \u00e9tudier la situation dans votre pays et va essayer de comprendre si vous dites la v\u00e9rit\u00e9.<strong> Si vous ne dites pas la v\u00e9rit\u00e9, votre demande peut \u00eatre rejet\u00e9e.<\/strong><\/li>\n<li>Au d\u00e9but de l\u2019entretien, l&rsquo;enqu\u00eateur va vous demander de confirmer que vous avez rempli le formulaire vous m\u00eame, et que tout ce qui est indiqu\u00e9 dans votre demande est vrai et exacte. C\u2019est la seule occasion que vous aurez de r\u00e9v\u00e9ler si toute information dans votre demande est fausse ou inexacte, et d\u2019expliquer pourquoi ceci est arriv\u00e9. Si vous tentez de cacher la v\u00e9rit\u00e9 ou de faire des fausses d\u00e9clarations, votre demande peut \u00eatre rejet\u00e9e.<\/li>\n<li>Tout ce que vous dites durant l\u2019entretien est <strong>strictement confidentiel<\/strong>. Vous \u00eates donc cens\u00e9 r\u00e9pondre en d\u00e9tail \u00e0 tous les questions et de fournir tous les informations relatives \u00e0 votre cas.<\/li>\n<li>\u00c0 la fin de l\u2019entretien, vous avez le droit de lire l\u2019enregistrement de l\u2019entretien ou de vous faire lire l\u2019enregistrement de l\u2019entretien par l\u2019interpr\u00e8te. Si n\u00e9cessaire, \u00e0 ce moment vous pouvez faire des rectifications.<\/li>\n<\/ul>\n","protected":false},"excerpt":{"rendered":"<p>Dans le cadre de votre proc\u00e9dure d\u2019\u00e9valuation, le Service d\u2019asile vous enverra une lettre vous invitant \u00e0 un entretien. La convocation \u00e0 l\u2019entretien indiquera l\u2019heure, la date et le lieu de l\u2019entretien. Si vous ne vous pr\u00e9sentez pas \u00e0 la date et l\u2019heure de votre entretien, votre dossier peut \u00eatre ferm\u00e9. En cas d\u2019urgence, en [&hellip;]<\/p>\n","protected":false},"author":1,"featured_media":0,"parent":669,"menu_order":2,"comment_status":"closed","ping_status":"closed","template":"","meta":{"_acf_changed":false,"footnotes":""},"class_list":["post-681","page","type-page","status-publish","hentry"],"acf":[],"_links":{"self":[{"href":"https:\/\/help.unhcr.org\/cyprus\/fr\/wp-json\/wp\/v2\/pages\/681","targetHints":{"allow":["GET"]}}],"collection":[{"href":"https:\/\/help.unhcr.org\/cyprus\/fr\/wp-json\/wp\/v2\/pages"}],"about":[{"href":"https:\/\/help.unhcr.org\/cyprus\/fr\/wp-json\/wp\/v2\/types\/page"}],"author":[{"embeddable":true,"href":"https:\/\/help.unhcr.org\/cyprus\/fr\/wp-json\/wp\/v2\/users\/1"}],"replies":[{"embeddable":true,"href":"https:\/\/help.unhcr.org\/cyprus\/fr\/wp-json\/wp\/v2\/comments?post=681"}],"version-history":[{"count":2,"href":"https:\/\/help.unhcr.org\/cyprus\/fr\/wp-json\/wp\/v2\/pages\/681\/revisions"}],"predecessor-version":[{"id":683,"href":"https:\/\/help.unhcr.org\/cyprus\/fr\/wp-json\/wp\/v2\/pages\/681\/revisions\/683"}],"up":[{"embeddable":true,"href":"https:\/\/help.unhcr.org\/cyprus\/fr\/wp-json\/wp\/v2\/pages\/669"}],"wp:attachment":[{"href":"https:\/\/help.unhcr.org\/cyprus\/fr\/wp-json\/wp\/v2\/media?parent=681"}],"curies":[{"name":"wp","href":"https:\/\/api.w.org\/{rel}","templated":true}]}}