{"id":674,"date":"2017-05-31T09:49:34","date_gmt":"2017-05-31T09:49:34","guid":{"rendered":"http:\/\/help.unhcr.org\/cyprus\/applying-for-asylum\/who-can-apply-for-asylum\/"},"modified":"2019-04-12T13:14:32","modified_gmt":"2019-04-12T13:14:32","slug":"who-can-apply-for-asylum","status":"publish","type":"page","link":"https:\/\/help.unhcr.org\/cyprus\/fr\/applying-for-asylum\/who-can-apply-for-asylum\/","title":{"rendered":"Qui peut faire une demande d\u2019asile?"},"content":{"rendered":"<p>Si vous avez quitt\u00e9 votre pays par crainte d\u2019\u00eatre pers\u00e9cut\u00e9 ou d\u2019autres menaces graves pour votre vie ou votre libert\u00e9, vous pouvez solliciter une protection internationale par la demande d\u2019asile \u00e0 Chypre.<\/p>\n<p>Plus particuli\u00e8rement, vous pouvez demander d\u2019asile si:<\/p>\n<ul>\n<li>vous ne pouvez pas ou vous ne voulez pas retournez dans votre pays parce que vous craignez d\u2019\u00eatre pers\u00e9cut\u00e9 en raison de votre race, religion, nationalit\u00e9, appartenance \u00e0 un certain groupe social ou opinions politiques.<\/li>\n<li>vous ne pouvez pas ou vous ne voulez pas retournez dans votre pays parce que vous craignez de subir des atteintes graves et injustifi\u00e9es, comme:\n<ul>\n<li>la peine de mort ou l\u2019ex\u00e9cution;<\/li>\n<li>la torture ou \u00e0 des peines ou traitements inhumains ou d\u00e9gradants;<\/li>\n<li>des menaces graves et individuelles en raison de violence aveugle dans des situations de conflit arm\u00e9 international ou interne.<\/li>\n<\/ul>\n<\/li>\n<\/ul>\n<p>Si votre demande est accept\u00e9e, vous recevrez une lettre de reconnaissance qui soit vous reconnaitra en tant que r\u00e9fugi\u00e9, soit vous offrira une protection subsidiaire.<\/p>\n","protected":false},"excerpt":{"rendered":"<p>Si vous avez quitt\u00e9 votre pays par crainte d\u2019\u00eatre pers\u00e9cut\u00e9 ou d\u2019autres menaces graves pour votre vie ou votre libert\u00e9, vous pouvez solliciter une protection internationale par la demande d\u2019asile \u00e0 Chypre. Plus particuli\u00e8rement, vous pouvez demander d\u2019asile si: vous ne pouvez pas ou vous ne voulez pas retournez dans votre pays parce que vous [&hellip;]<\/p>\n","protected":false},"author":1,"featured_media":0,"parent":669,"menu_order":0,"comment_status":"closed","ping_status":"closed","template":"page-templates\/sectioned.php","meta":{"_acf_changed":false,"footnotes":""},"class_list":["post-674","page","type-page","status-publish","hentry"],"acf":[],"_links":{"self":[{"href":"https:\/\/help.unhcr.org\/cyprus\/fr\/wp-json\/wp\/v2\/pages\/674","targetHints":{"allow":["GET"]}}],"collection":[{"href":"https:\/\/help.unhcr.org\/cyprus\/fr\/wp-json\/wp\/v2\/pages"}],"about":[{"href":"https:\/\/help.unhcr.org\/cyprus\/fr\/wp-json\/wp\/v2\/types\/page"}],"author":[{"embeddable":true,"href":"https:\/\/help.unhcr.org\/cyprus\/fr\/wp-json\/wp\/v2\/users\/1"}],"replies":[{"embeddable":true,"href":"https:\/\/help.unhcr.org\/cyprus\/fr\/wp-json\/wp\/v2\/comments?post=674"}],"version-history":[{"count":3,"href":"https:\/\/help.unhcr.org\/cyprus\/fr\/wp-json\/wp\/v2\/pages\/674\/revisions"}],"predecessor-version":[{"id":678,"href":"https:\/\/help.unhcr.org\/cyprus\/fr\/wp-json\/wp\/v2\/pages\/674\/revisions\/678"}],"up":[{"embeddable":true,"href":"https:\/\/help.unhcr.org\/cyprus\/fr\/wp-json\/wp\/v2\/pages\/669"}],"wp:attachment":[{"href":"https:\/\/help.unhcr.org\/cyprus\/fr\/wp-json\/wp\/v2\/media?parent=674"}],"curies":[{"name":"wp","href":"https:\/\/api.w.org\/{rel}","templated":true}]}}