{"id":666,"date":"2017-08-15T08:54:40","date_gmt":"2017-08-15T08:54:40","guid":{"rendered":"http:\/\/help.unhcr.org\/cyprus\/country-information\/international-organisations\/"},"modified":"2026-03-23T14:07:06","modified_gmt":"2026-03-23T14:07:06","slug":"international-organisations","status":"publish","type":"page","link":"https:\/\/help.unhcr.org\/cyprus\/fr\/country-information\/international-organisations\/","title":{"rendered":"Organisations internationales"},"content":{"rendered":"<p>Outre le HCR, un certain nombre d&rsquo;organisations internationales sont repr\u00e9sent\u00e9es \u00e0 Chypre, notamment d&rsquo;autres agences des Nations Unies et la <a href=\"https:\/\/cyprus.representation.ec.europa.eu\/index_en\" target=\"_blank\" rel=\"noopener\">repr\u00e9sentation de la Commission europ\u00e9enne<\/a>.<\/p>\n<p><a href=\"https:\/\/www.iom.int\/countries\/cyprus\" target=\"_blank\" rel=\"noopener\">L&rsquo;Organisation internationale pour les migrations (OIM)<\/a> est la principale organisation intergouvernementale dans le domaine des migrations et travaille en \u00e9troite collaboration avec des partenaires gouvernementaux, intergouvernementaux et non gouvernementaux.<\/p>\n<p><a href=\"https:\/\/unficyp.unmissions.org\/\" target=\"_blank\" rel=\"noopener\">La Force des Nations Unies charg\u00e9e du maintien de la paix \u00e0 Chypre (UNFICYP)<\/a> a \u00e9t\u00e9 cr\u00e9\u00e9e en 1964 et maintient la zone tampon entre les communaut\u00e9s chypriote grecque et chypriote turque de l&rsquo;\u00eele.<\/p>\n<p><a href=\"http:\/\/www.cy.undp.org\/content\/cyprus\/en\/home\/\" target=\"_blank\" rel=\"noopener\">Le Programme des Nations Unies pour le d\u00e9veloppement (PNUD)<\/a> s&#8217;emploie \u00e0 soutenir les processus en cours de renforcement de la paix et de la confiance \u00e0 Chypre en favorisant les initiatives encourageant le dialogue et la coop\u00e9ration entre les communaut\u00e9s de Chypre.<\/p>\n<p>Pour plus d&rsquo;informations, vous pouvez consulter les organisations internationales relevant des missions diplomatiques \u00e9trang\u00e8res \u00e0 Chypre sur <a href=\"https:\/\/www.gov.cy\/mfa\/en\/foreign-diplomatic-missions-to-the-republic-of-cyprus\/\" target=\"_blank\" rel=\"noopener\">le site Web du minist\u00e8re des Affaires \u00e9trang\u00e8res<\/a>.<\/p>\n","protected":false},"excerpt":{"rendered":"<p>Outre le HCR, un certain nombre d&rsquo;organisations internationales sont repr\u00e9sent\u00e9es \u00e0 Chypre, notamment d&rsquo;autres agences des Nations Unies et la repr\u00e9sentation de la Commission europ\u00e9enne. L&rsquo;Organisation internationale pour les migrations (OIM) est la principale organisation intergouvernementale dans le domaine des migrations et travaille en \u00e9troite collaboration avec des partenaires gouvernementaux, intergouvernementaux et non gouvernementaux. La [&hellip;]<\/p>\n","protected":false},"author":1,"featured_media":0,"parent":604,"menu_order":6,"comment_status":"closed","ping_status":"closed","template":"","meta":{"_acf_changed":false,"footnotes":""},"class_list":["post-666","page","type-page","status-publish","hentry"],"acf":[],"_links":{"self":[{"href":"https:\/\/help.unhcr.org\/cyprus\/fr\/wp-json\/wp\/v2\/pages\/666","targetHints":{"allow":["GET"]}}],"collection":[{"href":"https:\/\/help.unhcr.org\/cyprus\/fr\/wp-json\/wp\/v2\/pages"}],"about":[{"href":"https:\/\/help.unhcr.org\/cyprus\/fr\/wp-json\/wp\/v2\/types\/page"}],"author":[{"embeddable":true,"href":"https:\/\/help.unhcr.org\/cyprus\/fr\/wp-json\/wp\/v2\/users\/1"}],"replies":[{"embeddable":true,"href":"https:\/\/help.unhcr.org\/cyprus\/fr\/wp-json\/wp\/v2\/comments?post=666"}],"version-history":[{"count":5,"href":"https:\/\/help.unhcr.org\/cyprus\/fr\/wp-json\/wp\/v2\/pages\/666\/revisions"}],"predecessor-version":[{"id":2479,"href":"https:\/\/help.unhcr.org\/cyprus\/fr\/wp-json\/wp\/v2\/pages\/666\/revisions\/2479"}],"up":[{"embeddable":true,"href":"https:\/\/help.unhcr.org\/cyprus\/fr\/wp-json\/wp\/v2\/pages\/604"}],"wp:attachment":[{"href":"https:\/\/help.unhcr.org\/cyprus\/fr\/wp-json\/wp\/v2\/media?parent=666"}],"curies":[{"name":"wp","href":"https:\/\/api.w.org\/{rel}","templated":true}]}}