{"id":663,"date":"2017-08-15T08:50:03","date_gmt":"2017-08-15T08:50:03","guid":{"rendered":"http:\/\/help.unhcr.org\/cyprus\/country-information\/embassies\/"},"modified":"2026-03-23T14:02:10","modified_gmt":"2026-03-23T14:02:10","slug":"embassies","status":"publish","type":"page","link":"https:\/\/help.unhcr.org\/cyprus\/fr\/country-information\/embassies\/","title":{"rendered":"Les ambassades"},"content":{"rendered":"<p>Toutes les ambassades sont situ\u00e9es dans la capitale, Nicosie. Certains pays ont des ambassades \u00e0 Chypre, tandis que d&rsquo;autres ont des ambassades dans la r\u00e9gion, par exemple \u00e0 Ath\u00e8nes, qui couvrent les besoins de leurs ressortissants qui se trouvent \u00e0 Chypre. Pour une liste compl\u00e8te des pays ayant des ambassades \u00e0 Chypre, vous pouvez consulter la section \u00abMissions diplomatiques \u00e9trang\u00e8res \u00e0 Chypre\u00bb <strong><a href=\"https:\/\/www.gov.cy\/mfa\/en\/foreign-diplomatic-missions-to-the-republic-of-cyprus\/\" target=\"_blank\" rel=\"noopener\">du site Web du minist\u00e8re des Affaires \u00e9trang\u00e8res<\/a><\/strong>.<\/p>\n","protected":false},"excerpt":{"rendered":"<p>Toutes les ambassades sont situ\u00e9es dans la capitale, Nicosie. Certains pays ont des ambassades \u00e0 Chypre, tandis que d&rsquo;autres ont des ambassades dans la r\u00e9gion, par exemple \u00e0 Ath\u00e8nes, qui couvrent les besoins de leurs ressortissants qui se trouvent \u00e0 Chypre. Pour une liste compl\u00e8te des pays ayant des ambassades \u00e0 Chypre, vous pouvez consulter [&hellip;]<\/p>\n","protected":false},"author":1,"featured_media":0,"parent":604,"menu_order":5,"comment_status":"closed","ping_status":"closed","template":"","meta":{"_acf_changed":false,"footnotes":""},"class_list":["post-663","page","type-page","status-publish","hentry"],"acf":[],"_links":{"self":[{"href":"https:\/\/help.unhcr.org\/cyprus\/fr\/wp-json\/wp\/v2\/pages\/663","targetHints":{"allow":["GET"]}}],"collection":[{"href":"https:\/\/help.unhcr.org\/cyprus\/fr\/wp-json\/wp\/v2\/pages"}],"about":[{"href":"https:\/\/help.unhcr.org\/cyprus\/fr\/wp-json\/wp\/v2\/types\/page"}],"author":[{"embeddable":true,"href":"https:\/\/help.unhcr.org\/cyprus\/fr\/wp-json\/wp\/v2\/users\/1"}],"replies":[{"embeddable":true,"href":"https:\/\/help.unhcr.org\/cyprus\/fr\/wp-json\/wp\/v2\/comments?post=663"}],"version-history":[{"count":4,"href":"https:\/\/help.unhcr.org\/cyprus\/fr\/wp-json\/wp\/v2\/pages\/663\/revisions"}],"predecessor-version":[{"id":2476,"href":"https:\/\/help.unhcr.org\/cyprus\/fr\/wp-json\/wp\/v2\/pages\/663\/revisions\/2476"}],"up":[{"embeddable":true,"href":"https:\/\/help.unhcr.org\/cyprus\/fr\/wp-json\/wp\/v2\/pages\/604"}],"wp:attachment":[{"href":"https:\/\/help.unhcr.org\/cyprus\/fr\/wp-json\/wp\/v2\/media?parent=663"}],"curies":[{"name":"wp","href":"https:\/\/api.w.org\/{rel}","templated":true}]}}