{"id":653,"date":"2017-05-31T09:40:24","date_gmt":"2017-05-31T09:40:24","guid":{"rendered":"http:\/\/help.unhcr.org\/cyprus\/where-can-i-seek-help-2\/"},"modified":"2025-05-07T12:52:04","modified_gmt":"2025-05-07T12:52:04","slug":"where-can-i-seek-help","status":"publish","type":"page","link":"https:\/\/help.unhcr.org\/cyprus\/fr\/where-can-i-seek-help\/","title":{"rendered":"O\u00f9 puis-je chercher de l\u2019aide?"},"content":{"rendered":"<h2>Le bureau du HCR \u00e0 Chypre<\/h2>\n<p>L\u2019Agence des Nations unies pour les r\u00e9fugi\u00e9s (HCR) \u00e0 Chypre travaille avec le gouvernement ainsi qu\u2019avec les ONG et d\u2019autres partenaires afin de prot\u00e9ger les droits et le bien-\u00eatre des r\u00e9fugi\u00e9s et des demandeurs d\u2019asile. Pour plus de renseignements sur les services fournis par le HCR \u00e0 Chypre, consultez <strong><a href=\"https:\/\/help.unhcr.org\/cyprus\/fr\/about-unhcr-in-cyprus\/\">Le HCR \u00e0 Chypre<\/a><\/strong>.<\/p>\n<p>Vous pouvez contacter le HCR pour des renseignements et des conseils, ou demander un rendez-vous avec un agent du HCR par t\u00e9l\u00e9phone ou par e-mail.<\/p>\n<p><strong>Adresse:<\/strong> 2 Demetracopoulou Street (corner Prodromou Street), Engomi, 1090 Nicosia\u00a0 |\u00a0 <strong><a href=\"https:\/\/www.google.com\/maps\/place\/UNHCR+Cyprus\/@35.1623418,33.344229,15.88z\/data=!4m5!3m4!1s0x0:0x1e1bd1bcea0f6106!8m2!3d35.1632048!4d33.3481655\" target=\"_blank\" rel=\"noopener noreferrer\">Carte<\/a><\/strong><br \/>\n<strong>T\u00e9l\u00e9phone:<\/strong> 22 359043 or 22 359057<br \/>\n<strong>E-mail:<\/strong> <a href=\"mailto:cypni@unhcr.org\" target=\"_blank\" rel=\"noopener noreferrer\">cypni@unhcr.org<\/a><br \/>\n<strong>site Web:<\/strong> <a href=\"http:\/\/www.unhcr.org\/cy\" target=\"_blank\" rel=\"noopener noreferrer\">www.unhcr.org\/cy<\/a><\/p>\n<p><strong>Facebook:<\/strong> <a href=\"http:\/\/www.facebook.com\/UnhcrCyprus\/\" target=\"_blank\" rel=\"noopener noreferrer\">www.facebook.com\/UNHCRCyprus<\/a><\/p>\n<p><strong>X (anciennement Twitter):<\/strong>\u00a0<a href=\"https:\/\/twitter.com\/UNHCRCyprus\" target=\"_blank\" rel=\"noopener noreferrer\">https:\/\/twitter.com\/UNHCRCyprus<\/a><\/p>\n<p><strong><a href=\"https:\/\/instagram.com\/unhcrcyprus\/\" target=\"_blank\" rel=\"noopener\">Instagram<\/a>: @UNHCRCyprus\u00a0 |\u00a0\u00a0<\/strong><a href=\"https:\/\/www.youtube.com\/@Cypnis1974\" target=\"_blank\" rel=\"noopener\"><strong>Youtube<\/strong><\/a><\/p>\n<h2>Services publics<\/h2>\n<h3>Asile<\/h3>\n<p>Le <strong>Service d\u2019asile du Minist\u00e8re de l\u2019int\u00e9rieur<\/strong>est l\u2019autorit\u00e9 comp\u00e9tente pour recevoir et examiner des demandes d\u2019asile. Les d\u00e9cisions du Service d\u2019asile de refuser la demande d\u2019asile peuvent faire l\u2019objet d\u2019un <a href=\"https:\/\/help.unhcr.org\/cyprus\/fr\/applying-for-asylum\/what-happens-if-my-application-is-refused\/\">appel<\/a>.<\/p>\n<p><strong>Adresse:<\/strong> 70 Arch. Makariou III Avenue, Afemia House, 1077 Nicosie<br \/>\n<strong>T\u00e9l\u00e9phone:<\/strong> +357 22 308501, +357 22308505<br \/>\n<strong>E-mail:<\/strong> <a href=\"mailto:info@asylum.moi.gov.cy\" target=\"_blank\" rel=\"noopener noreferrer\">Info@asylum.moi.gov.cy<\/a><br \/>\n<strong>site Web:<\/strong> <a href=\"https:\/\/www.mip.gov.cy\/mip\/asylum\/asylumservice.nsf\/index_en\/\" target=\"_blank\" rel=\"noopener noreferrer\">https:\/\/www.mip.gov.cy\/mip\/asylum\/asylumservice.nsf\/<\/a><\/p>\n<p><strong><a href=\"https:\/\/www.google.com\/maps\/place\/Asylum+Service\/@35.1611707,33.3682007,15z\/data=!4m2!3m1!1s0x0:0x6981b14235a20a5c?sa=X&amp;ved=0ahUKEwjt_4vkubPWAhWJ7xQKHWYLA_sQ_BIIdjAL\" target=\"_blank\" rel=\"noopener noreferrer\">Carte<\/a><\/strong><\/p>\n<h4><strong>Bureaux r\u00e9gionaux de police de l&rsquo;immigration<\/strong><\/h4>\n<p>Pour faire une demande d\u2019asile, vous devez aller \u00e0 <a href=\"https:\/\/www.police.gov.cy\/police\/police.nsf\/All\/08FEBC2262EC8436C225855300218CC3?OpenDocument\" target=\"_blank\" rel=\"noopener noreferrer\">votre Bureau regional de police de l&rsquo;immigration local<\/a>.<\/p>\n<p>Pour plus d\u2019informations sur les proc\u00e9dures des demandes d\u2019asile \u00e0 Chypre, consultez notre rubrique <a href=\"https:\/\/help.unhcr.org\/cyprus\/fr\/applying-for-asylum\/\">La proc\u00e9dure d\u2019asile<\/a>.<\/p>\n<p>Les bureaux r\u00e9gionaux de police de l&rsquo;immigration se trouvent aux lieux suivants:<\/p>\n<p><strong>Nicosie<\/strong><br \/>\n6 Agamemnonos Street, Engomi 2411<br \/>\n<strong>T\u00e9l:<\/strong> 22 802353<\/p>\n<p><strong>Larnaca<\/strong><br \/>\n75 Piale Pasa, 6027 Makenzie Avenue<br \/>\n<strong>T\u00e9l:<\/strong> 24 804233<\/p>\n<p><strong>Limassol<\/strong><br \/>\n223 Franklin Roosevelt, Zakaki, 2nd floor<br \/>\n<strong>T\u00e9l:<\/strong> 25 805210<\/p>\n<p><strong>Pafos<\/strong><br \/>\nCorner Kaningos and Eleftheriou Venizelou, Nicolaou Court, 2nd floor<br \/>\n<strong>T\u00e9l:<\/strong> 26 806222<\/p>\n<p><strong>Paralimni<\/strong><br \/>\n31 G. Papadopoulou Street, 5282 Paralimni<br \/>\n<strong>Tel:<\/strong> 23 803286<\/p>\n<h3>Lutte contre la traite<\/h3>\n<h4><a href=\"https:\/\/traffickinghumanbeing.police.gov.cy\/police\/humantrafficking.nsf\/\" target=\"_blank\" rel=\"noopener\"><strong>Police de Chypre &#8211; Bureau charg\u00e9 de la lutte contre la traite des \u00eatres humains<\/strong><\/a><\/h4>\n<p>Si vous \u00eates victime de la traite des \u00eatres humains, ou vous avez des informations \u00e0 communiquer relatives \u00e0 une affaire de traite, nous vous conseillons de contacter ce bureau de la Police de Chypre.<\/p>\n<p><strong>T\u00e9l\u00e9phone\u00a0:\u00a0<\/strong>22 808063, 22 808064, 22 808369, 22 808280<\/p>\n<h4><a href=\"http:\/\/www.facebook.com\/cyprus.stop.trafficking\/\" target=\"_blank\" rel=\"noopener\"><strong>Cyprus Stop Trafficking<\/strong><\/a><\/h4>\n<p>Cyprus Stop Human Trafficking est une ONG qui fournit une aide et une assistance aux victimes de la traite des \u00eatres humains.<\/p>\n<p><strong>Renseignements t\u00e9l\u00e9phoniques: <\/strong>\u00a0 \u00a0 \u00a0 \u00a0 \u00a022 771063\u00a0 |\u00a0 22 750108<br \/>\n<strong>E-mail: \u00a0<\/strong>\u00a0 \u00a0 \u00a0 \u00a0 \u00a0 \u00a0 \u00a0 \u00a0 \u00a0 \u00a0 \u00a0 \u00a0 \u00a0 \u00a0 \u00a0 \u00a0 \u00a0 \u00a0 \u00a0 \u00a0 \u00a0 \u00a0 \u00a0 \u00a0 \u00a0 <a href=\"mailto:cyprus.stop.trafficking@gmail.com\" target=\"_blank\" rel=\"noopener noreferrer\">cyprus.stop.trafficking@gmail.com<\/a><\/p>\n<h4><\/h4>\n<h4><a href=\"http:\/\/www.wellspringcyprus.com\" target=\"_blank\" rel=\"noopener\"><strong>Wellspring Association<\/strong><\/a><\/h4>\n<p>Wellspring Association \u00e0 Limassol offre un soutien individuel aux survivants de la traite des \u00eatres humains, aux demandeurs d\u2019asile, aux r\u00e9fugi\u00e9s et aux femmes d\u2019autres milieux vuln\u00e9rables.<\/p>\n<h3>Emploi<\/h3>\n<p>La loi sur les r\u00e9fugi\u00e9s de la R\u00e9publique de Chypre pr\u00e9voit que vous pouvez exercer votre doit de travail un mois apr\u00e8s la date o\u00f9 vous avez fait votre demande d\u2019asile \u00e0 Chypre. A cette fin, vous devez vous enregistrer au Bureau du travail de votre r\u00e9gion. <strong><a href=\"https:\/\/help.unhcr.org\/cyprus\/fr\/applying-for-asylum\/your-rights-and-duties-as-an-asylum-seeker\/\">Cliquez ici<\/a><\/strong> pour plus de renseignements sur vos droits et obligations en tant que demandeur d\u2019asile.<\/p>\n<p><strong>Les Bureaux r\u00e9gionaux du travail se trouvent aux lieux suivants:<\/strong><\/p>\n<p><strong>Nicosie\u00a0<\/strong><br \/>\n3 Mousiou Street<br \/>\n<strong>T\u00e9l:<\/strong> 22 403000<\/p>\n<p><strong>Pafos<\/strong><br \/>\nAyiou Spyridonos Street<br \/>\n<strong>T\u00e9l:<\/strong> 26 821658<\/p>\n<p><strong>Limassol <\/strong><br \/>\n80 Franklin Roosevelt Avenue<br \/>\n<strong>T\u00e9l:<\/strong> 25 827350<\/p>\n<p><strong>Larnaca<\/strong><br \/>\nPhilios Tsigarides Street<br \/>\n<strong>T\u00e9l:<\/strong> 24 805312<\/p>\n<p><strong>Polis Chrysochous <\/strong><br \/>\n1 Arsinoes and Timohari Street<br \/>\n<strong>T\u00e9l:<\/strong> 26 322409<\/p>\n<p><strong>Dherynia<\/strong><br \/>\n49 Acropoleos Street<br \/>\n<strong>T\u00e9l:<\/strong> 23 812052<\/p>\n<p>Vous pouvez trouver les bureaux du travail aux banlieues et aux villages suivants : Aglantzia, Lakatamia, Latsia, Ypsonas, Eastern Limassol, Agros, et Aradippou<\/p>\n<p><strong>Plateforme en ligne HelpRefugeesWork<\/strong><\/p>\n<p><strong><a href=\"https:\/\/www.helprefugeeswork.org\/\" target=\"_blank\" rel=\"noopener noreferrer\">HelpRefugeesWork<\/a><\/strong> est une plateforme en ligne qui met les r\u00e9fugi\u00e9s motiv\u00e9s qui cherchent d\u2019un emploi en contact avec des employeurs et des fournisseurs de formation \u00e0 Chypre. <strong>HelpRefugeesWork <\/strong>est une initiative du <a href=\"http:\/\/www.unhcr.org\/cy\/\" target=\"_blank\" rel=\"noopener noreferrer\">HCR \u00e0 Chypre<\/a>, en collaboration avec le <a href=\"https:\/\/www.facebook.com\/cyrefugeecouncil\/\" target=\"_blank\" rel=\"noopener noreferrer\">Cyprus Refugee Council<\/a>.<\/p>\n<p>Tous les services fournis par <strong>HelpRefugeesWork <\/strong>sont gratuits.<\/p>\n<h3>Assistance sociale<\/h3>\n<p>En tant que demandeur d\u2019asile vous aurez droit \u00e0 certains avantages, y compris l\u2019aide mat\u00e9rielle et l\u2019aide au logement. Pour plus de renseignements, vous devez visiter le Bureau local des services sociaux de votre r\u00e9gion. <strong><a href=\"https:\/\/help.unhcr.org\/cyprus\/fr\/applying-for-asylum\/your-rights-and-duties-as-an-asylum-seeker\/\">Cliquez ici<\/a><\/strong> pour plus de renseignements sur vos droits et obligations en tant que demandeur d\u2019asile.<\/p>\n<p>Les Bureaux r\u00e9gionaux principaux des services sociaux se trouvent aux lieux suivants:<\/p>\n<p><strong>Nicosie \u2013 <em>NOTE:<\/em><\/strong><em> Pour l\u2019aide sociale dans la r\u00e9gion de Nicosie, le d\u00e9partement conseillant les demandeurs d\u2019asile et les r\u00e9fugi\u00e9s a d\u00e9m\u00e9nag\u00e9 de Kaimakli et il se trouve d\u00e8s lors \u00e0 Lakatamia, \u00e0 l\u2019adresse suivante:<\/em><\/p>\n<p><strong>Lakatamia (r\u00e9gion de Nicosie)<\/strong><br \/>\n23 Kennedy,\u00a02314 Lakatamia<br \/>\n<strong>T\u00e9l:<\/strong> 22 608400<\/p>\n<p><strong>Limassol<\/strong><br \/>\n80 Franklin Roosevelt<br \/>\n<strong>T\u00e9l:<\/strong> 25 804535<\/p>\n<p><strong>Larnaca <\/strong><br \/>\n23-25 Piliou<br \/>\n<strong>T\u00e9l:<\/strong> 24 800101<\/p>\n<p><strong>Pafos<\/strong><br \/>\n28 Aristoteli Valaoriti &amp; Kinira<br \/>\n<strong>T\u00e9l:<\/strong> 26 306240<\/p>\n<p><strong>Paralimni <\/strong><br \/>\n134, 1st April Street<br \/>\n<strong>T\u00e9l:<\/strong> 23 811720<\/p>\n<p><strong>Evrychou<\/strong><br \/>\n11 Griva Digeni<br \/>\n<strong>T\u00e9l:<\/strong> 22 870582<\/p>\n<p>Veuillez consulter le <a href=\"http:\/\/www.mlsi.gov.cy\/mlsi\/sws\/sws.nsf\/dmlcontactus_en\/dmlcontactus_en?OpenDocument\" target=\"_blank\" rel=\"noopener noreferrer\">site Web des services d\u2019aide sociale<\/a> pour trouver des bureaux suppl\u00e9mentaires d\u2019aide sociale aux diff\u00e9rentes r\u00e9gions de l\u2019\u00eele.<\/p>\n<h2>Organes ind\u00e9pendants de contr\u00f4le<\/h2>\n<h3>Le M\u00e9diateur<\/h3>\n<p>Le Commissariat \u00e0 l\u2019administration et aux droits de l\u2019homme<\/p>\n<p>Le M\u00e9diateur est une institution de protection des droits de l\u2019homme, avec plusieurs r\u00f4les et responsabilit\u00e9s par rapport \u00e0 la sauvegarde, la protection et la d\u00e9fense des droits de l\u2019homme \u00e0 l&rsquo;\u00c9tat et la soci\u00e9t\u00e9 chypriotes.<\/p>\n<p>Vous pouvez contacter le Commissaire si vous croyez:<\/p>\n<ul>\n<li>Qu\u2019un organisme public ou un fonctionnaire public a trait\u00e9 votre affaire de mani\u00e8re injuste ou contrairement aux lois ou aux principes du droit administratif ou il a ind\u00fbment retard\u00e9 la r\u00e9ponse \u00e0 votre demande.<\/li>\n<li>Qu\u2019une entit\u00e9 publique ou priv\u00e9e vous a maltrait\u00e9 en raison de votre sexe, race, ethnicit\u00e9, la communaut\u00e9 o\u00f9 vous appartenez, votre langue, couleur, \u00e2ge, handicap, orientation sexuelle, religion, id\u00e9ologie politique ou autre.<\/li>\n<li>Que certains de vos droits sont viol\u00e9s (par exemple l\u2019acc\u00e8s \u00e0 l\u2019emploi, \u00e0 l\u2019\u00e9ducation, \u00e0 la sant\u00e9) en raison d\u2019un handicap.<\/li>\n<\/ul>\n<p>Tout individu peut d\u00e9poser une plainte au M\u00e9diateur, ou des plaintes peuvent \u00eatre d\u00e9pos\u00e9es par toute entit\u00e9 juridique ou toute organisation au nom de l\u2019individu.<\/p>\n<p>Le Commissaire d\u00e9cidera si toute action ou intervention de sa part est requise, en fonction de l\u2019objet et la s\u00e9v\u00e9rit\u00e9 de votre rapport.<\/p>\n<p><strong>Adresse:<\/strong> Era House, Diagorou 2, 1097 Nicosia<br \/>\n<strong>T\u00e9l:<\/strong> 22 405500 or 22405501<br \/>\n<strong>Fax:<\/strong> 22 672881<br \/>\n<strong>E-mail:<\/strong> <a href=\"mailto:ombudsman@ombudsman.gov.cy\" target=\"_blank\" rel=\"noopener noreferrer\">ombudsman@ombudsman.gov.cy<\/a><br \/>\n<strong>site Web:<\/strong> <a href=\"http:\/\/www.ombudsman.gov.cy\/\" target=\"_blank\" rel=\"noopener noreferrer\">www.ombudsman.gov.cy<\/a><\/p>\n<h3>Le Commissaire aux droits de l\u2019enfant<\/h3>\n<p>Le Commissaire aux droits de l\u2019enfant est une institution ind\u00e9pendante portant exclusivement sur les droits de l\u2019enfant et dont les comp\u00e9tences et les obligations sont pr\u00e9vues par la loi.<\/p>\n<p>La mission du Commissaire est la protection et la promotion des droits de l\u2019enfant; son r\u00f4le est la repr\u00e9sentation des enfants et de leurs int\u00e9r\u00eats \u00e0 tous les niveaux.<\/p>\n<p>Le Commissaire examine des plaintes individuelles afin d\u2019\u00e9valuer la l\u00e9gislation, les politiques, les proc\u00e9dures et les pratiques en vigueur et de d\u00e9cider si elles constituent une violation des droits de l\u2019enfant. Dans de tels cas, le Commissaire fait une intervention o\u00f9 il le juge appropri\u00e9.<\/p>\n<p><strong>Adresse:<\/strong> Apelli and Pavlou Nirvana Streets, 5<sup>th<\/sup> Floor, 1496 Nicosia<br \/>\n<strong>T\u00e9l:<\/strong> 22 873200<br \/>\n<strong>Fax:<\/strong> 22 872365<br \/>\n<strong>\u0395-mail:<\/strong>\u00a0<a href=\"mailto:childcom@ccr.gov.cy\" target=\"_blank\" rel=\"noopener noreferrer\">childcom@ccr.gov.cy<\/a><br \/>\n<strong>site Web:<\/strong> <a href=\"http:\/\/www.childcom.org.cy\" target=\"_blank\" rel=\"noopener noreferrer\">www.childcom.org.cy<\/a><\/p>\n<h3>Autorit\u00e9 ind\u00e9pendante charg\u00e9e d\u2019enqu\u00eater les all\u00e9gations et les plaintes contre la police<\/h3>\n<p>L\u2019autorit\u00e9 ind\u00e9pendante charg\u00e9e d\u2019enqu\u00eater les all\u00e9gations et les plaintes contre la police (Independent Authority for the Investigation of Allegations and Complaints Against the Police) enqu\u00eate les all\u00e9gations et les plaintes sign\u00e9es pr\u00e9sent\u00e9es par \u00e9crit:<\/p>\n<p>(a) par la poste<\/p>\n<p>(b) en personne aux bureaux de l\u2019autorit\u00e9<\/p>\n<p>(c) par fax au num\u00e9ro 22 872413<\/p>\n<p>(d) par e-mail \u00e0 l\u2019adresse iaiacap@iaiacap.gov.cy<\/p>\n<p>(e) \u00e0 travers le site Web de l\u2019autorit\u00e9 en compl\u00e9tant le <strong><a href=\"http:\/\/www.iaiacap.gov.cy\/iaiacap\/iaiacap.nsf\/DMLcomplainform_en?OpenForm\" target=\"_blank\" rel=\"noopener noreferrer\">formulaire de plainte<\/a><\/strong>.<\/p>\n<p>Pour en savoir plus:<\/p>\n<p><strong>Adresse:<\/strong> Sahtouri 14-16, Office 302, 1080 Nicosia<br \/>\n<strong>T\u00e9l:<\/strong> 22 872412<br \/>\n<strong>Fax:<\/strong> 22 872413<br \/>\n<strong>site Web:<\/strong> <a href=\"http:\/\/www.iaiacap.gov.cy\" target=\"_blank\" rel=\"noopener noreferrer\">www.iaiacap.gov.cy<\/a><br \/>\n<strong>E-mail:<\/strong> <a href=\"mailto:iaiacap@iaiacap.gov.cy\" target=\"_blank\" rel=\"noopener noreferrer\">iaiacap@iaiacap.gov.cy<\/a><\/p>\n<h3>The Cyprus Media Complaints Commission<\/h3>\n<p>La Cyprus Media Complaints Commission est un conseil de presse ind\u00e9pendant qui est responsable de l\u2019autor\u00e9gulation des m\u00e9dias \u00e9crits et \u00e9l\u00e9ctroniques.<\/p>\n<p>Si vous avez lu un article injurieux ou si vous avez entendu un reportage offensants aux m\u00e9dias, vous pouvez <a href=\"http:\/\/www.cmcc.org.cy\/making_complaint.html\" target=\"_blank\" rel=\"noopener noreferrer\">d\u00e9poser une plainte<\/a> soit \u00e9lectroniquement en utilisant l\u2019adresse e-mail ou le site Web de la CMCC, ou par une lettre \u00e9crite \u00e0 la CMCC. Vous n\u2019avez pas besoin d\u2019un avocat pour d\u00e9poser une plainte, mais si vous pensez que vous avez en besoin, vous pouvez d\u00e9poser votre plainte \u00e0 travers un avocat de votre choix.<\/p>\n<p>Pour en savoir plus:<br \/>\nCyprus Media Complaints Commission, 12 RIK Avenue, 2120 Aglantzia, Nicosie<\/p>\n<p><strong>T\u00e9l:<\/strong>\u00a022 427717<br \/>\n<strong>Fax:<\/strong>\u00a022 427747<br \/>\n<strong>E-mail:<\/strong> <a href=\"mailto:deontologia@cytanet.com.cy\" target=\"_blank\" rel=\"noopener noreferrer\">deontologia@cytanet.com.cy<\/a><br \/>\n<strong>site Web:<\/strong>\u00a0<a href=\"http:\/\/www.cmcc.org.cy\/home.html\" target=\"_blank\" rel=\"noopener noreferrer\">www.cmcc.org.cy\/home.html<\/a><\/p>\n<h2>Associations &amp; Organisations non gouvernementales<\/h2>\n","protected":false},"excerpt":{"rendered":"<p>Le bureau du HCR \u00e0 Chypre L\u2019Agence des Nations unies pour les r\u00e9fugi\u00e9s (HCR) \u00e0 Chypre travaille avec le gouvernement ainsi qu\u2019avec les ONG et d\u2019autres partenaires afin de prot\u00e9ger les droits et le bien-\u00eatre des r\u00e9fugi\u00e9s et des demandeurs d\u2019asile. Pour plus de renseignements sur les services fournis par le HCR \u00e0 Chypre, consultez [&hellip;]<\/p>\n","protected":false},"author":1,"featured_media":0,"parent":0,"menu_order":1,"comment_status":"closed","ping_status":"closed","template":"page-templates\/sectioned.php","meta":{"_acf_changed":false,"footnotes":""},"class_list":["post-653","page","type-page","status-publish","hentry"],"acf":[],"_links":{"self":[{"href":"https:\/\/help.unhcr.org\/cyprus\/fr\/wp-json\/wp\/v2\/pages\/653","targetHints":{"allow":["GET"]}}],"collection":[{"href":"https:\/\/help.unhcr.org\/cyprus\/fr\/wp-json\/wp\/v2\/pages"}],"about":[{"href":"https:\/\/help.unhcr.org\/cyprus\/fr\/wp-json\/wp\/v2\/types\/page"}],"author":[{"embeddable":true,"href":"https:\/\/help.unhcr.org\/cyprus\/fr\/wp-json\/wp\/v2\/users\/1"}],"replies":[{"embeddable":true,"href":"https:\/\/help.unhcr.org\/cyprus\/fr\/wp-json\/wp\/v2\/comments?post=653"}],"version-history":[{"count":32,"href":"https:\/\/help.unhcr.org\/cyprus\/fr\/wp-json\/wp\/v2\/pages\/653\/revisions"}],"predecessor-version":[{"id":2364,"href":"https:\/\/help.unhcr.org\/cyprus\/fr\/wp-json\/wp\/v2\/pages\/653\/revisions\/2364"}],"wp:attachment":[{"href":"https:\/\/help.unhcr.org\/cyprus\/fr\/wp-json\/wp\/v2\/media?parent=653"}],"curies":[{"name":"wp","href":"https:\/\/api.w.org\/{rel}","templated":true}]}}