{"id":644,"date":"2017-05-31T09:39:04","date_gmt":"2017-05-31T09:39:04","guid":{"rendered":"http:\/\/help.unhcr.org\/cyprus\/country-information\/foreign-embassies\/"},"modified":"2026-03-24T09:12:47","modified_gmt":"2026-03-24T09:12:47","slug":"foreign-embassies","status":"publish","type":"page","link":"https:\/\/help.unhcr.org\/cyprus\/fr\/country-information\/foreign-embassies\/","title":{"rendered":"Pr\u00e9sentation du pays"},"content":{"rendered":"<h2>La R\u00e9publique de Chypre<\/h2>\n<h3>En un coup d&rsquo;\u0153il<\/h3>\n<ul>\n<li><strong>Population:<\/strong> Environ 1,2 million (estim\u00e9 en juillet 2017)<\/li>\n<li><strong>Capitale:<\/strong> Nicosie<\/li>\n<li><strong>Superficie totale:<\/strong> 9\u00a0251 km<sup>2<\/sup> (3\u00a0572 milles carr\u00e9s)<\/li>\n<li><strong>Langues principales:<\/strong> Grec, turc<\/li>\n<li><strong>Religions principales:<\/strong> Chr\u00e9tient\u00e9, Islam<\/li>\n<li><strong>Esp\u00e9rance de vie:<\/strong> 78 ans (hommes), 82 ans (femmes)<\/li>\n<li><strong>Unit\u00e9 mon\u00e9taire:<\/strong> Euro depuis le 1 janvier 2008<\/li>\n<li><strong>Principales exportations:<\/strong> V\u00eatements, pommes de terre, cigarettes, produits pharmaceutiques<\/li>\n<li><strong>RNB par habitant:<\/strong> 27 788 US$ (sud); 16 158 US$ (nord) (2015)<\/li>\n<li><strong>Domaine Internet:<\/strong> .cy<\/li>\n<li><strong>Indicatif international:<\/strong> +357<\/li>\n<li><strong>Taux d\u2019accroissement de la population:<\/strong> 89%<\/li>\n<li><strong>Taux de ch\u00f4mage:<\/strong> 4.2% (Eurostat, janvier 2026)<\/li>\n<li><strong>Taux de migration nette:<\/strong> 8,7 migrant(s)\/1\u00a0000 habitants<\/li>\n<\/ul>\n<p>Chypre est divis\u00e9e depuis 1974 avec la population chypriote grecque habitant la partie sud de l\u2019\u00eele, la population chypriote turque habitant la partie nord de l\u2019\u00eele et les soldats de la paix de l\u2019ONU maintenant la \u00ab\u00a0zone tampon\u00a0\u00bb.<\/p>\n","protected":false},"excerpt":{"rendered":"<p>La R\u00e9publique de Chypre En un coup d&rsquo;\u0153il Population: Environ 1,2 million (estim\u00e9 en juillet 2017) Capitale: Nicosie Superficie totale: 9\u00a0251 km2 (3\u00a0572 milles carr\u00e9s) Langues principales: Grec, turc Religions principales: Chr\u00e9tient\u00e9, Islam Esp\u00e9rance de vie: 78 ans (hommes), 82 ans (femmes) Unit\u00e9 mon\u00e9taire: Euro depuis le 1 janvier 2008 Principales exportations: V\u00eatements, pommes de [&hellip;]<\/p>\n","protected":false},"author":1,"featured_media":0,"parent":604,"menu_order":4,"comment_status":"closed","ping_status":"closed","template":"page-templates\/sectioned.php","meta":{"_acf_changed":false,"footnotes":""},"class_list":["post-644","page","type-page","status-publish","hentry"],"acf":[],"_links":{"self":[{"href":"https:\/\/help.unhcr.org\/cyprus\/fr\/wp-json\/wp\/v2\/pages\/644","targetHints":{"allow":["GET"]}}],"collection":[{"href":"https:\/\/help.unhcr.org\/cyprus\/fr\/wp-json\/wp\/v2\/pages"}],"about":[{"href":"https:\/\/help.unhcr.org\/cyprus\/fr\/wp-json\/wp\/v2\/types\/page"}],"author":[{"embeddable":true,"href":"https:\/\/help.unhcr.org\/cyprus\/fr\/wp-json\/wp\/v2\/users\/1"}],"replies":[{"embeddable":true,"href":"https:\/\/help.unhcr.org\/cyprus\/fr\/wp-json\/wp\/v2\/comments?post=644"}],"version-history":[{"count":9,"href":"https:\/\/help.unhcr.org\/cyprus\/fr\/wp-json\/wp\/v2\/pages\/644\/revisions"}],"predecessor-version":[{"id":2482,"href":"https:\/\/help.unhcr.org\/cyprus\/fr\/wp-json\/wp\/v2\/pages\/644\/revisions\/2482"}],"up":[{"embeddable":true,"href":"https:\/\/help.unhcr.org\/cyprus\/fr\/wp-json\/wp\/v2\/pages\/604"}],"wp:attachment":[{"href":"https:\/\/help.unhcr.org\/cyprus\/fr\/wp-json\/wp\/v2\/media?parent=644"}],"curies":[{"name":"wp","href":"https:\/\/api.w.org\/{rel}","templated":true}]}}