{"id":609,"date":"2017-05-31T09:36:31","date_gmt":"2017-05-31T09:36:31","guid":{"rendered":"http:\/\/help.unhcr.org\/cyprus\/country-information\/culture\/"},"modified":"2026-03-23T13:33:08","modified_gmt":"2026-03-23T13:33:08","slug":"culture","status":"publish","type":"page","link":"https:\/\/help.unhcr.org\/cyprus\/fr\/country-information\/culture\/","title":{"rendered":"Services d\u2019urgence"},"content":{"rendered":"<p>Ici vous trouverez les services d\u2019urgence g\u00e9n\u00e9raux disponibles partout dans l\u2019\u00eele.<\/p>\n<p>Si votre urgence est li\u00e9e \u00e0 votre situation en tant que r\u00e9fugi\u00e9 ou demandeur d\u2019asile \u00e0 Chypre, consultez notre rubrique <strong><a href=\"https:\/\/help.unhcr.org\/cyprus\/fr\/where-can-i-seek-help\/?lang=fr\">O\u00f9 puis-je chercher de l\u2019aide ?<\/a><\/strong> pour les coordonn\u00e9es du HCR \u00e0 Chypre, des services gouvernementaux et d\u2019autres associations et des organisations non-gouvernementales (ONG) qui offrent de diff\u00e9rents types d\u2019aide.<\/p>\n<p><strong>Le num\u00e9ro d\u2019appel d\u2019urgence unique europ\u00e9en <span style=\"text-decoration: underline\">pour tout service d\u2019urgence<\/span> partout dans l\u2019Union europ\u00e9enne est le \u00ab\u00a0112\u00a0\u00bb.<\/strong><\/p>\n<h2>Les h\u00f4pitaux \u00e0 Chypre<\/h2>\n<p>Vous trouverez ci-dessous les h\u00f4pitaux principaux des r\u00e9gions avec des Services des accidents et des urgences 24h\/24:<\/p>\n<p>Nicosie:\u00a0 \u00a0 \u00a0 \u00a0 \u00a0 \u00a0 \u00a0 22 603 000<br \/>Limassol:\u00a0 \u00a0 \u00a0 \u00a0 \u00a0 \u00a0 25 801 100<br \/>Larnaca:\u00a0 \u00a0 \u00a0 \u00a0 \u00a0 \u00a0 \u00a024 800 500<br \/>Pafos:\u00a0 \u00a0 \u00a0 \u00a0 \u00a0 \u00a0 \u00a0 \u00a0 \u00a026 803 100<br \/>Paralimni:\u00a0 \u00a0 \u00a0 \u00a0 \u00a0 \u00a023 200 000<\/p>\n<h2>Pharmacies<\/h2>\n<p>Les pharmacies sont ouvertes pendant les horaires habituels des magasins. Pour vous renseigner sur les pharmacies qui sont ouvertes durant la nuit et sur les pharmacies d\u2019urgence, veuillez appeler les num\u00e9ros suivants de votre r\u00e9gion. Le <strong><a href=\"https:\/\/www.cyta.com.cy\/id\/m144\/en\" target=\"_blank\" rel=\"noopener\">site Web de CyTA<\/a><\/strong> est aussi mis \u00e0 jour r\u00e9guli\u00e8rement par rapport aux pharmacies de nuit. \u00a0Si vous avez un smartphone et acc\u00e8s \u00e0 Internet, vous pouvez t\u00e9l\u00e9charger l\u2019application gratuite <em>PharmaCY<\/em> qui vous donne les m\u00eames informations sur tous les r\u00e9gions.<\/p>\n<p>Nicosie:\u00a0 \u00a0 \u00a0 \u00a0 \u00a0 \u00a0 \u00a0 \u00a0 90 901 412<br \/>Limassol:\u00a0 \u00a0 \u00a0 \u00a0 \u00a0 \u00a0 \u00a0 90 901 415<br \/>Larnaca: \u00a0 \u00a0 \u00a0 \u00a0 \u00a0 \u00a0 \u00a0 90 901 414<br \/>Pafos:\u00a0 \u00a0 \u00a0 \u00a0 \u00a0 \u00a0 \u00a0 \u00a0 \u00a0 \u00a090 901 416<br \/>Paralimni:\u00a0 \u00a0 \u00a0 \u00a0 \u00a0 \u00a0 \u00a090 901 413<\/p>\n<h2>Police<\/h2>\n<p>Les num\u00e9ros de t\u00e9l\u00e9phone pour les pr\u00e9fectures de police dans chaque ville sont:<\/p>\n<p>Nicosie:\u00a0 \u00a0 \u00a0 \u00a0 \u00a0 \u00a0 \u00a0 \u00a0 \u00a0 22 802 020<br \/>Limassol:\u00a0 \u00a0 \u00a0 \u00a0 \u00a0 \u00a0 \u00a0 \u00a0 25 805 050<br \/>Larnaca:\u00a0 \u00a0 \u00a0 \u00a0 \u00a0 \u00a0 \u00a0 \u00a0 \u00a024 630 200<br \/>Pafos:\u00a0 \u00a0 \u00a0 \u00a0 \u00a0 \u00a0 \u00a0 \u00a0 \u00a0 \u00a0 \u00a026 806 060<br \/>Paralimni:\u00a0 \u00a0 \u00a0 \u00a0 \u00a0 \u00a0 \u00a0 \u00a023 803 200<\/p>\n<p>Vous pouvez \u00e9galement composer le 1460 <a href=\"https:\/\/www.police.gov.cy\/police\/police.nsf\/All\/C07DAD4D055DD8B0C22583F90045B9D3?OpenDocument\" target=\"_blank\" rel=\"noopener\">pour joindre la ligne d&rsquo;\u00e9coute des citoyens<\/a>.<\/p>\n\n\n<p><\/p>\n","protected":false},"excerpt":{"rendered":"<p>Ici vous trouverez les services d\u2019urgence g\u00e9n\u00e9raux disponibles partout dans l\u2019\u00eele. Si votre urgence est li\u00e9e \u00e0 votre situation en tant que r\u00e9fugi\u00e9 ou demandeur d\u2019asile \u00e0 Chypre, consultez notre rubrique O\u00f9 puis-je chercher de l\u2019aide ? pour les coordonn\u00e9es du HCR \u00e0 Chypre, des services gouvernementaux et d\u2019autres associations et des organisations non-gouvernementales (ONG) [&hellip;]<\/p>\n","protected":false},"author":1,"featured_media":0,"parent":604,"menu_order":1,"comment_status":"closed","ping_status":"closed","template":"","meta":{"_acf_changed":false,"footnotes":""},"class_list":["post-609","page","type-page","status-publish","hentry"],"acf":[],"_links":{"self":[{"href":"https:\/\/help.unhcr.org\/cyprus\/fr\/wp-json\/wp\/v2\/pages\/609","targetHints":{"allow":["GET"]}}],"collection":[{"href":"https:\/\/help.unhcr.org\/cyprus\/fr\/wp-json\/wp\/v2\/pages"}],"about":[{"href":"https:\/\/help.unhcr.org\/cyprus\/fr\/wp-json\/wp\/v2\/types\/page"}],"author":[{"embeddable":true,"href":"https:\/\/help.unhcr.org\/cyprus\/fr\/wp-json\/wp\/v2\/users\/1"}],"replies":[{"embeddable":true,"href":"https:\/\/help.unhcr.org\/cyprus\/fr\/wp-json\/wp\/v2\/comments?post=609"}],"version-history":[{"count":13,"href":"https:\/\/help.unhcr.org\/cyprus\/fr\/wp-json\/wp\/v2\/pages\/609\/revisions"}],"predecessor-version":[{"id":2472,"href":"https:\/\/help.unhcr.org\/cyprus\/fr\/wp-json\/wp\/v2\/pages\/609\/revisions\/2472"}],"up":[{"embeddable":true,"href":"https:\/\/help.unhcr.org\/cyprus\/fr\/wp-json\/wp\/v2\/pages\/604"}],"wp:attachment":[{"href":"https:\/\/help.unhcr.org\/cyprus\/fr\/wp-json\/wp\/v2\/media?parent=609"}],"curies":[{"name":"wp","href":"https:\/\/api.w.org\/{rel}","templated":true}]}}