{"id":1339,"date":"2020-03-30T12:55:34","date_gmt":"2020-03-30T12:55:34","guid":{"rendered":"http:\/\/help.unhcr.org\/cyprus\/?page_id=1339"},"modified":"2021-08-04T18:43:06","modified_gmt":"2021-08-04T18:43:06","slug":"covid-19-coronavirus","status":"publish","type":"page","link":"https:\/\/help.unhcr.org\/cyprus\/fr\/covid-19-coronavirus\/","title":{"rendered":"COVID-19 \/ Coronavirus"},"content":{"rendered":"\n<figure class=\"wp-block-image size-large\"><img loading=\"lazy\" decoding=\"async\" width=\"795\" height=\"1024\" src=\"https:\/\/help.unhcr.org\/cyprus\/wp-content\/uploads\/sites\/12\/2021\/05\/Covid-19-Vaccination-Poster1-795x1024.jpg\" alt=\"\" class=\"wp-image-1655\" srcset=\"https:\/\/help.unhcr.org\/cyprus\/wp-content\/uploads\/sites\/12\/2021\/05\/Covid-19-Vaccination-Poster1-795x1024.jpg 795w, https:\/\/help.unhcr.org\/cyprus\/wp-content\/uploads\/sites\/12\/2021\/05\/Covid-19-Vaccination-Poster1-233x300.jpg 233w, https:\/\/help.unhcr.org\/cyprus\/wp-content\/uploads\/sites\/12\/2021\/05\/Covid-19-Vaccination-Poster1-768x989.jpg 768w, https:\/\/help.unhcr.org\/cyprus\/wp-content\/uploads\/sites\/12\/2021\/05\/Covid-19-Vaccination-Poster1-1192x1536.jpg 1192w, https:\/\/help.unhcr.org\/cyprus\/wp-content\/uploads\/sites\/12\/2021\/05\/Covid-19-Vaccination-Poster1-1590x2048.jpg 1590w, https:\/\/help.unhcr.org\/cyprus\/wp-content\/uploads\/sites\/12\/2021\/05\/Covid-19-Vaccination-Poster1-scaled.jpg 1987w\" sizes=\"auto, (max-width: 795px) 100vw, 795px\" \/><figcaption>Tout le monde en Chypre peut s&rsquo;inscrire pour la vaccination Covid-19 ? <strong>Si vous avez acc\u00e8s \u00e0 GESY<\/strong>, vous pouvez contacter votre m\u00e9decin personnel et vous inscrire en ligne.\u00a0? Les vaccinations des personnes non inscrites ou non b\u00e9n\u00e9ficiaires du GeSY d\u00e9buteront \u00e0 partir du vendredi 6 ao\u00fbt, et seront disponibles tous les vendredis de 8 \u00e0 14 heures, aux points suivants: <br><strong>Nicosie<\/strong>: Foire d\u2019\u00e9tat D, E, F <br><strong>Limassol<\/strong>: Spyros Kyprianou A, B, C<br><strong>Larnaca:<\/strong> Port D <br>Les centres ci-dessus remplaceront ceux qui fonctionnent aujourd\u2019hui comme des centres sans rendez-vous et couvriront les besoins des personnes inscrites et celles qui ne sont pas inscrites au GeSY. A Paphos et Famagouste, les personnes non inscrites au GESY pourront se faire vacciner dans les centres sans rendez-vous, d\u00e9j\u00e0 op\u00e9rationnels pour les personnes inscrites au GESY dans les H\u00f4pitaux G\u00e9n\u00e9raux des deux villes, quotidiennement (du lundi au vendredi). <br><strong>Pafos<\/strong>: H\u00f4pital g\u00e9n\u00e9ral de Pafos <br><strong>Ammochostos<\/strong>:\u00a0H\u00f4pital g\u00e9n\u00e9ral d\u2019Ammochostos <br>Les personnes non inscrites au GESY doivent pr\u00e9senter:\u00a0Pi\u00e8ce d\u2019identit\u00e9 (carte d\u2019identit\u00e9, passeport, etc.), Carte d\u2019enregistrement des \u00e9trangers (\u2018Alien Registration Card\u2019) ou preuve de la demande d\u2019enregistrement, et <a rel=\"noreferrer noopener\" href=\"https:\/\/bit.ly\/2TERDQ0\" target=\"_blank\"><strong>Formulaire de demande pour les personnes non inscrites au GeSY<\/strong><\/a>. Le formulaire doit \u00eatre enti\u00e8rement rempli.\u00a0<strong> <\/strong><br><strong>Les mineurs (12-17 ans) qui ne sont pas inscrits au GeSY <\/strong>auront \u00e9galement la possibilit\u00e9 de se faire vacciner dans ces centres, \u00e0 condition d\u2019avoir en outre soumis tous les documents n\u00e9cessaires et suivi la proc\u00e9dure en vigueur pour la vaccination des citoyens mineurs. <br>Les centres sans rendez-vous fonctionnent selon le principe du premier arriv\u00e9, premier servi.<\/figcaption><\/figure>\n\n\n\n<p><\/p>\n\n\n\n<p><strong><a href=\"https:\/\/www.cyrefugeecouncil.org\/covid-19-vaccination-faq-faq-sur-la-vaccination-contre-le-covid-19\/\" target=\"_blank\" rel=\"noreferrer noopener\">Vaccination contre COVID-19 \u2013 R\u00e9ponses aux questions fr\u00e9quemment pos\u00e9es<\/a><\/strong><\/p>\n\n\n\n<figure class=\"wp-block-image size-large\"><img loading=\"lazy\" decoding=\"async\" width=\"1024\" height=\"536\" src=\"https:\/\/help.unhcr.org\/cyprus\/wp-content\/uploads\/sites\/12\/2020\/03\/FB_Symptoms_FR-1024x536.png\" alt=\"\" class=\"wp-image-1243\" srcset=\"https:\/\/help.unhcr.org\/cyprus\/wp-content\/uploads\/sites\/12\/2020\/03\/FB_Symptoms_FR-1024x536.png 1024w, https:\/\/help.unhcr.org\/cyprus\/wp-content\/uploads\/sites\/12\/2020\/03\/FB_Symptoms_FR-300x157.png 300w, https:\/\/help.unhcr.org\/cyprus\/wp-content\/uploads\/sites\/12\/2020\/03\/FB_Symptoms_FR-768x402.png 768w, https:\/\/help.unhcr.org\/cyprus\/wp-content\/uploads\/sites\/12\/2020\/03\/FB_Symptoms_FR.png 1200w\" sizes=\"auto, (max-width: 1024px) 100vw, 1024px\" \/><\/figure>\n\n\n\n<figure class=\"wp-block-image size-large\"><img loading=\"lazy\" decoding=\"async\" width=\"1024\" height=\"535\" src=\"https:\/\/help.unhcr.org\/cyprus\/wp-content\/uploads\/sites\/12\/2020\/03\/FacebookFR-1024x535.png\" alt=\"\" class=\"wp-image-1229\" srcset=\"https:\/\/help.unhcr.org\/cyprus\/wp-content\/uploads\/sites\/12\/2020\/03\/FacebookFR-1024x535.png 1024w, https:\/\/help.unhcr.org\/cyprus\/wp-content\/uploads\/sites\/12\/2020\/03\/FacebookFR-300x157.png 300w, https:\/\/help.unhcr.org\/cyprus\/wp-content\/uploads\/sites\/12\/2020\/03\/FacebookFR-768x402.png 768w, https:\/\/help.unhcr.org\/cyprus\/wp-content\/uploads\/sites\/12\/2020\/03\/FacebookFR.png 1201w\" sizes=\"auto, (max-width: 1024px) 100vw, 1024px\" \/><\/figure>\n\n\n\n<p><strong><span style=\"text-decoration: underline\">Informations officielles de la R\u00e9publique de Chypre<\/span><\/strong><\/p>\n\n\n\n<p><strong>INFORMATIONS SUR LES VACCINATIONS CONTRE LE COVID-19 \u00c0 CHYPRE: <\/strong>Le gouvernement de la R\u00e9publique de Chypre a commenc\u00e9 le d\u00e9ploiement du plan national de vaccination contre le COVID-19. La priorit\u00e9 est donn\u00e9e aux r\u00e9sidents selon leur \u00e2ge. Le <strong><a href=\"https:\/\/www.pio.gov.cy\/coronavirus\/eng\/categories\/vaccines-en\" target=\"_blank\" rel=\"noreferrer noopener\">Service de presse et d\u2019information annonce chaque semaine<\/a><\/strong> quel groupe d&rsquo;\u00e2ge est \u00e9ligible pour la vaccination, et pour lequel la prise de rendez-vous est disponible via le portail de vaccination COVID-19, accessible depuis <strong><a href=\"https:\/\/www.gesy.org.cy\/\" target=\"_blank\" rel=\"noreferrer noopener\">le site du syst\u00e8me g\u00e9n\u00e9ral de sant\u00e9 (GeSY)<\/a><\/strong>. Les r\u00e9fugi\u00e9s et les b\u00e9n\u00e9ficiaires de la protection subsidiaire ont acc\u00e8s au syst\u00e8me de sant\u00e9 g\u00e9n\u00e9ral et sont donc inclus dans le plan national de vaccination dans les m\u00eames conditions que les citoyens chypriotes et de l&rsquo;Union Europ\u00e9enne. Ils peuvent prendre rendez-vous pour la vaccination via le portail de vaccination COVID-19 lorsqu&rsquo;ils deviennent \u00e9ligibles selon leur cat\u00e9gorie d&rsquo;\u00e2ge.<\/p>\n\n\n\n<p>Les r\u00e9fugi\u00e9s et les demandeurs d&rsquo;asile r\u00e9sidant dans les centres d&rsquo;accueil (Kofinou et Pournara) sont inclus dans <strong><a href=\"https:\/\/help.unhcr.org\/cyprus\/wp-content\/uploads\/sites\/12\/2021\/02\/NationalVaccinationPlan_FR.docx\" target=\"_blank\" rel=\"noreferrer noopener\">le plan national de vaccination<\/a><\/strong>. Les demandeurs d&rsquo;asile vivant en dehors des centres d\u2019accueil doivent s&rsquo;inscrire pour la vaccination en fonction de leur \u00e2ge, en compl\u00e9tant et en envoyant le formulaire d\u2019inscription suivant au Minist\u00e8re de la sant\u00e9, accompagn\u00e9 d\u2019une copie de leur carte d&rsquo;identit\u00e9 ARC pour les non nationaux ou de tout autre document d&rsquo;identification, ainsi qu&rsquo;une copie de leur carte m\u00e9dicale&nbsp;:<\/p>\n\n\n\n<p><strong><a href=\"https:\/\/help.unhcr.org\/cyprus\/wp-content\/uploads\/sites\/12\/2021\/02\/Document-for-the-Registration-of-Citizens-that-are-not-GESY-Registered-for-COVID-Vaccination_FR.docx\" target=\"_blank\" rel=\"noreferrer noopener\">Formulaire d\u2019inscription pour les citoyens non inscrits au GeSY au portail chypriote de vaccination COVID-19<\/a><\/strong><a href=\"https:\/\/www.pio.gov.cy\/coronavirus\/uploads\/Document%20for%20the%20Registration%20of%20Citizens%20that%20are%20not%20GESY%20%20Registered%20for%20COVID%20Vaccination%20(1).docx\">.<\/a> NB: Le formulaire doit \u00eatre rempli en <a href=\"https:\/\/static.help.unhcr.org\/wp-content\/uploads\/sites\/12\/2021\/02\/25134219\/%CE%88%CE%BD%CF%84%CF%85%CF%80%CE%BF-%CE%95%CE%B3%CE%B3%CF%81%CE%B1%CF%86%CE%AE%CF%82-%CF%83%CF%84%CE%BF-%CE%9B%CE%BF%CE%B3%CE%B9%CF%83%CE%BC%CE%B9%CE%BA%CF%8C-%CE%95%CE%BC%CE%B2%CE%BF%CE%BB%CE%B9%CE%B1%CF%83%CE%BC%CF%8E%CE%BD.docx\" target=\"_blank\" rel=\"noreferrer noopener\"><strong>grec<\/strong><\/a> ou en <a href=\"https:\/\/help.unhcr.org\/cyprus\/wp-content\/uploads\/sites\/12\/2021\/02\/Document-for-the-Registration-of-Citizens-that-are-not-GESY-Registered-for-COVID-Vaccination_ENG.docx\" target=\"_blank\" rel=\"noreferrer noopener\"><strong>anglais<\/strong><\/a> uniquement. Nous fournissons seulement des traductions pour votre information et pour vous aider \u00e0 remplir le formulaire. Pour plus d\u2019information <strong><a href=\"https:\/\/help.unhcr.org\/cyprus\/wp-content\/uploads\/sites\/12\/2021\/02\/Press-release_FR.docx\" target=\"_blank\" rel=\"noreferrer noopener\">cliquez ici<\/a><\/strong>.<\/p>\n\n\n\n<p><strong><a href=\"https:\/\/cyrefugeecouncil.org\/further-measures-to-combat-covid-19-valid-from-12-november-to-30-november-2020\/\" target=\"_blank\" rel=\"noreferrer noopener\">Nouvelles mesures de lutte contre le COVID-19 applicables du 12 au 30 novembre 2020<\/a><\/strong>                                  <\/p>\n\n\n\n<p><strong>Annonce importante : Nouvelles mesures pour lutter contre l&rsquo;augmentation des cas de COVID-19 \u2014 en vigueur du 23\/10\/2020 au 09\/11\/2020.<\/strong> En raison de l\u2019augmentation rapide des cas de COVID-19 \u00e0 Chypre au cours des deux derni\u00e8res semaines, de nouvelles mesures ont \u00e9t\u00e9 annonc\u00e9es par le gouvernement aujourd\u2019hui le 22\/10\/2020.<\/p>\n\n\n\n<p><strong>Les mesures suivantes sont appliqu\u00e9es dans toutes les r\u00e9gions :<\/strong><\/p>\n\n\n\n<p>-Le port du masque est obligatoire dans tous les lieux publics pour toute personne de plus de 12 ans.<br>-Maximum de 10 personnes rassembl\u00e9es dans les domiciles et lieux publics.<br>-Maximum de 6 personnes par table dans les restaurants et les caf\u00e9s.<br>-Maximum de 75 personnes dans les espaces clos et de 150 personnes dans les espaces en plein air pour les restaurants. Quelle que soit la taille de l\u2019espace la distance reste de 3m\u00b2 pour les espaces clos et de 2m\u00b2 pour les espaces de plein air.<br>-Les \u00e9v\u00e9nements sportifs sont autoris\u00e9s sans spectateurs.<br>-Les cin\u00e9mas, th\u00e9\u00e2tres etc. continuent leurs activit\u00e9s \u00e0 50% de leur capacit\u00e9.<br>-Les cocktails et les r\u00e9ceptions lors de mariages et bapt\u00eames ne sont pas autoris\u00e9s. Seulement les d\u00eeners pour un maximum de 350 invit\u00e9s.<br>-Les commerces de d\u00e9tails et les pharmacies sont exclusivement ouverts aux personnes \u00e2g\u00e9es et handicap\u00e9es entre 8 heures et 9 heures du matin.<\/p>\n\n\n\n<p><strong>Les mesures suppl\u00e9mentaires suivantes sont appliqu\u00e9es sp\u00e9cifiquement pour les r\u00e9gions de PAPHOS et LIMASSOL :<\/strong><\/p>\n\n\n\n<p>-Les restaurants, caf\u00e9s, bars, etc. doivent fermer leurs portes \u00e0 22 heures 30.<br>-Restriction de mouvement (couvre-feu) de 23 heures \u00e0 5 heures du matin, \u00e0 l\u2019exception des d\u00e9placements d\u2019urgence pour raison m\u00e9dicale (de\/vers pharmacies ou h\u00f4pitaux) ou pour raison professionnelle sous r\u00e9serve d\u2019un certificat de travail.<br>-Toute activit\u00e9 sociale ou sportive pour les enfants de moins de 18 ans sont report\u00e9es (football, danse, natation, etc.).<br>-Tout \u00e9v\u00e9nement sportif et championnat bas\u00e9 \u00e0 Paphos ou Limassol pour les enfants de moins de 18 ans sont report\u00e9s.<br><\/p>\n\n\n\n<p><a href=\"https:\/\/www.pio.gov.cy\/coronavirus\/en\/pdf\/metrafr.pdf\" target=\"_blank\" rel=\"noreferrer noopener\"><strong>D\u00c9CONFINEMENT PROGRESSIF DES RESTRICTIONS &#8211; DEUXI\u00c8ME ETAPE: 21\/05\/2020<\/strong><\/a><\/p>\n\n\n\n<p><a href=\"https:\/\/www.pio.gov.cy\/coronavirus\/en\/pdf\/formsmsfr.pdf\" target=\"_blank\" rel=\"noreferrer noopener\"><strong>Lev\u00e9e progressive des restrictions &#8211; circulation des personnes<\/strong><\/a> &#8211;  04\/05\/2020<\/p>\n\n\n\n<p><a href=\"https:\/\/help.unhcr.org\/cyprus\/wp-content\/uploads\/sites\/12\/2020\/03\/PresidentStatement_23March_synopsis_French.pdf\" target=\"_blank\" rel=\"noreferrer noopener\">Covid-19: Confinement \u00e0 Chypre \u00e0 partir de 18 heures, mardi 24 mars jusqu&rsquo;au 13 avril 2020<\/a><\/p>\n\n\n\n<p><a href=\"https:\/\/help.unhcr.org\/cyprus\/wp-content\/uploads\/sites\/12\/2020\/03\/Guidelines-for-confirmation-of-movement_French.pdf\" target=\"_blank\" rel=\"noreferrer noopener\">Orientations pour les habitants &#8211; But du movement<\/a><br><a href=\"https:\/\/help.unhcr.org\/cyprus\/wp-content\/uploads\/sites\/12\/2020\/03\/CONFIRMATION-FOR-EMPLOYEE-MOVEMENT_Form-A_FR.pdf\" target=\"_blank\" rel=\"noreferrer noopener\">CONFIRMATION DU MOUVEMENT DES EMPLOY\u00c9S &#8211; FORMUL A<\/a>**<br><a href=\"https:\/\/help.unhcr.org\/cyprus\/wp-content\/uploads\/sites\/12\/2020\/03\/DECLARATION-OF-CITIZENS-MOVEMENT-FORM-B-FR.pdf\" target=\"_blank\" rel=\"noreferrer noopener\">D\u00c9CLARATION DU MOUVEMENT CITOYEN DANS DES CAS EXCEPTIONNELS &#8211; FORMUL B<\/a>**<br><em>**Pour r\u00e9f\u00e9rence, vous devez utiliser uniquement le formulaire officiel en <a href=\"https:\/\/covid19.cy\/index_en.html\" target=\"_blank\" rel=\"noreferrer noopener\">grec ou en anglais<\/a><\/em>   <br><a href=\"https:\/\/www.pio.gov.cy\/coronavirus\/en\/index.html\">https:\/\/www.pio.gov.cy\/coronavirus\/en\/index.html<\/a> <br><a href=\"https:\/\/www.pio.gov.cy\/coronavirus\/en\/pdf\/french.pdf\">https:\/\/www.pio.gov.cy\/coronavirus\/en\/pdf\/french.pdf<\/a><\/p>\n\n\n\n<figure class=\"wp-block-image size-large\"><img loading=\"lazy\" decoding=\"async\" width=\"1024\" height=\"721\" src=\"https:\/\/help.unhcr.org\/cyprus\/wp-content\/uploads\/sites\/12\/2020\/04\/HOTLINES-FRENCH.jpg\" alt=\"\" class=\"wp-image-1375\" srcset=\"https:\/\/help.unhcr.org\/cyprus\/wp-content\/uploads\/sites\/12\/2020\/04\/HOTLINES-FRENCH.jpg 1024w, https:\/\/help.unhcr.org\/cyprus\/wp-content\/uploads\/sites\/12\/2020\/04\/HOTLINES-FRENCH-300x211.jpg 300w, https:\/\/help.unhcr.org\/cyprus\/wp-content\/uploads\/sites\/12\/2020\/04\/HOTLINES-FRENCH-768x541.jpg 768w\" sizes=\"auto, (max-width: 1024px) 100vw, 1024px\" \/><figcaption><a href=\"https:\/\/www.pio.gov.cy\/coronavirus\/pdf\/hotlinesf.pdf\" target=\"_blank\" rel=\"noreferrer noopener\">Assistance T\u00e9l\u00e9phonique du Gouvernement contre le Coronavirus (COVID-19)<\/a><\/figcaption><\/figure>\n\n\n\n<p><strong>Minist\u00e8re du travail<\/strong><br><a href=\"https:\/\/www.helprefugeeswork.org\/en\/content\/mesures-d\u2019assouplissement-progressif-des-restrictions-du-covid-19-au-4-mai-2020\" target=\"_blank\" rel=\"noreferrer noopener\">Lev\u00e9e progressive des restrictions &#8211; 04\/05\/2020<\/a><\/p>\n\n\n\n<p><a aria-label=\"Tous les programmes d'aide aux salari\u00e9s et aux entreprises (programme de garde d'enfants, indemnit\u00e9 sp\u00e9ciale de maladie, programme pour ind\u00e9pendants, suspension partielle ou totale des travaux) seront prolong\u00e9s jusqu'au 12\/05\/2020 (opens in a new tab)\" href=\"https:\/\/www.helprefugeeswork.org\/en\/content\/annonce-importante-concernant-tous-les-programmes-d-aide-gouvernementales-liees-au-covid-19\" target=\"_blank\" rel=\"noreferrer noopener\">Tous les programmes d&rsquo;aide aux salari\u00e9s et aux entreprises (programme de garde d&rsquo;enfants, indemnit\u00e9 sp\u00e9ciale de maladie, programme pour ind\u00e9pendants, suspension partielle ou totale des travaux) seront prolong\u00e9s jusqu&rsquo;au 12\/05\/2020<\/a><\/p>\n\n\n\n<p><a aria-label=\"Coronavirus: D\u00e9couvrez si vous \u00eates une personne vuln\u00e9rable. Vous devrez peut-\u00eatre travailler \u00e0 domicile, ou demander une ind\u00e9mnit\u00e9 sp\u00e9ciale de maladie (opens in a new tab)\" href=\"https:\/\/www.helprefugeeswork.org\/en\/content\/coronavirus-d\u00e9couvrez-si-vous-\u00eates-une-personne-vuln\u00e9rable-vous-devrez-peut-\u00eatre-travailler\" target=\"_blank\" rel=\"noreferrer noopener\"><strong>Coronavirus: D\u00e9couvrez si vous \u00eates une personne vuln\u00e9rable.<\/strong> Vous devrez peut-\u00eatre travailler \u00e0 domicile, ou demander une ind\u00e9mnit\u00e9 sp\u00e9ciale de maladie<\/a> <\/p>\n\n\n\n<p><a aria-label=\"ANNONCE IMPORTANTE: Mesures de soutien pour les employ\u00e9s et employeurs en raison de l'\u00e9pid\u00e9mie de Covid-19&#010; (opens in a new tab)\" href=\"https:\/\/www.helprefugeeswork.org\/en\/content\/annonce-importante-mesures-de-soutien-pour-les-employ\u00e9s-et-employeurs-en-raison-de-l\u00e9pid\u00e9mie\" target=\"_blank\" rel=\"noreferrer noopener\"><strong>ANNONCE IMPORTANTE:<\/strong> Mesures de soutien pour les employ\u00e9s et employeurs en raison de l&rsquo;\u00e9pid\u00e9mie de Covid-19<\/a><\/p>\n\n\n\n<p><a aria-label=\"ANNONCE IMPORTANTE: Plan sp\u00e9cial de suspension partielle des travaux commerciaux et mise \u00e0 disposition de l'allocation sp\u00e9ciale de ch\u00f4mage. Valable du 16\/03\/2020 au 12\/04\/2020 (opens in a new tab)\" href=\"https:\/\/www.helprefugeeswork.org\/en\/content\/plan-sp\u00e9cial-de-suspension-partielle-des-travaux-commerciaux-et-mise-\u00e0-disposition-de\" target=\"_blank\" rel=\"noreferrer noopener\"><strong>ANNONCE IMPORTANTE: <\/strong>Plan sp\u00e9cial de suspension partielle des travaux commerciaux et mise \u00e0 disposition de l&rsquo;allocation sp\u00e9ciale de ch\u00f4mage. Valable du 16\/03\/2020 au 12\/04\/2020<\/a><\/p>\n\n\n\n<p><a aria-label=\"ANNONCE IMPORTANTE: Plan sp\u00e9cial concernant la suspension compl\u00e8te des op\u00e9rations commerciales et l'octroi de l'allocation sp\u00e9ciale de ch\u00f4mage aux employ\u00e9s (opens in a new tab)\" href=\"https:\/\/www.helprefugeeswork.org\/en\/content\/coronavirus-annonce-importante-mesures-de-soutien-pour-lutter-contre-les-effets-du\" target=\"_blank\" rel=\"noreferrer noopener\"><strong>ANNONCE IMPORTANTE:<\/strong> Plan sp\u00e9cial concernant la suspension compl\u00e8te des op\u00e9rations commerciales et l&rsquo;octroi de l&rsquo;allocation sp\u00e9ciale de ch\u00f4mage aux employ\u00e9s<\/a><\/p>\n\n\n\n<p><a aria-label=\"ANNONCE 17\/03\/2020: Nouvelles inscriptions au ch\u00f4mage et r\u00e9siliation des inscriptions par e-mail \/ fax (opens in a new tab)\" href=\"https:\/\/help.unhcr.org\/cyprus\/wp-content\/uploads\/sites\/12\/2020\/04\/Announcement-from-the-Labour-Department_17.03.2020_French.pdf\" target=\"_blank\" rel=\"noreferrer noopener\"><strong>ANNONCE 17\/03\/2020: <\/strong>Nouvelles inscriptions au ch\u00f4mage et r\u00e9siliation des inscriptions par e-mail \/ fax<\/a><\/p>\n\n\n\n<p><strong><a aria-label=\"ANNONCE 12\/03\/2020 (opens in a new tab)\" href=\"https:\/\/help.unhcr.org\/cyprus\/wp-content\/uploads\/sites\/12\/2020\/04\/Announcement-from-the-Labour-Department_12.03.2020_French.pdf\" target=\"_blank\" rel=\"noreferrer noopener\">ANNONCE 12\/03\/2020<\/a><\/strong><\/p>\n\n\n\n<p><strong>Organisation mondiale de la Sant\u00e9<\/strong><br><a href=\"https:\/\/www.who.int\/fr\/emergencies\/diseases\/novel-coronavirus-2019\">https:\/\/www.who.int\/fr\/emergencies\/diseases\/novel-coronavirus-2019<\/a><br><a href=\"http:\/\/www.emro.who.int\/fr\/health-topics\/corona-virus\/information-resources.html\">http:\/\/www.emro.who.int\/fr\/health-topics\/corona-virus\/information-resources.html<\/a> <\/p>\n","protected":false},"excerpt":{"rendered":"<p>Vaccination contre COVID-19 \u2013 R\u00e9ponses aux questions fr\u00e9quemment pos\u00e9es Informations officielles de la R\u00e9publique de Chypre INFORMATIONS SUR LES VACCINATIONS CONTRE LE COVID-19 \u00c0 CHYPRE: Le gouvernement de la R\u00e9publique de Chypre a commenc\u00e9 le d\u00e9ploiement du plan national de vaccination contre le COVID-19. La priorit\u00e9 est donn\u00e9e aux r\u00e9sidents selon leur \u00e2ge. Le Service [&hellip;]<\/p>\n","protected":false},"author":13,"featured_media":0,"parent":0,"menu_order":1,"comment_status":"closed","ping_status":"closed","template":"","meta":{"_acf_changed":false,"footnotes":""},"class_list":["post-1339","page","type-page","status-publish","hentry"],"acf":[],"_links":{"self":[{"href":"https:\/\/help.unhcr.org\/cyprus\/fr\/wp-json\/wp\/v2\/pages\/1339","targetHints":{"allow":["GET"]}}],"collection":[{"href":"https:\/\/help.unhcr.org\/cyprus\/fr\/wp-json\/wp\/v2\/pages"}],"about":[{"href":"https:\/\/help.unhcr.org\/cyprus\/fr\/wp-json\/wp\/v2\/types\/page"}],"author":[{"embeddable":true,"href":"https:\/\/help.unhcr.org\/cyprus\/fr\/wp-json\/wp\/v2\/users\/13"}],"replies":[{"embeddable":true,"href":"https:\/\/help.unhcr.org\/cyprus\/fr\/wp-json\/wp\/v2\/comments?post=1339"}],"version-history":[{"count":36,"href":"https:\/\/help.unhcr.org\/cyprus\/fr\/wp-json\/wp\/v2\/pages\/1339\/revisions"}],"predecessor-version":[{"id":1701,"href":"https:\/\/help.unhcr.org\/cyprus\/fr\/wp-json\/wp\/v2\/pages\/1339\/revisions\/1701"}],"wp:attachment":[{"href":"https:\/\/help.unhcr.org\/cyprus\/fr\/wp-json\/wp\/v2\/media?parent=1339"}],"curies":[{"name":"wp","href":"https:\/\/api.w.org\/{rel}","templated":true}]}}