{"id":382,"date":"2024-07-31T15:21:37","date_gmt":"2024-07-31T15:21:37","guid":{"rendered":"https:\/\/help.unhcr.org\/curacao\/?page_id=382"},"modified":"2024-10-08T13:17:48","modified_gmt":"2024-10-08T13:17:48","slug":"violencia-de-genero","status":"publish","type":"page","link":"https:\/\/help.unhcr.org\/curacao\/conoce-tus-derechos\/violencia-de-genero\/","title":{"rendered":"Violencia de G\u00e9nero"},"content":{"rendered":"\n<p>Si eres sobreviviente de violencia de g\u00e9nero y buscas asistencia, comun\u00edcate a los n\u00fameros de contacto que ves en el folleto.<\/p>\n\n\n\n<figure class=\"wp-block-image size-large\"><img loading=\"lazy\" decoding=\"async\" width=\"1024\" height=\"791\" src=\"https:\/\/help.unhcr.org\/curacao\/wp-content\/uploads\/sites\/44\/2024\/07\/SPA-CUR-UNWOMEN-Brochure-1024x791.png\" alt=\"\" class=\"wp-image-383\" srcset=\"https:\/\/help.unhcr.org\/curacao\/wp-content\/uploads\/sites\/44\/2024\/07\/SPA-CUR-UNWOMEN-Brochure-1024x791.png 1024w, https:\/\/help.unhcr.org\/curacao\/wp-content\/uploads\/sites\/44\/2024\/07\/SPA-CUR-UNWOMEN-Brochure-300x232.png 300w, https:\/\/help.unhcr.org\/curacao\/wp-content\/uploads\/sites\/44\/2024\/07\/SPA-CUR-UNWOMEN-Brochure-768x593.png 768w, https:\/\/help.unhcr.org\/curacao\/wp-content\/uploads\/sites\/44\/2024\/07\/SPA-CUR-UNWOMEN-Brochure-1536x1187.png 1536w, https:\/\/help.unhcr.org\/curacao\/wp-content\/uploads\/sites\/44\/2024\/07\/SPA-CUR-UNWOMEN-Brochure.png 2000w\" sizes=\"auto, (max-width: 1024px) 100vw, 1024px\" \/><\/figure>\n\n\n\n<figure class=\"wp-block-image size-large\"><img loading=\"lazy\" decoding=\"async\" width=\"1024\" height=\"791\" src=\"https:\/\/help.unhcr.org\/curacao\/wp-content\/uploads\/sites\/44\/2024\/07\/SPA-CUR-UNWOMEN-Brochure-1-1024x791.png\" alt=\"\" class=\"wp-image-385\" srcset=\"https:\/\/help.unhcr.org\/curacao\/wp-content\/uploads\/sites\/44\/2024\/07\/SPA-CUR-UNWOMEN-Brochure-1-1024x791.png 1024w, https:\/\/help.unhcr.org\/curacao\/wp-content\/uploads\/sites\/44\/2024\/07\/SPA-CUR-UNWOMEN-Brochure-1-300x232.png 300w, https:\/\/help.unhcr.org\/curacao\/wp-content\/uploads\/sites\/44\/2024\/07\/SPA-CUR-UNWOMEN-Brochure-1-768x593.png 768w, https:\/\/help.unhcr.org\/curacao\/wp-content\/uploads\/sites\/44\/2024\/07\/SPA-CUR-UNWOMEN-Brochure-1-1536x1187.png 1536w, https:\/\/help.unhcr.org\/curacao\/wp-content\/uploads\/sites\/44\/2024\/07\/SPA-CUR-UNWOMEN-Brochure-1.png 2000w\" sizes=\"auto, (max-width: 1024px) 100vw, 1024px\" \/><\/figure>\n","protected":false},"excerpt":{"rendered":"<p>Si eres sobreviviente de violencia de g\u00e9nero y buscas asistencia, comun\u00edcate a los n\u00fameros de contacto que ves en el folleto.<\/p>\n","protected":false},"author":187,"featured_media":0,"parent":259,"menu_order":0,"comment_status":"closed","ping_status":"closed","template":"","meta":{"_acf_changed":false,"footnotes":""},"class_list":["post-382","page","type-page","status-publish","hentry"],"acf":[],"_links":{"self":[{"href":"https:\/\/help.unhcr.org\/curacao\/wp-json\/wp\/v2\/pages\/382","targetHints":{"allow":["GET"]}}],"collection":[{"href":"https:\/\/help.unhcr.org\/curacao\/wp-json\/wp\/v2\/pages"}],"about":[{"href":"https:\/\/help.unhcr.org\/curacao\/wp-json\/wp\/v2\/types\/page"}],"author":[{"embeddable":true,"href":"https:\/\/help.unhcr.org\/curacao\/wp-json\/wp\/v2\/users\/187"}],"replies":[{"embeddable":true,"href":"https:\/\/help.unhcr.org\/curacao\/wp-json\/wp\/v2\/comments?post=382"}],"version-history":[{"count":3,"href":"https:\/\/help.unhcr.org\/curacao\/wp-json\/wp\/v2\/pages\/382\/revisions"}],"predecessor-version":[{"id":733,"href":"https:\/\/help.unhcr.org\/curacao\/wp-json\/wp\/v2\/pages\/382\/revisions\/733"}],"up":[{"embeddable":true,"href":"https:\/\/help.unhcr.org\/curacao\/wp-json\/wp\/v2\/pages\/259"}],"wp:attachment":[{"href":"https:\/\/help.unhcr.org\/curacao\/wp-json\/wp\/v2\/media?parent=382"}],"curies":[{"name":"wp","href":"https:\/\/api.w.org\/{rel}","templated":true}]}}