{"id":294,"date":"2021-01-29T19:05:15","date_gmt":"2021-01-29T19:05:15","guid":{"rendered":"http:\/\/help.unhcr.org\/curacao\/?page_id=294"},"modified":"2024-10-08T13:13:25","modified_gmt":"2024-10-08T13:13:25","slug":"como-solicitar-asilo","status":"publish","type":"page","link":"https:\/\/help.unhcr.org\/curacao\/solicitar-asilo-o-proteccion\/como-solicitar-asilo\/","title":{"rendered":"Como solicitar protecci\u00f3n conforme el Articulo 3 de la Convenci\u00f3n Europea de Derechos Humanos"},"content":{"rendered":"\n<p>Curazao no tiene un procedimiento de asilo. Sin embargo, puedes solicitar protecci\u00f3n conforme al&nbsp;<strong>Art\u00edculo 3 de la Convenci\u00f3n Europea de Derechos Humanos (CEDH).<\/strong>&nbsp;La Unidad de Supervisi\u00f3n y Control de Fronteras de los Extranjeros de la Fuerza de Polic\u00eda de Curazao (UVTG por sus siglas en holand\u00e9s) est\u00e1 a cargo de recibir la solicitud de protecci\u00f3n bajo el art\u00edculo 3 CEDH. Esta es el departamento a quien debes dirigirte para solicitar protecci\u00f3n bajo el art\u00edculo 3. Para solicitar protecci\u00f3n, debes ir personalmente a la UVTG y completar una solicitud all\u00ed o contactarlos para cualquier pregunta o informaci\u00f3n.<\/p>\n\n\n\n<p><strong>Direcci\u00f3n:<\/strong>&nbsp;Winston Churchill Road sin n\u00famero<\/p>\n\n\n\n<p><strong>N\u00famero de tel\u00e9fono:<\/strong>&nbsp;8666 692\/693<\/p>\n\n\n\n<p>Para obtener m\u00e1s informaci\u00f3n o asistencia legal sobre como solicitar protecci\u00f3n por medio del Articulo 3 CEDH, puedes comunicar con Human Rights Defense Curacao (Defensa de los derechos de humanos Curazao) a traves de sus numeros de tel\u00e9fono: +5999 788 0126, +5999567 6707 o por correo electronico&nbsp;<a href=\"mailto:info@humanrightdefense.org\">info@humanrightdefense.org<\/a><\/p>\n\n\n\n<p><\/p>\n","protected":false},"excerpt":{"rendered":"<p>Curazao no tiene un procedimiento de asilo. Sin embargo, puedes solicitar protecci\u00f3n conforme al&nbsp;Art\u00edculo 3 de la Convenci\u00f3n Europea de Derechos Humanos (CEDH).&nbsp;La Unidad de Supervisi\u00f3n y Control de Fronteras de los Extranjeros de la Fuerza de Polic\u00eda de Curazao (UVTG por sus siglas en holand\u00e9s) est\u00e1 a cargo de recibir la solicitud de protecci\u00f3n [&hellip;]<\/p>\n","protected":false},"author":78,"featured_media":0,"parent":284,"menu_order":2,"comment_status":"closed","ping_status":"closed","template":"page-templates\/listing_page.php","meta":{"_acf_changed":false,"footnotes":""},"class_list":["post-294","page","type-page","status-publish","hentry"],"acf":[],"_links":{"self":[{"href":"https:\/\/help.unhcr.org\/curacao\/wp-json\/wp\/v2\/pages\/294","targetHints":{"allow":["GET"]}}],"collection":[{"href":"https:\/\/help.unhcr.org\/curacao\/wp-json\/wp\/v2\/pages"}],"about":[{"href":"https:\/\/help.unhcr.org\/curacao\/wp-json\/wp\/v2\/types\/page"}],"author":[{"embeddable":true,"href":"https:\/\/help.unhcr.org\/curacao\/wp-json\/wp\/v2\/users\/78"}],"replies":[{"embeddable":true,"href":"https:\/\/help.unhcr.org\/curacao\/wp-json\/wp\/v2\/comments?post=294"}],"version-history":[{"count":6,"href":"https:\/\/help.unhcr.org\/curacao\/wp-json\/wp\/v2\/pages\/294\/revisions"}],"predecessor-version":[{"id":717,"href":"https:\/\/help.unhcr.org\/curacao\/wp-json\/wp\/v2\/pages\/294\/revisions\/717"}],"up":[{"embeddable":true,"href":"https:\/\/help.unhcr.org\/curacao\/wp-json\/wp\/v2\/pages\/284"}],"wp:attachment":[{"href":"https:\/\/help.unhcr.org\/curacao\/wp-json\/wp\/v2\/media?parent=294"}],"curies":[{"name":"wp","href":"https:\/\/api.w.org\/{rel}","templated":true}]}}