{"id":290,"date":"2021-01-29T18:28:25","date_gmt":"2021-01-29T18:28:25","guid":{"rendered":"http:\/\/help.unhcr.org\/curacao\/?page_id=290"},"modified":"2026-04-15T08:01:26","modified_gmt":"2026-04-15T08:01:26","slug":"que-es-el-asilo","status":"publish","type":"page","link":"https:\/\/help.unhcr.org\/curacao\/solicitar-asilo-o-proteccion\/que-es-el-asilo\/","title":{"rendered":"Que es el Articulo 3 de la Convenci\u00f3n Europea de Derechos Humanos"},"content":{"rendered":"\n<p>El procedimiento del art\u00edculo 3 de la Convenci\u00f3n Europea de Derechos Humanos es un procedimiento que brinda protecci\u00f3n a las personas que temen regresar a su pa\u00eds de origen debido al riesgo de ser sometidas a tortura, trato inhumano y castigo. <\/p>\n\n\n\n<p>Para solicitar el art\u00edculo 3, debes dirigirte personalmente a la Unidad de Supervisi\u00f3n y Control de Fronteras de los Extranjeros (UVTG por sus siglas en holand\u00e9s) de la Fuerza de Polic\u00eda de Curazao ubicada en el complejo policial en la carretera Winston Churchill (sin n\u00famero \u2013 esta ubicaci\u00f3n es conocida como la estaci\u00f3n de polic\u00eda \u201cR\u00edo Canario\u201d). <\/p>\n\n\n\n<p>En UVTG completar\u00e1s una solicitud de protecci\u00f3n con la ayuda de un oficial de UVTG, si es necesario. Tambi\u00e9n puedes comunicarte al 8666 692\/693 para obtener m\u00e1s informaci\u00f3n.<\/p>\n","protected":false},"excerpt":{"rendered":"<p>El procedimiento del art\u00edculo 3 de la Convenci\u00f3n Europea de Derechos Humanos es un procedimiento que brinda protecci\u00f3n a las personas que temen regresar a su pa\u00eds de origen debido al riesgo de ser sometidas a tortura, trato inhumano y castigo. Para solicitar el art\u00edculo 3, debes dirigirte personalmente a la Unidad de Supervisi\u00f3n y [&hellip;]<\/p>\n","protected":false},"author":78,"featured_media":0,"parent":284,"menu_order":1,"comment_status":"closed","ping_status":"closed","template":"","meta":{"_acf_changed":false,"footnotes":""},"topics":[],"audiences":[],"class_list":["post-290","page","type-page","status-publish","hentry"],"acf":[],"_links":{"self":[{"href":"https:\/\/help.unhcr.org\/curacao\/wp-json\/wp\/v2\/pages\/290","targetHints":{"allow":["GET"]}}],"collection":[{"href":"https:\/\/help.unhcr.org\/curacao\/wp-json\/wp\/v2\/pages"}],"about":[{"href":"https:\/\/help.unhcr.org\/curacao\/wp-json\/wp\/v2\/types\/page"}],"author":[{"embeddable":true,"href":"https:\/\/help.unhcr.org\/curacao\/wp-json\/wp\/v2\/users\/78"}],"replies":[{"embeddable":true,"href":"https:\/\/help.unhcr.org\/curacao\/wp-json\/wp\/v2\/comments?post=290"}],"version-history":[{"count":8,"href":"https:\/\/help.unhcr.org\/curacao\/wp-json\/wp\/v2\/pages\/290\/revisions"}],"predecessor-version":[{"id":945,"href":"https:\/\/help.unhcr.org\/curacao\/wp-json\/wp\/v2\/pages\/290\/revisions\/945"}],"up":[{"embeddable":true,"href":"https:\/\/help.unhcr.org\/curacao\/wp-json\/wp\/v2\/pages\/284"}],"wp:attachment":[{"href":"https:\/\/help.unhcr.org\/curacao\/wp-json\/wp\/v2\/media?parent=290"}],"wp:term":[{"taxonomy":"topics","embeddable":true,"href":"https:\/\/help.unhcr.org\/curacao\/wp-json\/wp\/v2\/topics?post=290"},{"taxonomy":"audiences","embeddable":true,"href":"https:\/\/help.unhcr.org\/curacao\/wp-json\/wp\/v2\/audiences?post=290"}],"curies":[{"name":"wp","href":"https:\/\/api.w.org\/{rel}","templated":true}]}}