{"id":2,"date":"2019-10-14T09:30:21","date_gmt":"2019-10-14T09:30:21","guid":{"rendered":"http:\/\/help.unhcr.org\/curacao\/?page_id=2"},"modified":"2026-02-23T15:40:10","modified_gmt":"2026-02-23T15:40:10","slug":"welcome","status":"publish","type":"page","link":"https:\/\/help.unhcr.org\/curacao\/","title":{"rendered":"Bienvenido\/a"},"content":{"rendered":"\n<p><strong>ACNUR, la Agencia de la ONU para los Refugiados, ha creado este sitio web para brindar apoyo a las personas que necesitan protecci\u00f3n internacional en Curazao.<\/strong><\/p>\n\n\n\n<p>Aqu\u00ed encontrar\u00e1s informaci\u00f3n confiable y actualizada sobre temas clave, tales como:<\/p>\n\n\n\n<p><strong>Necesitas ayuda en Curazao<\/strong> \u2013 Comienza aqu\u00ed para recibir asistencia inmediata y acceder a los recursos locales.<\/p>\n\n\n\n<p><strong>Solicitar protecci\u00f3n bajo el Art\u00edculo 3 en Curazao<\/strong> \u2013 Conoce el proceso paso a paso para iniciar tu solicitud de protecci\u00f3n internacional en este enlace.<\/p>\n\n\n\n<p><strong>Comentarios y quejas<\/strong> \u2013 Comparte tu experiencia o env\u00eda una queja a trav\u00e9s de nuestro formulario.<\/p>\n","protected":false},"excerpt":{"rendered":"<p>ACNUR, la Agencia de la ONU para los Refugiados, ha creado este sitio web para brindar apoyo a las personas que necesitan protecci\u00f3n internacional en Curazao. Aqu\u00ed encontrar\u00e1s informaci\u00f3n confiable y actualizada sobre temas clave, tales como: Necesitas ayuda en Curazao \u2013 Comienza aqu\u00ed para recibir asistencia inmediata y acceder a los recursos locales. Solicitar [&hellip;]<\/p>\n","protected":false},"author":1,"featured_media":0,"parent":0,"menu_order":0,"comment_status":"closed","ping_status":"open","template":"","meta":{"_acf_changed":false,"footnotes":""},"class_list":["post-2","page","type-page","status-publish","hentry"],"acf":[],"_links":{"self":[{"href":"https:\/\/help.unhcr.org\/curacao\/wp-json\/wp\/v2\/pages\/2","targetHints":{"allow":["GET"]}}],"collection":[{"href":"https:\/\/help.unhcr.org\/curacao\/wp-json\/wp\/v2\/pages"}],"about":[{"href":"https:\/\/help.unhcr.org\/curacao\/wp-json\/wp\/v2\/types\/page"}],"author":[{"embeddable":true,"href":"https:\/\/help.unhcr.org\/curacao\/wp-json\/wp\/v2\/users\/1"}],"replies":[{"embeddable":true,"href":"https:\/\/help.unhcr.org\/curacao\/wp-json\/wp\/v2\/comments?post=2"}],"version-history":[{"count":30,"href":"https:\/\/help.unhcr.org\/curacao\/wp-json\/wp\/v2\/pages\/2\/revisions"}],"predecessor-version":[{"id":864,"href":"https:\/\/help.unhcr.org\/curacao\/wp-json\/wp\/v2\/pages\/2\/revisions\/864"}],"wp:attachment":[{"href":"https:\/\/help.unhcr.org\/curacao\/wp-json\/wp\/v2\/media?parent=2"}],"curies":[{"name":"wp","href":"https:\/\/api.w.org\/{rel}","templated":true}]}}