{"id":394,"date":"2022-12-12T16:39:40","date_gmt":"2022-12-12T16:39:40","guid":{"rendered":"https:\/\/help.unhcr.org\/croatia\/?page_id=394"},"modified":"2024-08-21T14:52:16","modified_gmt":"2024-08-21T14:52:16","slug":"statelessness","status":"publish","type":"page","link":"https:\/\/help.unhcr.org\/croatia\/homepage\/statelessness\/","title":{"rendered":"Statelessness"},"content":{"rendered":"\n<h3 class=\"wp-block-heading\"><a><strong>Who is a stateless person?<\/strong><\/a><\/h3>\n\n\n\n<p>A&nbsp;<a href=\"https:\/\/www.unhcr.org\/ibelong\/about-statelessness\/#_ga=2.27237694.2050479561.1625477128-2105036570.1623663249\">stateless person&nbsp;<\/a>is someone who&nbsp;<strong>does not have a nationality<\/strong>. No country recognizes stateless people as their citizens. Some are born stateless, but others become stateless. Stateless people are found&nbsp;<strong>in all regions of the world<\/strong>&nbsp;and the majority of them were born in the countries in which they have lived their entire lives. Without a nationality, they are often&nbsp;<strong>denied their basic rights<\/strong>. Statelessness can mean a life without education, without medical care, or legal employment. UNHCR is the UN agency mandated to work on statelessness including the identification and protection of stateless persons and the prevention and reduction of statelessness.<\/p>\n\n\n\n<h3 class=\"wp-block-heading\"><strong>I am stateless, can UNHCR assist me?<\/strong><\/h3>\n\n\n\n<p>UNHCR advocates for the protection of stateless people worldwide and for solutions to their plight. Only States can provide nationality to stateless persons.<\/p>\n\n\n\n<p>UNHCR in Croatia, through a project with &nbsp;<a href=\"https:\/\/www.crpsisak.hr\/besplatna-pravna-pomoc\/bpp\/\">Civil Rights Project<\/a> Sisak, provides information and free legal advice to stateless people and people at risk of statelessness on status and citizenship matters. UNHCR works with national authorities, to advocate for&nbsp;<strong>access to education, health care, employment and other basic rights for stateless persons<\/strong>. Please <a href=\"https:\/\/www.unhcr.org\/hr\/kome-pomazemo\/osobe-bez-drzavljanstva\">visit this page<\/a> for more information.<\/p>\n\n\n\n<h3 class=\"wp-block-heading\"><strong>Useful information<\/strong><\/h3>\n\n\n\n<p>Civil Rights Project Sisak<\/p>\n\n\n\n<p>Ul. Stjepana i Antuna Radi\u0107a 6\/5, 44000, Sisak<\/p>\n\n\n\n<p>Free Legal Phone 0800 200 098<\/p>\n\n\n\n<p>1954 Convention regarding the Status of Stateless Persons, available <a href=\"https:\/\/www.unhcr.org\/hr\/wp-content\/uploads\/sites\/19\/2018\/11\/1954-Konvencija.pdf\">here<\/a><\/p>\n\n\n\n<p>1961 Convention on the Reduction of Statelessness, available <a href=\"https:\/\/www.unhcr.org\/hr\/wp-content\/uploads\/sites\/19\/2018\/11\/1961-konvencija.pdf\">here<\/a><\/p>\n\n\n\n<p><a href=\"https:\/\/www.refworld.org\/docid\/5f0c2deb4.html\">ANALYSIS<\/a> of the Legal Framework Concerning Stateless Persons And Persons At Risk Of Statelessness In Croatia<\/p>\n\n\n\n<p>Stories about stateless people in Croatia:<\/p>\n\n\n\n<figure class=\"wp-block-embed\"><div class=\"wp-block-embed__wrapper\">\nhttps:\/\/hr-hr.facebook.com\/UNHCR\/videos\/bosanka-wants-to-see-her-grandchild\/1019326641769714\n<\/div><\/figure>\n\n\n\n<figure class=\"wp-block-embed is-type-wp-embed is-provider-unhcr-croatia wp-block-embed-unhcr-croatia\"><div class=\"wp-block-embed__wrapper\">\n<blockquote class=\"wp-embedded-content\" data-secret=\"iiKZ7yRL3I\"><a href=\"https:\/\/www.unhcr.org\/hr\/3667-bezdrzavljanstvo-kao-teret-u-zivotima-dvojice-muskaraca-u-hrvatskoj.html\">Bezdr\u017eavljanstvo kao teret u \u017eivotima dvojice mu\u0161karaca u Hrvatskoj<\/a><\/blockquote><iframe loading=\"lazy\" class=\"wp-embedded-content\" sandbox=\"allow-scripts\" security=\"restricted\" style=\"position: absolute; clip: rect(1px, 1px, 1px, 1px);\" title=\"&#8220;Bezdr\u017eavljanstvo kao teret u \u017eivotima dvojice mu\u0161karaca u Hrvatskoj&#8221; &#8212; UNHCR Croatia\" src=\"https:\/\/www.unhcr.org\/hr\/3667-bezdrzavljanstvo-kao-teret-u-zivotima-dvojice-muskaraca-u-hrvatskoj.html\/embed#?secret=l2ZIOiPkwQ#?secret=iiKZ7yRL3I\" data-secret=\"iiKZ7yRL3I\" width=\"600\" height=\"338\" frameborder=\"0\" marginwidth=\"0\" marginheight=\"0\" scrolling=\"no\"><\/iframe>\n<\/div><\/figure>\n","protected":false},"excerpt":{"rendered":"<p>Who is a stateless person? A&nbsp;stateless person&nbsp;is someone who&nbsp;does not have a nationality. No country recognizes stateless people as their citizens. Some are born stateless, but others become stateless. Stateless people are found&nbsp;in all regions of the world&nbsp;and the majority of them were born in the countries in which they have lived their entire lives. [&hellip;]<\/p>\n","protected":false},"author":180,"featured_media":0,"parent":110,"menu_order":55,"comment_status":"closed","ping_status":"closed","template":"","meta":{"_acf_changed":false,"footnotes":""},"class_list":["post-394","page","type-page","status-publish","hentry"],"acf":[],"_links":{"self":[{"href":"https:\/\/help.unhcr.org\/croatia\/wp-json\/wp\/v2\/pages\/394","targetHints":{"allow":["GET"]}}],"collection":[{"href":"https:\/\/help.unhcr.org\/croatia\/wp-json\/wp\/v2\/pages"}],"about":[{"href":"https:\/\/help.unhcr.org\/croatia\/wp-json\/wp\/v2\/types\/page"}],"author":[{"embeddable":true,"href":"https:\/\/help.unhcr.org\/croatia\/wp-json\/wp\/v2\/users\/180"}],"replies":[{"embeddable":true,"href":"https:\/\/help.unhcr.org\/croatia\/wp-json\/wp\/v2\/comments?post=394"}],"version-history":[{"count":4,"href":"https:\/\/help.unhcr.org\/croatia\/wp-json\/wp\/v2\/pages\/394\/revisions"}],"predecessor-version":[{"id":535,"href":"https:\/\/help.unhcr.org\/croatia\/wp-json\/wp\/v2\/pages\/394\/revisions\/535"}],"up":[{"embeddable":true,"href":"https:\/\/help.unhcr.org\/croatia\/wp-json\/wp\/v2\/pages\/110"}],"wp:attachment":[{"href":"https:\/\/help.unhcr.org\/croatia\/wp-json\/wp\/v2\/media?parent=394"}],"curies":[{"name":"wp","href":"https:\/\/api.w.org\/{rel}","templated":true}]}}