{"id":926,"date":"2018-10-30T22:58:36","date_gmt":"2018-10-30T22:58:36","guid":{"rendered":"http:\/\/help.unhcr.org\/costarica\/?page_id=926"},"modified":"2024-07-25T21:10:36","modified_gmt":"2024-07-25T21:10:36","slug":"deberes","status":"publish","type":"page","link":"https:\/\/help.unhcr.org\/costarica\/sobre-el-sitio\/refugiocostarica\/deberes","title":{"rendered":"Deberes de las personas refugiadas y solicitantes de asilo"},"content":{"rendered":"<p>Como persona refugiada o como solicitante de la condici\u00f3n de persona refugiada tiene el deber de:<\/p>\n<ul>\n<li>Respetar y acatar las leyes del pa\u00eds: es su deber respetar y acatar las leyes y reglamentos de Costa Rica y de contribuir al mantenimiento del orden p\u00fablico.<\/li>\n<\/ul>\n<ul>\n<li>Portar su documento de identidad: debe mantener vigente y portar en TODO momento su documento de persona refugiada o solicitante de la condici\u00f3n de refugio.<\/li>\n<\/ul>\n<ul>\n<li>Cotizar a la Caja Costarricense del Seguro Social si se trabaja por cuenta propia: viviendo en Costa Rica, tiene el deber de contribuir a la sostenibilidad del sistema de salud en Costa Rica (CCSS).<\/li>\n<\/ul>\n<ul>\n<li>Si es solicitante de la condici\u00f3n de refugio debe comunicar sobre cualquier cambio de tel\u00e9fono y domicilio a la Oficina de Migraci\u00f3n o al Tribunal Administrativo Migratorio (TAM). Es muy importante que mantenga sus datos actualizados ante las instituciones que le pueden apoyar incluyendo el ACNUR y sus agencias socias (HIAS, RET, Fundaci\u00f3n Mujer, Consultorio Jur\u00eddico de la Universidad de La Salle, CENDEROS y DNI Costa Rica).<\/li>\n<\/ul>\n<h3><\/h3>\n","protected":false},"excerpt":{"rendered":"<p>Como persona refugiada o como solicitante de la condici\u00f3n de persona refugiada tiene el deber de: Respetar y acatar las leyes del pa\u00eds: es su deber respetar y acatar las leyes y reglamentos de Costa Rica y de contribuir al mantenimiento del orden p\u00fablico. Portar su documento de identidad: debe mantener vigente y portar en [&hellip;]<\/p>\n","protected":false},"author":40,"featured_media":0,"parent":839,"menu_order":0,"comment_status":"closed","ping_status":"closed","template":"page-templates\/listing_page.php","meta":{"_acf_changed":false,"footnotes":""},"class_list":["post-926","page","type-page","status-publish","hentry"],"acf":[],"_links":{"self":[{"href":"https:\/\/help.unhcr.org\/costarica\/wp-json\/wp\/v2\/pages\/926","targetHints":{"allow":["GET"]}}],"collection":[{"href":"https:\/\/help.unhcr.org\/costarica\/wp-json\/wp\/v2\/pages"}],"about":[{"href":"https:\/\/help.unhcr.org\/costarica\/wp-json\/wp\/v2\/types\/page"}],"author":[{"embeddable":true,"href":"https:\/\/help.unhcr.org\/costarica\/wp-json\/wp\/v2\/users\/40"}],"replies":[{"embeddable":true,"href":"https:\/\/help.unhcr.org\/costarica\/wp-json\/wp\/v2\/comments?post=926"}],"version-history":[{"count":4,"href":"https:\/\/help.unhcr.org\/costarica\/wp-json\/wp\/v2\/pages\/926\/revisions"}],"predecessor-version":[{"id":2311,"href":"https:\/\/help.unhcr.org\/costarica\/wp-json\/wp\/v2\/pages\/926\/revisions\/2311"}],"up":[{"embeddable":true,"href":"https:\/\/help.unhcr.org\/costarica\/wp-json\/wp\/v2\/pages\/839"}],"wp:attachment":[{"href":"https:\/\/help.unhcr.org\/costarica\/wp-json\/wp\/v2\/media?parent=926"}],"curies":[{"name":"wp","href":"https:\/\/api.w.org\/{rel}","templated":true}]}}