{"id":893,"date":"2018-10-30T15:35:16","date_gmt":"2018-10-30T15:35:16","guid":{"rendered":"http:\/\/help.unhcr.org\/costarica\/?page_id=893"},"modified":"2025-10-01T18:31:55","modified_gmt":"2025-10-01T18:31:55","slug":"asistencia-social-y-economica","status":"publish","type":"page","link":"https:\/\/help.unhcr.org\/costarica\/asistencia-social-y-economica","title":{"rendered":"Ayuda Social y Econ\u00f3mica"},"content":{"rendered":"\n<p><em>Te compartimos informaci\u00f3n sobre programas de asistencial social y econ\u00f3mica de instituciones y organizaciones<\/em><\/p>\n\n\n\n<h2 class=\"wp-block-heading\"><a href=\"https:\/\/www.imas.go.cr\/es\">El Instituto Mixto de Ayuda Social (IMAS)<\/a> es la instituci\u00f3n encargada de atender a familias en Costa Rica que se encuentren en situaci\u00f3n de pobreza.<\/h2>\n\n\n\n<p>La instituci\u00f3n cuenta con el programa &#8220;Atenci\u00f3n a familias&#8221; el cual puede otorgar apoyo econ\u00f3mico a personas solicitantes de asilo (refugio) y refugiadas que no puedan cubrir sus necesidades b\u00e1sicas, como alimentaci\u00f3n y vivienda. Puede contactarles llamando al tel\u00e9fono gratuito <strong>800-000-4627.<\/strong><\/p>\n\n\n\n<h2 class=\"wp-block-heading\">\u00bfC\u00f3mo postular?<\/h2>\n\n\n\n<p>Si es su primera vez aplicando a alg\u00fan programa del IMAS, debe acudir presencialmente a la Oficina m\u00e1s cercana.<\/p>\n\n\n\n<p><\/p>\n\n\n\n<p>Si ya ha sido atendido\/a antes, puede llenar el <strong>formulario de solicitud de atenci\u00f3n<\/strong>, disponible en el siguiente enlace: <a href=\"https:\/\/web.imas.go.cr\/FormularioAtencion\/#\/formulario_atencion\">https:\/\/web.imas.go.cr\/FormularioAtencion\/#\/formulario_atencion<\/a><\/p>\n\n\n\n<p>Encuentra un paso a paso en el siguiente video:<\/p>\n\n\n\n<figure class=\"wp-block-embed is-type-video is-provider-youtube wp-block-embed-youtube wp-embed-aspect-16-9 wp-has-aspect-ratio\"><div class=\"wp-block-embed__wrapper\">\n<iframe loading=\"lazy\" title=\"Videotutorial Formulario Solicitud de Atenci\u00f3n (con interpretaci\u00f3n LESCO)\" width=\"640\" height=\"360\" src=\"https:\/\/www.youtube.com\/embed\/SsJq-Zyy9s0?feature=oembed\" frameborder=\"0\" allow=\"accelerometer; autoplay; clipboard-write; encrypted-media; gyroscope; picture-in-picture; web-share\" referrerpolicy=\"strict-origin-when-cross-origin\" allowfullscreen><\/iframe>\n<\/div><\/figure>\n\n\n\n<p><\/p>\n\n\n\n<div class=\"wp-block-buttons is-content-justification-left is-layout-flex wp-container-core-buttons-is-layout-fdcfc74e wp-block-buttons-is-layout-flex\">\n<div class=\"wp-block-button is-style-outline is-style-outline--1\"><a class=\"wp-block-button__link wp-element-button\" href=\"https:\/\/www.imas.go.cr\/es\">Presione para ir a la p\u00e1gina web del IMAS<\/a><\/div>\n<\/div>\n\n\n\n<hr class=\"wp-block-separator has-alpha-channel-opacity\" \/>\n\n\n\n<h2 class=\"wp-block-heading\">BAE (B\u00fasqueda Activa de Empleo) <\/h2>\n\n\n\n<p>El programa B\u00fasqueda Activa de Empleo forma parte de la <a href=\"https:\/\/www.ane.cr\/\">campa\u00f1a BRETE<\/a> del <a href=\"https:\/\/www.mtss.go.cr\/\">Ministerio de Trabajo y Seguridad Social<\/a>. Brinda un estipendio econ\u00f3mico por 2 meses con el objetivo de que la persona beneficiaria pueda agilizar su b\u00fasqueda de empleo y mejorar su perfil laboral. Para formar parte, las personas deben estar inscrita en los programas de <a href=\"https:\/\/www.ane.cr\/\">BRETE<\/a> y cumplir con los requisitos. Mira el siguiente video para conocer m\u00e1s:<\/p>\n\n\n\n<figure class=\"wp-block-embed is-type-video is-provider-youtube wp-block-embed-youtube wp-embed-aspect-16-9 wp-has-aspect-ratio\"><div class=\"wp-block-embed__wrapper\">\n<iframe loading=\"lazy\" title=\"2025 03 26 ACNUR brete a04subs 1\" width=\"640\" height=\"360\" src=\"https:\/\/www.youtube.com\/embed\/lenz8Lg7SGQ?feature=oembed\" frameborder=\"0\" allow=\"accelerometer; autoplay; clipboard-write; encrypted-media; gyroscope; picture-in-picture; web-share\" referrerpolicy=\"strict-origin-when-cross-origin\" allowfullscreen><\/iframe>\n<\/div><\/figure>\n\n\n\n<div class=\"wp-block-buttons is-layout-flex wp-block-buttons-is-layout-flex\">\n<div class=\"wp-block-button is-style-outline is-style-outline--2\"><a class=\"wp-block-button__link wp-element-button\" href=\"https:\/\/forms.gle\/g8YbZ7vBT3RJv73N9\">Formulario de inscripci\u00f3n<\/a><\/div>\n<\/div>\n\n\n\n<hr class=\"wp-block-separator has-alpha-channel-opacity\" \/>\n\n\n\n<h3 class=\"wp-block-heading has-black-color has-luminous-vivid-amber-background-color has-text-color has-background has-link-color wp-elements-8013ad33ca2e5a557e9d817c896e5125\">Sobre el Programa de asistencia econ\u00f3mica humanitaria de ACNUR: <strong>durante 2025, ACNUR y el resto de las Naciones Unidas han sufrido recortes presupuestarios. Debido a esta situaci\u00f3n, el programa ha sido suspendido indefinidamente.<\/strong><\/h3>\n\n\n\n<hr class=\"wp-block-separator has-alpha-channel-opacity\" \/>\n\n\n\n<p><\/p>\n","protected":false},"excerpt":{"rendered":"<p>Te compartimos informaci\u00f3n sobre programas de asistencial social y econ\u00f3mica de instituciones y organizaciones El Instituto Mixto de Ayuda Social (IMAS) es la instituci\u00f3n encargada de atender a familias en Costa Rica que se encuentren en situaci\u00f3n de pobreza. La instituci\u00f3n cuenta con el programa &#8220;Atenci\u00f3n a familias&#8221; el cual puede otorgar apoyo econ\u00f3mico a [&hellip;]<\/p>\n","protected":false},"author":40,"featured_media":0,"parent":0,"menu_order":6,"comment_status":"closed","ping_status":"closed","template":"","meta":{"_acf_changed":false,"footnotes":""},"class_list":["post-893","page","type-page","status-publish","hentry"],"acf":[],"_links":{"self":[{"href":"https:\/\/help.unhcr.org\/costarica\/wp-json\/wp\/v2\/pages\/893","targetHints":{"allow":["GET"]}}],"collection":[{"href":"https:\/\/help.unhcr.org\/costarica\/wp-json\/wp\/v2\/pages"}],"about":[{"href":"https:\/\/help.unhcr.org\/costarica\/wp-json\/wp\/v2\/types\/page"}],"author":[{"embeddable":true,"href":"https:\/\/help.unhcr.org\/costarica\/wp-json\/wp\/v2\/users\/40"}],"replies":[{"embeddable":true,"href":"https:\/\/help.unhcr.org\/costarica\/wp-json\/wp\/v2\/comments?post=893"}],"version-history":[{"count":23,"href":"https:\/\/help.unhcr.org\/costarica\/wp-json\/wp\/v2\/pages\/893\/revisions"}],"predecessor-version":[{"id":2977,"href":"https:\/\/help.unhcr.org\/costarica\/wp-json\/wp\/v2\/pages\/893\/revisions\/2977"}],"wp:attachment":[{"href":"https:\/\/help.unhcr.org\/costarica\/wp-json\/wp\/v2\/media?parent=893"}],"curies":[{"name":"wp","href":"https:\/\/api.w.org\/{rel}","templated":true}]}}