{"id":880,"date":"2018-10-29T22:04:50","date_gmt":"2018-10-29T22:04:50","guid":{"rendered":"http:\/\/help.unhcr.org\/costarica\/?page_id=880"},"modified":"2021-05-11T23:03:24","modified_gmt":"2021-05-11T23:03:24","slug":"vivienda","status":"publish","type":"page","link":"https:\/\/help.unhcr.org\/costarica\/sobre-el-sitio\/informacion-del-pais\/vivienda","title":{"rendered":"Vivienda"},"content":{"rendered":"<p>En Costa Rica hay muchos sitios web donde se publican las diferentes ofertas de alojamiento y vivienda. En general, cuando se alquila o renta una casa, apartamento o cuarto, el arrendador le solicitar\u00e1 un dep\u00f3sito (generalmente el monto completo de un mes), el cual se debe devolver cuando desocupe la vivienda, siempre y cuando no se hayan hecho da\u00f1os al lugar.<\/p>\n<p>Algunas recomendaciones para la b\u00fasqueda de vivienda:<\/p>\n<p>Las ciudades de Heredia y Alajuela tienen un clima m\u00e1s caliente al de San Jos\u00e9 y por lo general son m\u00e1s tranquilas, y por esto algunas personas piensan que son zonas agradables para vivir. Varias l\u00edneas de buses hacen el trayecto entre estas ciudades y el centro de San Jos\u00e9. Ten en cuenta que, el trayecto entre Heredia y San Jos\u00e9 puede variar dependiendo del tr\u00e1fico, pero en promedio puede tardar 35 minutos, mientras que entre Alajuela y San Jos\u00e9 puede durar 45 minutos.<\/p>\n<ul>\n<li>Por lo general, en el oeste de San Jos\u00e9 (Escaz\u00fa, Santa Ana y Ciudad Col\u00f3n) el precio de las viviendas es m\u00e1s elevado que en otras zonas de la provincia.<\/li>\n<li>Las zonas al sur de San Jos\u00e9 (Desamparados, Alajuelita, Los Hatillos) son m\u00e1s econ\u00f3micas pero pueden ser m\u00e1s inseguras que otros barrios de la provincia.<\/li>\n<\/ul>\n<p>Algunos sitios web donde puede encontrar informaci\u00f3n sobre viviendas en alquiler y venta son los siguientes:<br \/>\n<a href=\"http:\/\/www.encuentra24.com\/\">www.encuentra24.com<\/a><br \/>\n<a href=\"http:\/\/www.buscomicasa.cr\/\">www.buscomicasa.cr\u00a0<\/a><br \/>\n<a href=\"http:\/\/www.inmotico.com\/\">www.inmotico.com\u00a0<\/a><br \/>\n<a href=\"http:\/\/inmuebles.mercadolibre.co.cr\/casas\/alquiler\/\">inmuebles.mercadolibre.co.cr\/casas\/alquiler\/\u00a0<\/a><br \/>\n<a href=\"http:\/\/www.airbnb.com\/\">www.airbnb.com\u00a0<\/a><br \/>\n<a href=\"http:\/\/www.olx.co.cr\/apartamentos-casas-alquiler-cat-363\">www.olx.co.cr\/apartamentos-casas-alquiler-cat-363<\/a><\/p>\n","protected":false},"excerpt":{"rendered":"<p>En Costa Rica hay muchos sitios web donde se publican las diferentes ofertas de alojamiento y vivienda. En general, cuando se alquila o renta una casa, apartamento o cuarto, el arrendador le solicitar\u00e1 un dep\u00f3sito (generalmente el monto completo de un mes), el cual se debe devolver cuando desocupe la vivienda, siempre y cuando no [&hellip;]<\/p>\n","protected":false},"author":40,"featured_media":0,"parent":79,"menu_order":0,"comment_status":"closed","ping_status":"closed","template":"page-templates\/listing_page.php","meta":{"_acf_changed":false,"footnotes":""},"class_list":["post-880","page","type-page","status-publish","hentry"],"acf":[],"_links":{"self":[{"href":"https:\/\/help.unhcr.org\/costarica\/wp-json\/wp\/v2\/pages\/880","targetHints":{"allow":["GET"]}}],"collection":[{"href":"https:\/\/help.unhcr.org\/costarica\/wp-json\/wp\/v2\/pages"}],"about":[{"href":"https:\/\/help.unhcr.org\/costarica\/wp-json\/wp\/v2\/types\/page"}],"author":[{"embeddable":true,"href":"https:\/\/help.unhcr.org\/costarica\/wp-json\/wp\/v2\/users\/40"}],"replies":[{"embeddable":true,"href":"https:\/\/help.unhcr.org\/costarica\/wp-json\/wp\/v2\/comments?post=880"}],"version-history":[{"count":2,"href":"https:\/\/help.unhcr.org\/costarica\/wp-json\/wp\/v2\/pages\/880\/revisions"}],"predecessor-version":[{"id":1535,"href":"https:\/\/help.unhcr.org\/costarica\/wp-json\/wp\/v2\/pages\/880\/revisions\/1535"}],"up":[{"embeddable":true,"href":"https:\/\/help.unhcr.org\/costarica\/wp-json\/wp\/v2\/pages\/79"}],"wp:attachment":[{"href":"https:\/\/help.unhcr.org\/costarica\/wp-json\/wp\/v2\/media?parent=880"}],"curies":[{"name":"wp","href":"https:\/\/api.w.org\/{rel}","templated":true}]}}