{"id":877,"date":"2018-10-29T21:31:24","date_gmt":"2018-10-29T21:31:24","guid":{"rendered":"http:\/\/help.unhcr.org\/costarica\/?page_id=877"},"modified":"2021-05-11T23:01:34","modified_gmt":"2021-05-11T23:01:34","slug":"sobre-seguridad","status":"publish","type":"page","link":"https:\/\/help.unhcr.org\/costarica\/sobre-el-sitio\/informacion-del-pais\/sobre-seguridad","title":{"rendered":"Sobre Seguridad"},"content":{"rendered":"<p>La seguridad en Costa Rica es\u00a0<strong>relativamente buena y la situaci\u00f3n pol\u00edtica es estable<\/strong>. Sin embargo, es importante tomar precauciones para evitar ser blanco de asaltos y robos, recuerde que ante cualquier emergencia puede llamar de manera gratuita al n\u00famero 9-1-1, es una central de llamadas de emergencia, la cual atiende y tramita las llamadas a las instituciones de respuesta, ya sea polic\u00eda, hospitales, bomberos, cruz roja, entre otros.<\/p>\n<p>Adem\u00e1s puede acercarse a otras instituciones:<\/p>\n<p><strong>Delegaciones de polic\u00eda m\u00e1s cercana<\/strong><\/p>\n<p>Al Ministerio de Seguridad P\u00fablica le corresponde vigilar, conservar el orden pu\u0301blico, \u00a0preservar y mantener la soberan\u00eda nacional. En el siguiente enlace encontrar\u00e1 los contactos de las delegaciones policiales por provincia <a href=\"http:\/\/www.seguridadpublica.go.cr\/contactenos\/directorio\/delegaciones_policiales.aspx\">http:\/\/www.seguridadpublica.go.cr\/contactenos\/directorio\/delegaciones_policiales.aspx<\/a><\/p>\n<p><strong>Comisi\u00f3n Nacional de Emergencias<\/strong><\/p>\n<p>Para conocer sobre prevenci\u00f3n ante desastres naturales: <a href=\"https:\/\/www.cne.go.cr\/\">https:\/\/www.cne.go.cr\/<\/a><\/p>\n<p><strong>Cruz Roja Costarricense<\/strong><\/p>\n<p>Instituci\u00f3n humanitaria de \u00a0car\u00e1cter voluntario y de inter\u00e9s p\u00fablico, \u00a0con programas de atenci\u00f3n de emergencias pre hospitalarias, respuesta a calamidades o desastres, promoci\u00f3n de la resiliencia comunitaria, el fomento de la no violencia y la cultura de paz. En el siguiente enlace encontrar\u00e1 m\u00e1s informaci\u00f3n: <a href=\"http:\/\/www.cruzroja.or.cr\/\">http:\/\/www.cruzroja.or.cr\/<\/a><\/p>\n\n\n<p><\/p>\n","protected":false},"excerpt":{"rendered":"<p>La seguridad en Costa Rica es\u00a0relativamente buena y la situaci\u00f3n pol\u00edtica es estable. Sin embargo, es importante tomar precauciones para evitar ser blanco de asaltos y robos, recuerde que ante cualquier emergencia puede llamar de manera gratuita al n\u00famero 9-1-1, es una central de llamadas de emergencia, la cual atiende y tramita las llamadas a [&hellip;]<\/p>\n","protected":false},"author":40,"featured_media":0,"parent":79,"menu_order":0,"comment_status":"closed","ping_status":"closed","template":"page-templates\/listing_page.php","meta":{"_acf_changed":false,"footnotes":""},"class_list":["post-877","page","type-page","status-publish","hentry"],"acf":[],"_links":{"self":[{"href":"https:\/\/help.unhcr.org\/costarica\/wp-json\/wp\/v2\/pages\/877","targetHints":{"allow":["GET"]}}],"collection":[{"href":"https:\/\/help.unhcr.org\/costarica\/wp-json\/wp\/v2\/pages"}],"about":[{"href":"https:\/\/help.unhcr.org\/costarica\/wp-json\/wp\/v2\/types\/page"}],"author":[{"embeddable":true,"href":"https:\/\/help.unhcr.org\/costarica\/wp-json\/wp\/v2\/users\/40"}],"replies":[{"embeddable":true,"href":"https:\/\/help.unhcr.org\/costarica\/wp-json\/wp\/v2\/comments?post=877"}],"version-history":[{"count":3,"href":"https:\/\/help.unhcr.org\/costarica\/wp-json\/wp\/v2\/pages\/877\/revisions"}],"predecessor-version":[{"id":1534,"href":"https:\/\/help.unhcr.org\/costarica\/wp-json\/wp\/v2\/pages\/877\/revisions\/1534"}],"up":[{"embeddable":true,"href":"https:\/\/help.unhcr.org\/costarica\/wp-json\/wp\/v2\/pages\/79"}],"wp:attachment":[{"href":"https:\/\/help.unhcr.org\/costarica\/wp-json\/wp\/v2\/media?parent=877"}],"curies":[{"name":"wp","href":"https:\/\/api.w.org\/{rel}","templated":true}]}}