{"id":870,"date":"2018-10-29T21:08:04","date_gmt":"2018-10-29T21:08:04","guid":{"rendered":"http:\/\/help.unhcr.org\/costarica\/?page_id=870"},"modified":"2024-10-09T20:01:38","modified_gmt":"2024-10-09T20:01:38","slug":"870-2","status":"publish","type":"page","link":"https:\/\/help.unhcr.org\/costarica\/sobre-el-sitio\/informacion-del-pais\/870-2","title":{"rendered":"Sobre Costa Rica"},"content":{"rendered":"<p>La\u00a0Rep\u00fablica de Costa Rica es un pa\u00eds democr\u00e1tico independiente desde 1821, localizado en Am\u00e9rica Central. Limita al norte con Nicaragua, al oeste con el Oc\u00e9ano Atl\u00e1ntico, al este con el Oc\u00e9ano Pac\u00edfico y al sureste con Panam\u00e1.<\/p>\n<p>No tiene ej\u00e9rcito desde 1948.\u00a0 Su Moneda es el col\u00f3n.<\/p>\n<p>El Presidente de la Rep\u00fablica es Rodrigo Chaves Robles (2024).<\/p>\n<p>La econom\u00eda de Costa Rica se basa principalmente en los ingresos que generan el turismo, la agricultura y el sector de servicios. A pesar de su estabilidad econ\u00f3mica, \u00a0Costa Rica es considerando un pa\u00eds caro.<\/p>\n<p>El Salario m\u00ednimo establecido por el Ministerio de Trabajo para un trabajador no calificado a enero del 2022 es de: \u00a2326.253,57 colones (salario mensual) aproximadamente $530 d\u00f3lares americanos. Sin embargo, el salario m\u00ednimo var\u00eda de acuerdo con la ocupaci\u00f3n<\/p>\n<p>Puedes encontrar m\u00e1s informaci\u00f3n en la p\u00e1gina web del Ministerio de Trabajo:\u00a0<a href=\"http:\/\/www.mtss.go.cr\/temas-laborales\/salarios\/lista-salarios.html\">http:\/\/www.mtss.go.cr\/temas-laborales\/salarios\/lista-salarios.html<\/a><\/p>\n","protected":false},"excerpt":{"rendered":"<p>La\u00a0Rep\u00fablica de Costa Rica es un pa\u00eds democr\u00e1tico independiente desde 1821, localizado en Am\u00e9rica Central. Limita al norte con Nicaragua, al oeste con el Oc\u00e9ano Atl\u00e1ntico, al este con el Oc\u00e9ano Pac\u00edfico y al sureste con Panam\u00e1. No tiene ej\u00e9rcito desde 1948.\u00a0 Su Moneda es el col\u00f3n. El Presidente de la Rep\u00fablica es Rodrigo Chaves [&hellip;]<\/p>\n","protected":false},"author":40,"featured_media":0,"parent":79,"menu_order":0,"comment_status":"closed","ping_status":"closed","template":"page-templates\/listing_page.php","meta":{"_acf_changed":false,"footnotes":""},"class_list":["post-870","page","type-page","status-publish","hentry"],"acf":[],"_links":{"self":[{"href":"https:\/\/help.unhcr.org\/costarica\/wp-json\/wp\/v2\/pages\/870","targetHints":{"allow":["GET"]}}],"collection":[{"href":"https:\/\/help.unhcr.org\/costarica\/wp-json\/wp\/v2\/pages"}],"about":[{"href":"https:\/\/help.unhcr.org\/costarica\/wp-json\/wp\/v2\/types\/page"}],"author":[{"embeddable":true,"href":"https:\/\/help.unhcr.org\/costarica\/wp-json\/wp\/v2\/users\/40"}],"replies":[{"embeddable":true,"href":"https:\/\/help.unhcr.org\/costarica\/wp-json\/wp\/v2\/comments?post=870"}],"version-history":[{"count":8,"href":"https:\/\/help.unhcr.org\/costarica\/wp-json\/wp\/v2\/pages\/870\/revisions"}],"predecessor-version":[{"id":2649,"href":"https:\/\/help.unhcr.org\/costarica\/wp-json\/wp\/v2\/pages\/870\/revisions\/2649"}],"up":[{"embeddable":true,"href":"https:\/\/help.unhcr.org\/costarica\/wp-json\/wp\/v2\/pages\/79"}],"wp:attachment":[{"href":"https:\/\/help.unhcr.org\/costarica\/wp-json\/wp\/v2\/media?parent=870"}],"curies":[{"name":"wp","href":"https:\/\/api.w.org\/{rel}","templated":true}]}}