{"id":3012,"date":"2026-01-13T20:08:28","date_gmt":"2026-01-13T20:08:28","guid":{"rendered":"https:\/\/help.unhcr.org\/costarica?page_id=3012"},"modified":"2026-01-16T20:26:21","modified_gmt":"2026-01-16T20:26:21","slug":"permisos-de-salida-del-pais","status":"publish","type":"page","link":"https:\/\/help.unhcr.org\/costarica\/sobre-el-sitio\/permisos-de-salida-del-pais","title":{"rendered":"Permisos de salida del pa\u00eds"},"content":{"rendered":"\n<p>Las personas solicitantes de refugio, refugiadas y ap\u00e1tridas gozan del derecho a la libertad de tr\u00e1nsito. Sin embargo, deben tener en cuenta diversas consideraciones y requisitos antes de viajar al extranjero para no afectar negativamente su condici\u00f3n migratoria regular en Costa Rica.<\/p>\n\n\n\n<p>Si deseas <strong>movilizarte a otro pa\u00eds de manera temporal<\/strong>, ya sea por turismo u otra raz\u00f3n, debes <strong>notificar v\u00eda correo electr\u00f3nico a la Unidad de Refugio<\/strong>, a la direcci\u00f3n <a href=\"mailto:permiso_de_salida@migracion.go.cr \u202f \u202f\">permisos_de_salida@migracion.go.cr<\/a><\/p>\n\n\n\n<p>En el caso de <strong>viajes a tu pa\u00eds de origen o donde sufriste persecuci\u00f3n<\/strong>, debes solicitar una<strong> autorizaci\u00f3n formal de salida a la Unidad de Refugio con 10 d\u00edas o m\u00e1s de anticipaci\u00f3n<\/strong>, enviando un correo electr\u00f3nico a <a href=\"permiso_de_salida@migracion.go.cr \u202f \u202f \">permisos_de_salida@migracion.go.cr.<\/a><br>En el correo tienes que incluir una foto de tu documento de identidad (Carn\u00e9 de solicitante\/permiso laboral o DIMEX) y una carta o nota digital firmada, explicando los motivos del viaje.<\/p>\n\n\n\n<p><strong>Importante:<\/strong> realizar la solicitud de autorizaci\u00f3n de salida no garantiza la aprobaci\u00f3n del permiso, por lo que deber\u00e1 esperar una respuesta de la Unidad de Refugio antes de viajar.<\/p>\n\n\n\n<p><strong>Ten en cuenta que viajar al pa\u00eds donde sufriste persecuci\u00f3n siendo una persona solicitante de refugio o refugiada podr\u00eda tener consecuencias legales para tu estatus migratorio. <\/strong><\/p>\n\n\n\n<p><strong>Adem\u00e1s, s<\/strong><strong>i sales del pa\u00eds sin el permiso respectivo, se te podr\u00eda revocar tu condici\u00f3n de persona refugiada o solicitud de refugio.<\/strong> <\/p>\n\n\n\n<p>Conozca sobre opciones de <strong>asesor\u00eda legal gratuita<\/strong> para este y otros tr\u00e1mites:<\/p>\n\n\n\n<div class=\"wp-block-buttons is-layout-flex wp-container-core-buttons-is-layout-132b0da8 wp-block-buttons-is-layout-flex\">\n<div class=\"wp-block-button is-style-outline is-style-outline--1\"><a class=\"wp-block-button__link has-text-align-left wp-element-button\" href=\"https:\/\/help.unhcr.org\/costarica\/sobre-el-sitio\/asistencialegal\"><strong>Asesor\u00eda legal gratuita<\/strong><\/a><\/div>\n<\/div>\n\n\n\n<p><\/p>\n","protected":false},"excerpt":{"rendered":"<p>Las personas solicitantes de refugio, refugiadas y ap\u00e1tridas gozan del derecho a la libertad de tr\u00e1nsito. Sin embargo, deben tener en cuenta diversas consideraciones y requisitos antes de viajar al extranjero para no afectar negativamente su condici\u00f3n migratoria regular en Costa Rica. Si deseas movilizarte a otro pa\u00eds de manera temporal, ya sea por turismo [&hellip;]<\/p>\n","protected":false},"author":397,"featured_media":0,"parent":55,"menu_order":5,"comment_status":"closed","ping_status":"closed","template":"page-templates\/sectioned.php","meta":{"_acf_changed":false,"footnotes":""},"class_list":["post-3012","page","type-page","status-publish","hentry"],"acf":[],"_links":{"self":[{"href":"https:\/\/help.unhcr.org\/costarica\/wp-json\/wp\/v2\/pages\/3012","targetHints":{"allow":["GET"]}}],"collection":[{"href":"https:\/\/help.unhcr.org\/costarica\/wp-json\/wp\/v2\/pages"}],"about":[{"href":"https:\/\/help.unhcr.org\/costarica\/wp-json\/wp\/v2\/types\/page"}],"author":[{"embeddable":true,"href":"https:\/\/help.unhcr.org\/costarica\/wp-json\/wp\/v2\/users\/397"}],"replies":[{"embeddable":true,"href":"https:\/\/help.unhcr.org\/costarica\/wp-json\/wp\/v2\/comments?post=3012"}],"version-history":[{"count":7,"href":"https:\/\/help.unhcr.org\/costarica\/wp-json\/wp\/v2\/pages\/3012\/revisions"}],"predecessor-version":[{"id":3029,"href":"https:\/\/help.unhcr.org\/costarica\/wp-json\/wp\/v2\/pages\/3012\/revisions\/3029"}],"up":[{"embeddable":true,"href":"https:\/\/help.unhcr.org\/costarica\/wp-json\/wp\/v2\/pages\/55"}],"wp:attachment":[{"href":"https:\/\/help.unhcr.org\/costarica\/wp-json\/wp\/v2\/media?parent=3012"}],"curies":[{"name":"wp","href":"https:\/\/api.w.org\/{rel}","templated":true}]}}