{"id":2822,"date":"2025-03-17T19:34:00","date_gmt":"2025-03-17T19:34:00","guid":{"rendered":"https:\/\/help.unhcr.org\/costarica?page_id=2822"},"modified":"2026-02-11T16:35:30","modified_gmt":"2026-02-11T16:35:30","slug":"educacion-para-personas-adultas","status":"publish","type":"page","link":"https:\/\/help.unhcr.org\/costarica\/educacion-para-personas-adultas","title":{"rendered":"Educaci\u00f3n para personas adultas"},"content":{"rendered":"\n<p>La educaci\u00f3n es un derecho para todas las personas, sin importar su nacionalidad, lugar de origen o categor\u00eda migratoria.<\/p>\n\n\n\n<p>Selecciona el tema del que te gustar\u00eda saber seg\u00fan tu situaci\u00f3n:<\/p>\n","protected":false},"excerpt":{"rendered":"<p>La educaci\u00f3n es un derecho para todas las personas, sin importar su nacionalidad, lugar de origen o categor\u00eda migratoria. Selecciona el tema del que te gustar\u00eda saber seg\u00fan tu situaci\u00f3n:<\/p>\n","protected":false},"author":397,"featured_media":0,"parent":0,"menu_order":0,"comment_status":"closed","ping_status":"closed","template":"page-templates\/sectioned.php","meta":{"_acf_changed":false,"footnotes":""},"class_list":["post-2822","page","type-page","status-publish","hentry"],"acf":[],"_links":{"self":[{"href":"https:\/\/help.unhcr.org\/costarica\/wp-json\/wp\/v2\/pages\/2822","targetHints":{"allow":["GET"]}}],"collection":[{"href":"https:\/\/help.unhcr.org\/costarica\/wp-json\/wp\/v2\/pages"}],"about":[{"href":"https:\/\/help.unhcr.org\/costarica\/wp-json\/wp\/v2\/types\/page"}],"author":[{"embeddable":true,"href":"https:\/\/help.unhcr.org\/costarica\/wp-json\/wp\/v2\/users\/397"}],"replies":[{"embeddable":true,"href":"https:\/\/help.unhcr.org\/costarica\/wp-json\/wp\/v2\/comments?post=2822"}],"version-history":[{"count":12,"href":"https:\/\/help.unhcr.org\/costarica\/wp-json\/wp\/v2\/pages\/2822\/revisions"}],"predecessor-version":[{"id":3036,"href":"https:\/\/help.unhcr.org\/costarica\/wp-json\/wp\/v2\/pages\/2822\/revisions\/3036"}],"wp:attachment":[{"href":"https:\/\/help.unhcr.org\/costarica\/wp-json\/wp\/v2\/media?parent=2822"}],"curies":[{"name":"wp","href":"https:\/\/api.w.org\/{rel}","templated":true}]}}