{"id":2542,"date":"2024-08-23T19:30:41","date_gmt":"2024-08-23T19:30:41","guid":{"rendered":"https:\/\/help.unhcr.org\/costarica?page_id=2542"},"modified":"2025-06-09T19:38:16","modified_gmt":"2025-06-09T19:38:16","slug":"salud","status":"publish","type":"page","link":"https:\/\/help.unhcr.org\/costarica\/sobre-el-sitio\/salud","title":{"rendered":"Acceso y derecho a la salud"},"content":{"rendered":"\n<p><em>Escucha la informaci\u00f3n de esta p\u00e1gina web dando \u201cplay\u201d al siguiente audio:<\/em><\/p>\n\n\n\n<figure class=\"wp-block-audio\"><audio controls src=\"https:\/\/help.unhcr.org\/costarica\/wp-content\/uploads\/sites\/2\/2025\/06\/5-Salud-WA.mp3\"><\/audio><\/figure>\n\n\n\n<figure class=\"wp-block-image size-large is-resized\"><img loading=\"lazy\" decoding=\"async\" width=\"1024\" height=\"554\" src=\"https:\/\/help.unhcr.org\/costarica\/wp-content\/uploads\/sites\/2\/2024\/11\/6757381-1024x554.png\" alt=\"\" class=\"wp-image-2731\" style=\"width:514px;height:auto\" srcset=\"https:\/\/help.unhcr.org\/costarica\/wp-content\/uploads\/sites\/2\/2024\/11\/6757381-1024x554.png 1024w, https:\/\/help.unhcr.org\/costarica\/wp-content\/uploads\/sites\/2\/2024\/11\/6757381-300x162.png 300w, https:\/\/help.unhcr.org\/costarica\/wp-content\/uploads\/sites\/2\/2024\/11\/6757381-768x416.png 768w, https:\/\/help.unhcr.org\/costarica\/wp-content\/uploads\/sites\/2\/2024\/11\/6757381-1536x831.png 1536w, https:\/\/help.unhcr.org\/costarica\/wp-content\/uploads\/sites\/2\/2024\/11\/6757381-2048x1108.png 2048w\" sizes=\"auto, (max-width: 1024px) 100vw, 1024px\" \/><\/figure>\n\n\n\n<p>Al igual que las personas costarricenses, las personas refugiadas, solicitantes de refugio y ap\u00e1tridas, tienen el derecho de <strong>recibir atenci\u00f3n m\u00e9dica, ex\u00e1menes de laboratorio, medicamentos y m\u00e1s<\/strong>, a trav\u00e9s de un seguro p\u00fablico con la <strong>Caja Costarricense de Seguro Social (CCSS)<\/strong> popularmente conocida como \u201cLa Caja\u201d o privado, a trav\u00e9s de distintas cl\u00ednicas y hospitales de empresas privadas que ofrecen estos servicios.<\/p>\n\n\n\n<p>En el siguiente video te explicamos m\u00e1s:<\/p>\n\n\n\n<figure class=\"wp-block-embed is-type-video is-provider-youtube wp-block-embed-youtube wp-embed-aspect-16-9 wp-has-aspect-ratio\"><div class=\"wp-block-embed__wrapper\">\n<iframe loading=\"lazy\" title=\"Acceso a servicios m\u00e9dicos y de #salud  #costarica #refugiados\" width=\"640\" height=\"360\" src=\"https:\/\/www.youtube.com\/embed\/gq1zmvNave4?feature=oembed\" frameborder=\"0\" allow=\"accelerometer; autoplay; clipboard-write; encrypted-media; gyroscope; picture-in-picture; web-share\" referrerpolicy=\"strict-origin-when-cross-origin\" allowfullscreen><\/iframe>\n<\/div><\/figure>\n\n\n\n<p><\/p>\n","protected":false},"excerpt":{"rendered":"<p>Escucha la informaci\u00f3n de esta p\u00e1gina web dando \u201cplay\u201d al siguiente audio: Al igual que las personas costarricenses, las personas refugiadas, solicitantes de refugio y ap\u00e1tridas, tienen el derecho de recibir atenci\u00f3n m\u00e9dica, ex\u00e1menes de laboratorio, medicamentos y m\u00e1s, a trav\u00e9s de un seguro p\u00fablico con la Caja Costarricense de Seguro Social (CCSS) popularmente conocida [&hellip;]<\/p>\n","protected":false},"author":397,"featured_media":0,"parent":55,"menu_order":4,"comment_status":"closed","ping_status":"closed","template":"faq_page.php","meta":{"_acf_changed":false,"footnotes":""},"class_list":["post-2542","page","type-page","status-publish","hentry"],"acf":[],"_links":{"self":[{"href":"https:\/\/help.unhcr.org\/costarica\/wp-json\/wp\/v2\/pages\/2542","targetHints":{"allow":["GET"]}}],"collection":[{"href":"https:\/\/help.unhcr.org\/costarica\/wp-json\/wp\/v2\/pages"}],"about":[{"href":"https:\/\/help.unhcr.org\/costarica\/wp-json\/wp\/v2\/types\/page"}],"author":[{"embeddable":true,"href":"https:\/\/help.unhcr.org\/costarica\/wp-json\/wp\/v2\/users\/397"}],"replies":[{"embeddable":true,"href":"https:\/\/help.unhcr.org\/costarica\/wp-json\/wp\/v2\/comments?post=2542"}],"version-history":[{"count":11,"href":"https:\/\/help.unhcr.org\/costarica\/wp-json\/wp\/v2\/pages\/2542\/revisions"}],"predecessor-version":[{"id":2892,"href":"https:\/\/help.unhcr.org\/costarica\/wp-json\/wp\/v2\/pages\/2542\/revisions\/2892"}],"up":[{"embeddable":true,"href":"https:\/\/help.unhcr.org\/costarica\/wp-json\/wp\/v2\/pages\/55"}],"wp:attachment":[{"href":"https:\/\/help.unhcr.org\/costarica\/wp-json\/wp\/v2\/media?parent=2542"}],"curies":[{"name":"wp","href":"https:\/\/api.w.org\/{rel}","templated":true}]}}