{"id":2520,"date":"2024-08-22T15:17:30","date_gmt":"2024-08-22T15:17:30","guid":{"rendered":"https:\/\/help.unhcr.org\/costarica?page_id=2520"},"modified":"2024-08-22T17:04:49","modified_gmt":"2024-08-22T17:04:49","slug":"tu-voz-cuenta","status":"publish","type":"page","link":"https:\/\/help.unhcr.org\/costarica\/tu-voz-cuenta","title":{"rendered":"\u00a1Tu Voz Cuenta!"},"content":{"rendered":"\n<p><em>Para el ACNUR, lo que tengas que decir es importante<\/em><\/p>\n\n\n\n<p>La pieza m\u00e1s importante de nuestro trabajo eres t\u00fa y el resto de personas refugiadas, ap\u00e1tridas y solicitantes de asilo. Por eso hemos creado una manera f\u00e1cil de escuchar tu voz, opini\u00f3n y sugerencias sobre nuestro trabajo y el de nuestras agencias socias.<\/p>\n\n\n\n<p>Te presentamos #TuVozCuenta, nuestro mecanismo de denuncias, quejas y sugerencias.<\/p>\n\n\n\n<p>Aprende m\u00e1s con cada imagen ? <\/p>\n\n\n\n<figure class=\"wp-block-gallery has-nested-images columns-2 is-cropped wp-block-gallery-1 is-layout-flex wp-block-gallery-is-layout-flex\">\n<figure class=\"wp-block-image size-large\"><img loading=\"lazy\" decoding=\"async\" width=\"1024\" height=\"1024\" data-id=\"2521\" src=\"https:\/\/help.unhcr.org\/costarica\/wp-content\/uploads\/sites\/2\/2024\/08\/POST-Abuso-Sexual-F-1024x1024.png\" alt=\"\" class=\"wp-image-2521\" srcset=\"https:\/\/help.unhcr.org\/costarica\/wp-content\/uploads\/sites\/2\/2024\/08\/POST-Abuso-Sexual-F-1024x1024.png 1024w, https:\/\/help.unhcr.org\/costarica\/wp-content\/uploads\/sites\/2\/2024\/08\/POST-Abuso-Sexual-F-300x300.png 300w, https:\/\/help.unhcr.org\/costarica\/wp-content\/uploads\/sites\/2\/2024\/08\/POST-Abuso-Sexual-F-150x150.png 150w, https:\/\/help.unhcr.org\/costarica\/wp-content\/uploads\/sites\/2\/2024\/08\/POST-Abuso-Sexual-F-768x768.png 768w, https:\/\/help.unhcr.org\/costarica\/wp-content\/uploads\/sites\/2\/2024\/08\/POST-Abuso-Sexual-F.png 1200w\" sizes=\"auto, (max-width: 1024px) 100vw, 1024px\" \/><\/figure>\n\n\n\n<figure class=\"wp-block-image size-large\"><img loading=\"lazy\" decoding=\"async\" width=\"1024\" height=\"1024\" data-id=\"2522\" src=\"https:\/\/help.unhcr.org\/costarica\/wp-content\/uploads\/sites\/2\/2024\/08\/POST-Fraude-F-1024x1024.jpg\" alt=\"\" class=\"wp-image-2522\" srcset=\"https:\/\/help.unhcr.org\/costarica\/wp-content\/uploads\/sites\/2\/2024\/08\/POST-Fraude-F-1024x1024.jpg 1024w, https:\/\/help.unhcr.org\/costarica\/wp-content\/uploads\/sites\/2\/2024\/08\/POST-Fraude-F-300x300.jpg 300w, https:\/\/help.unhcr.org\/costarica\/wp-content\/uploads\/sites\/2\/2024\/08\/POST-Fraude-F-150x150.jpg 150w, https:\/\/help.unhcr.org\/costarica\/wp-content\/uploads\/sites\/2\/2024\/08\/POST-Fraude-F-768x768.jpg 768w, https:\/\/help.unhcr.org\/costarica\/wp-content\/uploads\/sites\/2\/2024\/08\/POST-Fraude-F.jpg 1200w\" sizes=\"auto, (max-width: 1024px) 100vw, 1024px\" \/><\/figure>\n\n\n\n<figure class=\"wp-block-image size-large\"><img loading=\"lazy\" decoding=\"async\" width=\"1024\" height=\"1024\" data-id=\"2523\" src=\"https:\/\/help.unhcr.org\/costarica\/wp-content\/uploads\/sites\/2\/2024\/08\/POST-Quejas-F-1024x1024.jpg\" alt=\"\" class=\"wp-image-2523\" srcset=\"https:\/\/help.unhcr.org\/costarica\/wp-content\/uploads\/sites\/2\/2024\/08\/POST-Quejas-F-1024x1024.jpg 1024w, https:\/\/help.unhcr.org\/costarica\/wp-content\/uploads\/sites\/2\/2024\/08\/POST-Quejas-F-300x300.jpg 300w, https:\/\/help.unhcr.org\/costarica\/wp-content\/uploads\/sites\/2\/2024\/08\/POST-Quejas-F-150x150.jpg 150w, https:\/\/help.unhcr.org\/costarica\/wp-content\/uploads\/sites\/2\/2024\/08\/POST-Quejas-F-768x768.jpg 768w, https:\/\/help.unhcr.org\/costarica\/wp-content\/uploads\/sites\/2\/2024\/08\/POST-Quejas-F.jpg 1200w\" sizes=\"auto, (max-width: 1024px) 100vw, 1024px\" \/><\/figure>\n\n\n\n<figure class=\"wp-block-image size-large\"><img loading=\"lazy\" decoding=\"async\" width=\"1024\" height=\"1024\" data-id=\"2524\" src=\"https:\/\/help.unhcr.org\/costarica\/wp-content\/uploads\/sites\/2\/2024\/08\/POST-Servicios-Gratuitos-F-1024x1024.jpg\" alt=\"\" class=\"wp-image-2524\" srcset=\"https:\/\/help.unhcr.org\/costarica\/wp-content\/uploads\/sites\/2\/2024\/08\/POST-Servicios-Gratuitos-F-1024x1024.jpg 1024w, https:\/\/help.unhcr.org\/costarica\/wp-content\/uploads\/sites\/2\/2024\/08\/POST-Servicios-Gratuitos-F-300x300.jpg 300w, https:\/\/help.unhcr.org\/costarica\/wp-content\/uploads\/sites\/2\/2024\/08\/POST-Servicios-Gratuitos-F-150x150.jpg 150w, https:\/\/help.unhcr.org\/costarica\/wp-content\/uploads\/sites\/2\/2024\/08\/POST-Servicios-Gratuitos-F-768x768.jpg 768w, https:\/\/help.unhcr.org\/costarica\/wp-content\/uploads\/sites\/2\/2024\/08\/POST-Servicios-Gratuitos-F.jpg 1200w\" sizes=\"auto, (max-width: 1024px) 100vw, 1024px\" \/><\/figure>\n<\/figure>\n\n\n\n<p><\/p>\n\n\n\n<div class=\"wp-block-buttons is-content-justification-center is-layout-flex wp-container-core-buttons-is-layout-16018d1d wp-block-buttons-is-layout-flex\">\n<div class=\"wp-block-button is-style-outline is-style-outline--2\"><a class=\"wp-block-button__link wp-element-button\" href=\"https:\/\/help.unhcr.org\/costarica\/sobre-el-sitio\/quejas-y-sugerencias\"><strong>Accede al formulario<\/strong><\/a><\/div>\n<\/div>\n\n\n\n<div class=\"wp-block-media-text is-stacked-on-mobile\" style=\"grid-template-columns:28% auto\"><figure class=\"wp-block-media-text__media\"><img loading=\"lazy\" decoding=\"async\" width=\"360\" height=\"658\" src=\"https:\/\/help.unhcr.org\/costarica\/wp-content\/uploads\/sites\/2\/2024\/08\/shared-image.jpg\" alt=\"\" class=\"wp-image-2532 size-full\" srcset=\"https:\/\/help.unhcr.org\/costarica\/wp-content\/uploads\/sites\/2\/2024\/08\/shared-image.jpg 360w, https:\/\/help.unhcr.org\/costarica\/wp-content\/uploads\/sites\/2\/2024\/08\/shared-image-164x300.jpg 164w\" sizes=\"auto, (max-width: 360px) 100vw, 360px\" \/><\/figure><div class=\"wp-block-media-text__content\">\n<p><strong>En caso de que prefieras la presencialidad, puedes buscar los buzones en las oficinas del ACNUR y sus agencias socias. <a href=\"https:\/\/help.unhcr.org\/costarica\/sobre-el-sitio\/acerca-del-acnur-en-costa-rica\">Encuentra la direcci\u00f3n f\u00edsica de nuestras agencias presionando aqu\u00ed.<\/a><\/strong><\/p>\n<\/div><\/div>\n","protected":false},"excerpt":{"rendered":"<p>Para el ACNUR, lo que tengas que decir es importante La pieza m\u00e1s importante de nuestro trabajo eres t\u00fa y el resto de personas refugiadas, ap\u00e1tridas y solicitantes de asilo. Por eso hemos creado una manera f\u00e1cil de escuchar tu voz, opini\u00f3n y sugerencias sobre nuestro trabajo y el de nuestras agencias socias. Te presentamos [&hellip;]<\/p>\n","protected":false},"author":397,"featured_media":0,"parent":0,"menu_order":0,"comment_status":"closed","ping_status":"closed","template":"","meta":{"_acf_changed":false,"footnotes":""},"class_list":["post-2520","page","type-page","status-publish","hentry"],"acf":[],"_links":{"self":[{"href":"https:\/\/help.unhcr.org\/costarica\/wp-json\/wp\/v2\/pages\/2520","targetHints":{"allow":["GET"]}}],"collection":[{"href":"https:\/\/help.unhcr.org\/costarica\/wp-json\/wp\/v2\/pages"}],"about":[{"href":"https:\/\/help.unhcr.org\/costarica\/wp-json\/wp\/v2\/types\/page"}],"author":[{"embeddable":true,"href":"https:\/\/help.unhcr.org\/costarica\/wp-json\/wp\/v2\/users\/397"}],"replies":[{"embeddable":true,"href":"https:\/\/help.unhcr.org\/costarica\/wp-json\/wp\/v2\/comments?post=2520"}],"version-history":[{"count":8,"href":"https:\/\/help.unhcr.org\/costarica\/wp-json\/wp\/v2\/pages\/2520\/revisions"}],"predecessor-version":[{"id":3043,"href":"https:\/\/help.unhcr.org\/costarica\/wp-json\/wp\/v2\/pages\/2520\/revisions\/3043"}],"wp:attachment":[{"href":"https:\/\/help.unhcr.org\/costarica\/wp-json\/wp\/v2\/media?parent=2520"}],"curies":[{"name":"wp","href":"https:\/\/api.w.org\/{rel}","templated":true}]}}