{"id":2453,"date":"2024-08-01T05:23:08","date_gmt":"2024-08-01T05:23:08","guid":{"rendered":"https:\/\/help.unhcr.org\/costarica?page_id=2453"},"modified":"2024-08-01T05:47:36","modified_gmt":"2024-08-01T05:47:36","slug":"apatridia","status":"publish","type":"page","link":"https:\/\/help.unhcr.org\/costarica\/sobre-el-sitio\/apatridia","title":{"rendered":"Apatridia"},"content":{"rendered":"\n<p><strong>La apatridia es una condici\u00f3n en la que viven las personas que no han sido reconocidas por ning\u00fan pa\u00eds como ciudadanas y por lo tanto no tienen nacionalidad.<\/strong> Aprende m\u00e1s sobre la definici\u00f3n de apatridia con este video ?<br><\/p>\n\n\n\n<figure class=\"wp-block-embed is-type-video is-provider-youtube wp-block-embed-youtube wp-embed-aspect-16-9 wp-has-aspect-ratio\"><div class=\"wp-block-embed__wrapper\">\n<iframe loading=\"lazy\" title=\"Todas las personas tienen derecho a decir #YoPertenezco\" width=\"640\" height=\"360\" src=\"https:\/\/www.youtube.com\/embed\/N_g2V-IWpcw?feature=oembed\" frameborder=\"0\" allow=\"accelerometer; autoplay; clipboard-write; encrypted-media; gyroscope; picture-in-picture; web-share\" referrerpolicy=\"strict-origin-when-cross-origin\" allowfullscreen><\/iframe>\n<\/div><\/figure>\n\n\n\n<p>A menudo, a las personas ap\u00e1tridas no se les permite ir al colegio, al m\u00e9dico, conseguir trabajo, abrir una cuenta bancaria, comprar una casa o incluso contraer matrimonio. Adem\u00e1s, pueden tener dificultades para ejercer sus derechos fundamentales como la educaci\u00f3n, la salud, el empleo y la libertad de movimiento. Si se ven privadas de estos derechos, se ven confrontadas a una vida llena de obst\u00e1culos y decepciones.<\/p>\n\n\n\n<p>Sigue leyendo para saber m\u00e1s ?<\/p>\n","protected":false},"excerpt":{"rendered":"<p>La apatridia es una condici\u00f3n en la que viven las personas que no han sido reconocidas por ning\u00fan pa\u00eds como ciudadanas y por lo tanto no tienen nacionalidad. Aprende m\u00e1s sobre la definici\u00f3n de apatridia con este video ? A menudo, a las personas ap\u00e1tridas no se les permite ir al colegio, al m\u00e9dico, conseguir [&hellip;]<\/p>\n","protected":false},"author":397,"featured_media":0,"parent":55,"menu_order":4,"comment_status":"closed","ping_status":"closed","template":"page-templates\/sectioned.php","meta":{"_acf_changed":false,"footnotes":""},"class_list":["post-2453","page","type-page","status-publish","hentry"],"acf":[],"_links":{"self":[{"href":"https:\/\/help.unhcr.org\/costarica\/wp-json\/wp\/v2\/pages\/2453","targetHints":{"allow":["GET"]}}],"collection":[{"href":"https:\/\/help.unhcr.org\/costarica\/wp-json\/wp\/v2\/pages"}],"about":[{"href":"https:\/\/help.unhcr.org\/costarica\/wp-json\/wp\/v2\/types\/page"}],"author":[{"embeddable":true,"href":"https:\/\/help.unhcr.org\/costarica\/wp-json\/wp\/v2\/users\/397"}],"replies":[{"embeddable":true,"href":"https:\/\/help.unhcr.org\/costarica\/wp-json\/wp\/v2\/comments?post=2453"}],"version-history":[{"count":3,"href":"https:\/\/help.unhcr.org\/costarica\/wp-json\/wp\/v2\/pages\/2453\/revisions"}],"predecessor-version":[{"id":2460,"href":"https:\/\/help.unhcr.org\/costarica\/wp-json\/wp\/v2\/pages\/2453\/revisions\/2460"}],"up":[{"embeddable":true,"href":"https:\/\/help.unhcr.org\/costarica\/wp-json\/wp\/v2\/pages\/55"}],"wp:attachment":[{"href":"https:\/\/help.unhcr.org\/costarica\/wp-json\/wp\/v2\/media?parent=2453"}],"curies":[{"name":"wp","href":"https:\/\/api.w.org\/{rel}","templated":true}]}}