{"id":2385,"date":"2024-07-31T15:57:36","date_gmt":"2024-07-31T15:57:36","guid":{"rendered":"https:\/\/help.unhcr.org\/costarica?page_id=2385"},"modified":"2025-09-01T20:58:22","modified_gmt":"2025-09-01T20:58:22","slug":"empleo","status":"publish","type":"page","link":"https:\/\/help.unhcr.org\/costarica\/sobre-el-sitio\/empleo","title":{"rendered":"Empleo y permiso laboral"},"content":{"rendered":"\n<p><strong>Toda persona refugiada tiene derecho a trabajar en Costa Rica.<\/strong> Puede ejercer cualquier tipo de trabajo remunerado o lucrativo por cuenta propia o como empleado\/a de una organizaci\u00f3n o empresa. El derecho a trabajar queda indicado en el documento de identificaci\u00f3n que le brinda la Unidad de Refugio de la <a href=\"https:\/\/www.migracion.go.cr\/SitePages\/Inicio.aspx\">Direcci\u00f3n General de Migraci\u00f3n y Extranjer\u00eda (DGME).<\/a><\/p>\n\n\n\n<p>? A partir de julio 2024, <strong>el documento de identidad que reciben las personas solicitantes de la condici\u00f3n de refugio, incluye a su vez el permiso laboral<\/strong>, este les permite laborar en el pa\u00eds por el plazo indicado, ya sea bajo patrono o con actividades propias.<\/p>\n\n\n\n<p>Si usted recibi\u00f3 su carn\u00e9 de solicitante de la condici\u00f3n de refugio previo a julio del 2024, gestione su permiso laboral contactando a la Unidad de Refugio.<br><\/p>\n\n\n\n<p><br><\/p>\n\n\n\n<p><\/p>\n","protected":false},"excerpt":{"rendered":"<p>Toda persona refugiada tiene derecho a trabajar en Costa Rica. Puede ejercer cualquier tipo de trabajo remunerado o lucrativo por cuenta propia o como empleado\/a de una organizaci\u00f3n o empresa. El derecho a trabajar queda indicado en el documento de identificaci\u00f3n que le brinda la Unidad de Refugio de la Direcci\u00f3n General de Migraci\u00f3n y [&hellip;]<\/p>\n","protected":false},"author":397,"featured_media":0,"parent":55,"menu_order":1,"comment_status":"closed","ping_status":"closed","template":"page-templates\/sectioned.php","meta":{"_acf_changed":false,"footnotes":""},"class_list":["post-2385","page","type-page","status-publish","hentry"],"acf":[],"_links":{"self":[{"href":"https:\/\/help.unhcr.org\/costarica\/wp-json\/wp\/v2\/pages\/2385","targetHints":{"allow":["GET"]}}],"collection":[{"href":"https:\/\/help.unhcr.org\/costarica\/wp-json\/wp\/v2\/pages"}],"about":[{"href":"https:\/\/help.unhcr.org\/costarica\/wp-json\/wp\/v2\/types\/page"}],"author":[{"embeddable":true,"href":"https:\/\/help.unhcr.org\/costarica\/wp-json\/wp\/v2\/users\/397"}],"replies":[{"embeddable":true,"href":"https:\/\/help.unhcr.org\/costarica\/wp-json\/wp\/v2\/comments?post=2385"}],"version-history":[{"count":13,"href":"https:\/\/help.unhcr.org\/costarica\/wp-json\/wp\/v2\/pages\/2385\/revisions"}],"predecessor-version":[{"id":2821,"href":"https:\/\/help.unhcr.org\/costarica\/wp-json\/wp\/v2\/pages\/2385\/revisions\/2821"}],"up":[{"embeddable":true,"href":"https:\/\/help.unhcr.org\/costarica\/wp-json\/wp\/v2\/pages\/55"}],"wp:attachment":[{"href":"https:\/\/help.unhcr.org\/costarica\/wp-json\/wp\/v2\/media?parent=2385"}],"curies":[{"name":"wp","href":"https:\/\/api.w.org\/{rel}","templated":true}]}}