{"id":2087,"date":"2024-05-21T23:18:15","date_gmt":"2024-05-21T23:18:15","guid":{"rendered":"https:\/\/help.unhcr.org\/costarica?page_id=2087"},"modified":"2024-05-21T23:31:27","modified_gmt":"2024-05-21T23:31:27","slug":"conoce-algunos-de-los-riesgos-que-puedes-enfrentar-si-cruzas-por-el-darien","status":"publish","type":"page","link":"https:\/\/help.unhcr.org\/costarica\/conoce-algunos-de-los-riesgos-que-puedes-enfrentar-si-cruzas-por-el-darien","title":{"rendered":"Conoce algunos de los riesgos que puedes enfrentar si cruzas por el Dari\u00e9n\u00a0\u00a0"},"content":{"rendered":"\n<p><span data-contrast=\"none\" xml:lang=\"EN-US\" lang=\"EN-US\" class=\"TextRun SCXW234469458 BCX8\" style=\"color: windowtext;margin: 0px;padding: 0px;font-size: 12pt;line-height: 24px;font-family: Arial, Arial_EmbeddedFont, Arial_MSFontService, sans-serif\"><span class=\"NormalTextRun SCXW234469458 BCX8\" data-ccp-parastyle=\"Normal (Web)\" style=\"margin: 0px;padding: 0px\"><em>&nbsp;Dari\u00e9n es <\/em><\/span><span class=\"NormalTextRun SpellingErrorV2Themed SCXW234469458 BCX8\" data-ccp-parastyle=\"Normal (Web)\" style=\"margin: 0px;padding: 0px;background-position: 0px 100%;background-repeat: repeat-x;));border-bottom: 1px solid transparent\"><em>una<\/em><\/span><span class=\"NormalTextRun SCXW234469458 BCX8\" data-ccp-parastyle=\"Normal (Web)\" style=\"margin: 0px;padding: 0px\"><em> selva que <\/em><\/span><span class=\"NormalTextRun SpellingErrorV2Themed SCXW234469458 BCX8\" data-ccp-parastyle=\"Normal (Web)\" style=\"margin: 0px;padding: 0px;background-position: 0px 100%;background-repeat: repeat-x;));border-bottom: 1px solid transparent\"><em>conecta<\/em><\/span><span class=\"NormalTextRun SCXW234469458 BCX8\" data-ccp-parastyle=\"Normal (Web)\" style=\"margin: 0px;padding: 0px\"><em> las <\/em><\/span><span class=\"NormalTextRun SpellingErrorV2Themed SCXW234469458 BCX8\" data-ccp-parastyle=\"Normal (Web)\" style=\"margin: 0px;padding: 0px;background-position: 0px 100%;background-repeat: repeat-x;));border-bottom: 1px solid transparent\"><em>fronteras<\/em><\/span><span class=\"NormalTextRun SCXW234469458 BCX8\" data-ccp-parastyle=\"Normal (Web)\" style=\"margin: 0px;padding: 0px\"><em> de Colombia y Panam\u00e1. Su area es <\/em><\/span><span class=\"NormalTextRun SpellingErrorV2Themed SCXW234469458 BCX8\" data-ccp-parastyle=\"Normal (Web)\" style=\"margin: 0px;padding: 0px;background-position: 0px 100%;background-repeat: repeat-x;));border-bottom: 1px solid transparent\"><em>conocida<\/em><\/span><span class=\"NormalTextRun SCXW234469458 BCX8\" data-ccp-parastyle=\"Normal (Web)\" style=\"margin: 0px;padding: 0px\"><em> <\/em><\/span><span class=\"NormalTextRun SpellingErrorV2Themed SCXW234469458 BCX8\" data-ccp-parastyle=\"Normal (Web)\" style=\"margin: 0px;padding: 0px;background-position: 0px 100%;background-repeat: repeat-x;));border-bottom: 1px solid transparent\"><em>por<\/em><\/span><span class=\"NormalTextRun SCXW234469458 BCX8\" data-ccp-parastyle=\"Normal (Web)\" style=\"margin: 0px;padding: 0px\"><em> <\/em><\/span><span class=\"NormalTextRun SpellingErrorV2Themed SCXW234469458 BCX8\" data-ccp-parastyle=\"Normal (Web)\" style=\"margin: 0px;padding: 0px;background-position: 0px 100%;background-repeat: repeat-x;));border-bottom: 1px solid transparent\"><em>monta\u00f1as<\/em><\/span><span class=\"NormalTextRun SCXW234469458 BCX8\" data-ccp-parastyle=\"Normal (Web)\" style=\"margin: 0px;padding: 0px\"><em> <\/em><\/span><span class=\"NormalTextRun SpellingErrorV2Themed SCXW234469458 BCX8\" data-ccp-parastyle=\"Normal (Web)\" style=\"margin: 0px;padding: 0px;background-position: 0px 100%;background-repeat: repeat-x;));border-bottom: 1px solid transparent\"><em>empinadas<\/em><\/span><span class=\"NormalTextRun SCXW234469458 BCX8\" data-ccp-parastyle=\"Normal (Web)\" style=\"margin: 0px;padding: 0px\"><em>, <\/em><\/span><span class=\"NormalTextRun SpellingErrorV2Themed SCXW234469458 BCX8\" data-ccp-parastyle=\"Normal (Web)\" style=\"margin: 0px;padding: 0px;background-position: 0px 100%;background-repeat: repeat-x;));border-bottom: 1px solid transparent\"><em>terreno<\/em><\/span><span class=\"NormalTextRun SCXW234469458 BCX8\" data-ccp-parastyle=\"Normal (Web)\" style=\"margin: 0px;padding: 0px\"><em> <\/em><\/span><span class=\"NormalTextRun SpellingErrorV2Themed SCXW234469458 BCX8\" data-ccp-parastyle=\"Normal (Web)\" style=\"margin: 0px;padding: 0px;background-position: 0px 100%;background-repeat: repeat-x;));border-bottom: 1px solid transparent\"><em>desafiante<\/em><\/span><span class=\"NormalTextRun SCXW234469458 BCX8\" data-ccp-parastyle=\"Normal (Web)\" style=\"margin: 0px;padding: 0px\"><em> y la <\/em><\/span><span class=\"NormalTextRun SpellingErrorV2Themed SCXW234469458 BCX8\" data-ccp-parastyle=\"Normal (Web)\" style=\"margin: 0px;padding: 0px;background-position: 0px 100%;background-repeat: repeat-x;));border-bottom: 1px solid transparent\"><em>falta<\/em><\/span><span class=\"NormalTextRun SCXW234469458 BCX8\" data-ccp-parastyle=\"Normal (Web)\" style=\"margin: 0px;padding: 0px\"><em> de <\/em><\/span><span class=\"NormalTextRun SpellingErrorV2Themed SCXW234469458 BCX8\" data-ccp-parastyle=\"Normal (Web)\" style=\"margin: 0px;padding: 0px;background-position: 0px 100%;background-repeat: repeat-x;));border-bottom: 1px solid transparent\"><em>rutas<\/em><\/span><span class=\"NormalTextRun SCXW234469458 BCX8\" data-ccp-parastyle=\"Normal (Web)\" style=\"margin: 0px;padding: 0px\"><em> <\/em><\/span><span class=\"NormalTextRun SpellingErrorV2Themed SCXW234469458 BCX8\" data-ccp-parastyle=\"Normal (Web)\" style=\"margin: 0px;padding: 0px;background-position: 0px 100%;background-repeat: repeat-x;));border-bottom: 1px solid transparent\"><em>se\u00f1alizadas<\/em><\/span><span class=\"NormalTextRun SCXW234469458 BCX8\" data-ccp-parastyle=\"Normal (Web)\" style=\"margin: 0px;padding: 0px\"><em>. La selva de Dari\u00e9n es <\/em><\/span><span class=\"NormalTextRun SpellingErrorV2Themed SCXW234469458 BCX8\" data-ccp-parastyle=\"Normal (Web)\" style=\"margin: 0px;padding: 0px;background-position: 0px 100%;background-repeat: repeat-x;));border-bottom: 1px solid transparent\"><em>conocida<\/em><\/span><span class=\"NormalTextRun SCXW234469458 BCX8\" data-ccp-parastyle=\"Normal (Web)\" style=\"margin: 0px;padding: 0px\"><em> <\/em><\/span><span class=\"NormalTextRun SpellingErrorV2Themed SCXW234469458 BCX8\" data-ccp-parastyle=\"Normal (Web)\" style=\"margin: 0px;padding: 0px;background-position: 0px 100%;background-repeat: repeat-x;));border-bottom: 1px solid transparent\"><em>como<\/em><\/span><span class=\"NormalTextRun SCXW234469458 BCX8\" data-ccp-parastyle=\"Normal (Web)\" style=\"margin: 0px;padding: 0px\"><em> <\/em><\/span><span class=\"NormalTextRun SpellingErrorV2Themed SCXW234469458 BCX8\" data-ccp-parastyle=\"Normal (Web)\" style=\"margin: 0px;padding: 0px;background-position: 0px 100%;background-repeat: repeat-x;));border-bottom: 1px solid transparent\"><em>una<\/em><\/span><span class=\"NormalTextRun SCXW234469458 BCX8\" data-ccp-parastyle=\"Normal (Web)\" style=\"margin: 0px;padding: 0px\"><em> de los <\/em><\/span><span class=\"NormalTextRun SpellingErrorV2Themed SCXW234469458 BCX8\" data-ccp-parastyle=\"Normal (Web)\" style=\"margin: 0px;padding: 0px;background-position: 0px 100%;background-repeat: repeat-x;));border-bottom: 1px solid transparent\"><em>trayectos<\/em><\/span><span class=\"NormalTextRun SCXW234469458 BCX8\" data-ccp-parastyle=\"Normal (Web)\" style=\"margin: 0px;padding: 0px\"><em> <\/em><\/span><span class=\"NormalTextRun SpellingErrorV2Themed SCXW234469458 BCX8\" data-ccp-parastyle=\"Normal (Web)\" style=\"margin: 0px;padding: 0px;background-position: 0px 100%;background-repeat: repeat-x;));border-bottom: 1px solid transparent\"><em>m\u00e1s<\/em><\/span><span class=\"NormalTextRun SCXW234469458 BCX8\" data-ccp-parastyle=\"Normal (Web)\" style=\"margin: 0px;padding: 0px\"><em> <\/em><\/span><span class=\"NormalTextRun SpellingErrorV2Themed SCXW234469458 BCX8\" data-ccp-parastyle=\"Normal (Web)\" style=\"margin: 0px;padding: 0px;background-position: 0px 100%;background-repeat: repeat-x;));border-bottom: 1px solid transparent\"><em>peligrosos<\/em><\/span><span class=\"NormalTextRun SCXW234469458 BCX8\" data-ccp-parastyle=\"Normal (Web)\" style=\"margin: 0px;padding: 0px\"><em> y <\/em><\/span><span class=\"NormalTextRun SpellingErrorV2Themed SCXW234469458 BCX8\" data-ccp-parastyle=\"Normal (Web)\" style=\"margin: 0px;padding: 0px;background-position: 0px 100%;background-repeat: repeat-x;));border-bottom: 1px solid transparent\"><em>dif\u00edciles<\/em><\/span><span class=\"NormalTextRun SCXW234469458 BCX8\" data-ccp-parastyle=\"Normal (Web)\" style=\"margin: 0px;padding: 0px\"><em> de <\/em><\/span><span class=\"NormalTextRun SpellingErrorV2Themed SCXW234469458 BCX8\" data-ccp-parastyle=\"Normal (Web)\" style=\"margin: 0px;padding: 0px;background-position: 0px 100%;background-repeat: repeat-x;));border-bottom: 1px solid transparent\"><em>cruzar<\/em><\/span><span class=\"NormalTextRun SCXW234469458 BCX8\" data-ccp-parastyle=\"Normal (Web)\" style=\"margin: 0px;padding: 0px\"><em> <\/em><\/span><span class=\"NormalTextRun SpellingErrorV2Themed SCXW234469458 BCX8\" data-ccp-parastyle=\"Normal (Web)\" style=\"margin: 0px;padding: 0px;background-position: 0px 100%;background-repeat: repeat-x;));border-bottom: 1px solid transparent\"><em>en<\/em><\/span><span class=\"NormalTextRun SCXW234469458 BCX8\" data-ccp-parastyle=\"Normal (Web)\" style=\"margin: 0px;padding: 0px\"><em> <\/em><\/span><span class=\"NormalTextRun SpellingErrorV2Themed SCXW234469458 BCX8\" data-ccp-parastyle=\"Normal (Web)\" style=\"margin: 0px;padding: 0px;background-position: 0px 100%;background-repeat: repeat-x;));border-bottom: 1px solid transparent\"><em>regi\u00f3n<\/em><\/span><span class=\"NormalTextRun SCXW234469458 BCX8\" data-ccp-parastyle=\"Normal (Web)\" style=\"margin: 0px;padding: 0px\"><em>, <\/em><\/span><span class=\"NormalTextRun SpellingErrorV2Themed SCXW234469458 BCX8\" data-ccp-parastyle=\"Normal (Web)\" style=\"margin: 0px;padding: 0px;background-position: 0px 100%;background-repeat: repeat-x;));border-bottom: 1px solid transparent\"><em>especialmente<\/em><\/span><span class=\"NormalTextRun SCXW234469458 BCX8\" data-ccp-parastyle=\"Normal (Web)\" style=\"margin: 0px;padding: 0px\"><em> para personas <\/em><\/span><span class=\"NormalTextRun SpellingErrorV2Themed SCXW234469458 BCX8\" data-ccp-parastyle=\"Normal (Web)\" style=\"margin: 0px;padding: 0px;background-position: 0px 100%;background-repeat: repeat-x;));border-bottom: 1px solid transparent\"><em>refugiadas<\/em><\/span><span class=\"NormalTextRun SCXW234469458 BCX8\" data-ccp-parastyle=\"Normal (Web)\" style=\"margin: 0px;padding: 0px\"><em> y <\/em><\/span><span class=\"NormalTextRun SpellingErrorV2Themed SCXW234469458 BCX8\" data-ccp-parastyle=\"Normal (Web)\" style=\"margin: 0px;padding: 0px;background-position: 0px 100%;background-repeat: repeat-x;));border-bottom: 1px solid transparent\"><em>migrantes<\/em><\/span><span class=\"NormalTextRun SCXW234469458 BCX8\" data-ccp-parastyle=\"Normal (Web)\" style=\"margin: 0px;padding: 0px\"><em>.<\/em><\/span><\/span><\/p>\n\n\n\n<h2 class=\"wp-block-heading\"><strong><mark style=\"background-color:#fcb900\" class=\"has-inline-color\">\u00bfCu\u00e1les son los riesgos del cruce del Dari\u00e9n?&nbsp;<\/mark><\/strong><\/h2>\n\n\n\n<ul class=\"wp-block-list\">\n<li>Extorsiones&nbsp;<\/li>\n\n\n\n<li>Altas temperaturas de hasta 35\u00ba C&nbsp;<\/li>\n\n\n\n<li>Picaduras o ataques de animales salvajes&nbsp;<\/li>\n\n\n\n<li>Violencia f\u00edsica o sexual&nbsp;<\/li>\n\n\n\n<li>Robos&nbsp;<\/li>\n\n\n\n<li>Tr\u00e1fico de personas, incluyendo explotaci\u00f3n sexual y laboral&nbsp;<\/li>\n\n\n\n<li>Separaci\u00f3n familiar y desapariciones&nbsp;<\/li>\n\n\n\n<li>Riesgo de ahogamiento&nbsp;<\/li>\n\n\n\n<li>Desgaste f\u00edsico en traves\u00edas largas y peligrosas en la selva&nbsp;<\/li>\n\n\n\n<li>Accidentes por las condiciones del terreno&nbsp;<\/li>\n\n\n\n<li>Entre otros&nbsp;<\/li>\n<\/ul>\n\n\n\n<div class=\"wp-block-buttons is-layout-flex wp-block-buttons-is-layout-flex\">\n<div class=\"wp-block-button is-style-outline is-style-outline--1\"><a class=\"wp-block-button__link wp-element-button\"><strong>Haz clic para acceder a videos de personas que cuentan la realidad de lo que han vivido en la selva de Dari\u00e9n. Tambi\u00e9n encontrar\u00e1s informaci\u00f3n verificada y oficial.<\/strong>&nbsp;<\/a><\/div>\n<\/div>\n\n\n\n<h2 class=\"wp-block-heading\">Otros riesgos que puedes enfrentar si cruzas por el Dari\u00e9n hacia otros pa\u00edses de la regi\u00f3n&nbsp;<\/h2>\n\n\n\n<p><strong>1) Tr\u00e1fico y trata de personas<\/strong>&nbsp;<\/p>\n\n\n\n<p>Los traficantes suelen mentir sobre las condiciones de viaje, el pa\u00eds de destino, la documentaci\u00f3n, entre otras cosas. A lo largo de la ruta, podr\u00edas encontrar personas ofreciendo empleo y otras oportunidades que pueden parecer atractivas. Pero esto podr\u00eda ser un enga\u00f1o para traficar con las personas, y explotarlas sexual o laboralmente.&nbsp;<\/p>\n\n\n\n<p><strong>2) Violencia y abuso sexual<\/strong>&nbsp;<\/p>\n\n\n\n<p>Las mujeres, los ni\u00f1os y las personas LGTBIQA+ pueden correr un mayor riesgo de sufrir violencia sexual. Si eres sobreviviente de este tipo de violencia, inf\u00f3rmate en el centro de salud m\u00e1s cercano en la ruta,\u202f<strong>vas a necesitar atenci\u00f3n en el marco de las 72 horas siguientes al incidente<\/strong>.&nbsp;<\/p>\n\n\n\n<p><em>ATENCI\u00d3N:<\/em><strong><em>\u202fNadie\u202f<\/em><\/strong><em>puede pedirle favores sexuales a cambio de acceso a servicios.<\/em>&nbsp;<\/p>\n\n\n\n<p><strong>3) Exploraci\u00f3n y fraude<\/strong>&nbsp;<\/p>\n\n\n\n<p><strong>S<\/strong>i te piden dinero o favores de cualquier tipo a cambio de informaci\u00f3n, acceso a documentos o servicios, \u00a1diles<strong>\u202fNO!<\/strong>&nbsp;<\/p>\n\n\n\n<p><strong>Todos los servicios que brindan las organizaciones humanitarias son gratuitos y\u202f<\/strong>nadie puede cobrar por proporcionar informaci\u00f3n o asistencia humanitaria.&nbsp;<\/p>\n\n\n\n<p><strong>4) Separaci\u00f3n familiar<\/strong>&nbsp;<\/p>\n\n\n\n<p>Evita dejar solo (as) o al cuidado de desconocidos, a ni\u00f1os, ni\u00f1as y adolescentes y personas que requieran alg\u00fan tipo de asistencia. En caso de separaci\u00f3n, establece alg\u00fan punto de encuentro y trata de que cada miembro tenga la informaci\u00f3n sobre datos personales, documentos y posibles n\u00fameros de contacto.&nbsp;<\/p>\n\n\n\n<h2 class=\"wp-block-heading\">Historias reales sobre la selva de Dari\u00e9n y Panam\u00e1 \u2013 Conf\u00eda en el Tuc\u00e1n&nbsp;<\/h2>\n\n\n\n<p><strong>Quieres conocer la verdad sobre el cruce del Dari\u00e9n?<\/strong>&nbsp;<\/p>\n\n\n\n<p>Las p\u00e1ginas de\u202f<a href=\"https:\/\/www.tiktok.com\/@confiaeneltucan\" target=\"_blank\" rel=\"noreferrer noopener\">TikTok<\/a>\u202fy\u202f<a href=\"https:\/\/www.facebook.com\/ConfiaEnElTucan\" target=\"_blank\" rel=\"noreferrer noopener\">Facebook<\/a>\u202fllamadas \u201cConf\u00eda en el Tuc\u00e1n\u201d fueron creadas por el ACNUR con el objetivo de combatir la\u202f<strong>desinformaci\u00f3n sobre la selva de Dari\u00e9n<\/strong>.&nbsp;<\/p>\n\n\n\n<p>La iniciativa busca brindar un canal de comunicaci\u00f3n bidireccional y proporcionar informaci\u00f3n confiable sobre los riesgos asociados a la traves\u00eda por la selva. Adem\u00e1s, la p\u00e1gina est\u00e1 dise\u00f1ada para permitir tu participaci\u00f3n, respondiendo preguntas y comentarios.&nbsp;<\/p>\n\n\n\n<p>Es importante tener en cuenta que el cruce de la selva de Dari\u00e9n es muy peligroso y puede poner en riesgo la vida de las personas. La p\u00e1gina busca que puedas tomar decisiones informadas.&nbsp;<\/p>\n\n\n\n<figure class=\"wp-block-image size-large\"><img loading=\"lazy\" decoding=\"async\" width=\"1024\" height=\"238\" src=\"https:\/\/help.unhcr.org\/costarica\/wp-content\/uploads\/sites\/2\/2024\/05\/ESPANOL-1-1-1024x238.png\" alt=\"\" class=\"wp-image-2098\" srcset=\"https:\/\/help.unhcr.org\/costarica\/wp-content\/uploads\/sites\/2\/2024\/05\/ESPANOL-1-1-1024x238.png 1024w, https:\/\/help.unhcr.org\/costarica\/wp-content\/uploads\/sites\/2\/2024\/05\/ESPANOL-1-1-300x70.png 300w, https:\/\/help.unhcr.org\/costarica\/wp-content\/uploads\/sites\/2\/2024\/05\/ESPANOL-1-1-768x179.png 768w, https:\/\/help.unhcr.org\/costarica\/wp-content\/uploads\/sites\/2\/2024\/05\/ESPANOL-1-1-1536x357.png 1536w, https:\/\/help.unhcr.org\/costarica\/wp-content\/uploads\/sites\/2\/2024\/05\/ESPANOL-1-1-2048x477.png 2048w\" sizes=\"auto, (max-width: 1024px) 100vw, 1024px\" \/><\/figure>\n\n\n\n<div class=\"wp-block-buttons is-layout-flex wp-block-buttons-is-layout-flex\"><\/div>\n\n\n\n<div class=\"wp-block-buttons is-layout-flex wp-block-buttons-is-layout-flex\"><\/div>\n\n\n\n<div class=\"wp-block-buttons is-layout-flex wp-block-buttons-is-layout-flex\">\n<div class=\"wp-block-button is-style-outline is-style-outline--2\"><a class=\"wp-block-button__link wp-element-button\"><strong>\u00a1Haz click aqu\u00ed y visita las p\u00e1ginas de \u201cConf\u00eda en el Tuc\u00e1n\u201d en TikTok y Facebook para encontrar informaci\u00f3n confiable y actualizada sobre la selva de Dari\u00e9n!<\/strong>&nbsp;<\/a><\/div>\n<\/div>\n","protected":false},"excerpt":{"rendered":"<p>&nbsp;Dari\u00e9n es una selva que conecta las fronteras de Colombia y Panam\u00e1. Su area es conocida por monta\u00f1as empinadas, terreno desafiante y la falta de rutas se\u00f1alizadas. La selva de Dari\u00e9n es conocida como una de los trayectos m\u00e1s peligrosos y dif\u00edciles de cruzar en regi\u00f3n, especialmente para personas refugiadas y migrantes. \u00bfCu\u00e1les son los [&hellip;]<\/p>\n","protected":false},"author":397,"featured_media":0,"parent":0,"menu_order":0,"comment_status":"closed","ping_status":"closed","template":"","meta":{"_acf_changed":false,"footnotes":""},"class_list":["post-2087","page","type-page","status-publish","hentry"],"acf":[],"_links":{"self":[{"href":"https:\/\/help.unhcr.org\/costarica\/wp-json\/wp\/v2\/pages\/2087","targetHints":{"allow":["GET"]}}],"collection":[{"href":"https:\/\/help.unhcr.org\/costarica\/wp-json\/wp\/v2\/pages"}],"about":[{"href":"https:\/\/help.unhcr.org\/costarica\/wp-json\/wp\/v2\/types\/page"}],"author":[{"embeddable":true,"href":"https:\/\/help.unhcr.org\/costarica\/wp-json\/wp\/v2\/users\/397"}],"replies":[{"embeddable":true,"href":"https:\/\/help.unhcr.org\/costarica\/wp-json\/wp\/v2\/comments?post=2087"}],"version-history":[{"count":8,"href":"https:\/\/help.unhcr.org\/costarica\/wp-json\/wp\/v2\/pages\/2087\/revisions"}],"predecessor-version":[{"id":2099,"href":"https:\/\/help.unhcr.org\/costarica\/wp-json\/wp\/v2\/pages\/2087\/revisions\/2099"}],"wp:attachment":[{"href":"https:\/\/help.unhcr.org\/costarica\/wp-json\/wp\/v2\/media?parent=2087"}],"curies":[{"name":"wp","href":"https:\/\/api.w.org\/{rel}","templated":true}]}}