{"id":1966,"date":"2023-06-21T21:14:10","date_gmt":"2023-06-21T21:14:10","guid":{"rendered":"https:\/\/help.unhcr.org\/costarica?page_id=1966"},"modified":"2024-07-15T14:58:36","modified_gmt":"2024-07-15T14:58:36","slug":"fondo-acnur-costa-rica-para-comunidades-inclusivas","status":"publish","type":"page","link":"https:\/\/help.unhcr.org\/costarica\/fondo-acnur-costa-rica-para-comunidades-inclusivas","title":{"rendered":"Fondo Comunidades Inclusivas"},"content":{"rendered":"\n<p>La Oficina del Alto Comisionado de Naciones Unidas para los Refugiados (ACNUR) en Costa Rica a trav\u00e9s del Fondo <strong>&#8220;Comunidades Inclusivas\u201d<\/strong> brinda recursos financieros y apoyo t\u00e9cnico a organizaciones\u00a0de base comunitaria cuyos <strong>proyectos promuevan la inclusi\u00f3n y coexistencia pac\u00edfica entre comunidades de acogida y personas en desplazamiento forzado (refugiadas y solicitantes de asilo) o ap\u00e1tridas.<\/strong><\/p>\n\n\n\n<p><strong>ACNUR invita a organizaciones comunitarias a presentar sus propuestas de proyectos para participar al Fondo, antes del <\/strong><strong>20 de julio del 2024, <\/strong><strong>a las 11:59 p.m. hora de Costa Rica.<\/strong><\/p>\n\n\n\n<p><mark style=\"background-color:#fcb900\" class=\"has-inline-color\"><strong>Si necesita informaci\u00f3n adicional o presenta problemas t\u00e9cnicos al enviar su aplicaci\u00f3n, escriba al correo electr\u00f3nico: <a href=\"mailto:cossaprogramas@unhcr.org\">cossaprogramas@unhcr.org<\/a> indicando en el asunto &#8220;Fondo ACNUR Comunidades Inclusivas&#8221;.<\/strong><\/mark><\/p>\n\n\n\n<figure class=\"wp-block-image size-large\"><img loading=\"lazy\" decoding=\"async\" width=\"1024\" height=\"553\" src=\"https:\/\/help.unhcr.org\/costarica\/wp-content\/uploads\/sites\/2\/2024\/06\/Fondo-Comunidades-Inclusivas-2-1024x553.jpg\" alt=\"\" class=\"wp-image-2111\" srcset=\"https:\/\/help.unhcr.org\/costarica\/wp-content\/uploads\/sites\/2\/2024\/06\/Fondo-Comunidades-Inclusivas-2-1024x553.jpg 1024w, https:\/\/help.unhcr.org\/costarica\/wp-content\/uploads\/sites\/2\/2024\/06\/Fondo-Comunidades-Inclusivas-2-300x162.jpg 300w, https:\/\/help.unhcr.org\/costarica\/wp-content\/uploads\/sites\/2\/2024\/06\/Fondo-Comunidades-Inclusivas-2-768x415.jpg 768w, https:\/\/help.unhcr.org\/costarica\/wp-content\/uploads\/sites\/2\/2024\/06\/Fondo-Comunidades-Inclusivas-2.jpg 1200w\" sizes=\"auto, (max-width: 1024px) 100vw, 1024px\" \/><\/figure>\n\n\n\n<p><\/p>\n\n\n\n<div class=\"wp-block-buttons is-content-justification-center is-layout-flex wp-container-core-buttons-is-layout-e1485a7b wp-block-buttons-is-layout-flex\">\n<div class=\"wp-block-button is-style-outline is-style-outline--1\"><a class=\"wp-block-button__link has-text-align-center wp-element-button\" href=\"https:\/\/forms.office.com\/e\/x5a53UzqLG\"><strong>QUIERO APLICAR<\/strong><\/a><\/div>\n<\/div>\n","protected":false},"excerpt":{"rendered":"<p>La Oficina del Alto Comisionado de Naciones Unidas para los Refugiados (ACNUR) en Costa Rica a trav\u00e9s del Fondo &#8220;Comunidades Inclusivas\u201d brinda recursos financieros y apoyo t\u00e9cnico a organizaciones\u00a0de base comunitaria cuyos proyectos promuevan la inclusi\u00f3n y coexistencia pac\u00edfica entre comunidades de acogida y personas en desplazamiento forzado (refugiadas y solicitantes de asilo) o ap\u00e1tridas. [&hellip;]<\/p>\n","protected":false},"author":141,"featured_media":0,"parent":0,"menu_order":0,"comment_status":"closed","ping_status":"closed","template":"page-templates\/sectioned.php","meta":{"_acf_changed":false,"footnotes":""},"class_list":["post-1966","page","type-page","status-publish","hentry"],"acf":[],"_links":{"self":[{"href":"https:\/\/help.unhcr.org\/costarica\/wp-json\/wp\/v2\/pages\/1966","targetHints":{"allow":["GET"]}}],"collection":[{"href":"https:\/\/help.unhcr.org\/costarica\/wp-json\/wp\/v2\/pages"}],"about":[{"href":"https:\/\/help.unhcr.org\/costarica\/wp-json\/wp\/v2\/types\/page"}],"author":[{"embeddable":true,"href":"https:\/\/help.unhcr.org\/costarica\/wp-json\/wp\/v2\/users\/141"}],"replies":[{"embeddable":true,"href":"https:\/\/help.unhcr.org\/costarica\/wp-json\/wp\/v2\/comments?post=1966"}],"version-history":[{"count":19,"href":"https:\/\/help.unhcr.org\/costarica\/wp-json\/wp\/v2\/pages\/1966\/revisions"}],"predecessor-version":[{"id":2177,"href":"https:\/\/help.unhcr.org\/costarica\/wp-json\/wp\/v2\/pages\/1966\/revisions\/2177"}],"wp:attachment":[{"href":"https:\/\/help.unhcr.org\/costarica\/wp-json\/wp\/v2\/media?parent=1966"}],"curies":[{"name":"wp","href":"https:\/\/api.w.org\/{rel}","templated":true}]}}