{"id":1765,"date":"2022-07-15T15:41:55","date_gmt":"2022-07-15T15:41:55","guid":{"rendered":"https:\/\/help.unhcr.org\/costarica?page_id=1765"},"modified":"2022-07-15T16:03:12","modified_gmt":"2022-07-15T16:03:12","slug":"derechos-sexuales-y-reproductivos-2","status":"publish","type":"page","link":"https:\/\/help.unhcr.org\/costarica\/derechos-sexuales-y-reproductivos-2","title":{"rendered":"Derechos sexuales y reproductivos"},"content":{"rendered":"\n<p>Nuestro derecho a disfrutar de una vida sexual y reproductiva saludable, informada y responsable, no depende de nuestra edad, g\u00e9nero, orientaci\u00f3n sexual, lugar de origen, nacionalidad o estatus migratorio. En nuestras sociedades existe desinformaci\u00f3n, temores, mitos y prejuicios en torno a este tema, por eso, el acceso a informaci\u00f3n confiable y veraz nos ayuda a tomar decisiones y disfrutar de manera integral nuestra sexualidad y vida reproductiva, as\u00ed como a ejercer nuestros derechos sexuales y derechos reproductivos.<\/p>\n\n\n\n<p>Es por eso por lo que el Alto Comisionado de las Naciones Unidas para los Refugiados (ACNUR) presenta \u201cDerechos, Salud y Placer: Una gu\u00eda sobre salud sexual y salud reproductiva para personas refugiadas y solicitantes de refugio\u201d, con informaci\u00f3n adecuada, integral, laica y cient\u00edfica sobre el disfrute de los derechos sexuales y derechos reproductivos para personas refugiadas, solicitantes de refugio y las comunidades donde se encuentran.<\/p>\n\n\n\n<p><strong>Encuentra informaci\u00f3n aqu\u00ed:<\/strong><\/p>\n\n\n\n<ul class=\"wp-block-list\"><li><a href=\"https:\/\/help.unhcr.org\/costarica\/wp-content\/uploads\/sites\/2\/2022\/07\/ACNUR-CUADERNILLO.pdf\" target=\"_blank\" rel=\"noreferrer noopener\">Cuadernillo sobre Derechos, Salud y Placer<\/a><\/li><li><a href=\"https:\/\/help.unhcr.org\/costarica\/wp-content\/uploads\/sites\/2\/2022\/07\/ACNUR-AFICHES.pdf\" target=\"_blank\" rel=\"noreferrer noopener\">Afiches sobre derechos sexuales y reproductivos<\/a><\/li><li><a href=\"https:\/\/help.unhcr.org\/costarica\/wp-content\/uploads\/sites\/2\/2022\/07\/ACNUR-POSTEOS.pdf\" target=\"_blank\" rel=\"noreferrer noopener\">Im\u00e1genes informativas sobre derechos sexuales y reproductivos<\/a><\/li><li><a href=\"https:\/\/drive.google.com\/file\/d\/1PBJTi5GsMipt6QPJd0c1YElSHgzdIZCj\/view?usp=sharing\" target=\"_blank\" rel=\"noreferrer noopener\">Podcast: Ciclo menstrual<\/a><\/li><li><a href=\"https:\/\/drive.google.com\/file\/d\/1PBJTi5GsMipt6QPJd0c1YElSHgzdIZCj\/view?usp=sharing\" target=\"_blank\" rel=\"noreferrer noopener\">Podcast: Derechos sexuales y reproductivos<\/a><\/li><li><a href=\"https:\/\/drive.google.com\/file\/d\/1vvB_ezJrcdtKIjo2HJ2rk8HZ_Oatc7CZ\/view?usp=sharing\" target=\"_blank\" rel=\"noreferrer noopener\">Podcast: VIH<\/a><\/li><\/ul>\n","protected":false},"excerpt":{"rendered":"<p>Nuestro derecho a disfrutar de una vida sexual y reproductiva saludable, informada y responsable, no depende de nuestra edad, g\u00e9nero, orientaci\u00f3n sexual, lugar de origen, nacionalidad o estatus migratorio. En nuestras sociedades existe desinformaci\u00f3n, temores, mitos y prejuicios en torno a este tema, por eso, el acceso a informaci\u00f3n confiable y veraz nos ayuda a [&hellip;]<\/p>\n","protected":false},"author":40,"featured_media":0,"parent":0,"menu_order":0,"comment_status":"closed","ping_status":"closed","template":"","meta":{"_acf_changed":false,"footnotes":""},"class_list":["post-1765","page","type-page","status-publish","hentry"],"acf":[],"_links":{"self":[{"href":"https:\/\/help.unhcr.org\/costarica\/wp-json\/wp\/v2\/pages\/1765","targetHints":{"allow":["GET"]}}],"collection":[{"href":"https:\/\/help.unhcr.org\/costarica\/wp-json\/wp\/v2\/pages"}],"about":[{"href":"https:\/\/help.unhcr.org\/costarica\/wp-json\/wp\/v2\/types\/page"}],"author":[{"embeddable":true,"href":"https:\/\/help.unhcr.org\/costarica\/wp-json\/wp\/v2\/users\/40"}],"replies":[{"embeddable":true,"href":"https:\/\/help.unhcr.org\/costarica\/wp-json\/wp\/v2\/comments?post=1765"}],"version-history":[{"count":4,"href":"https:\/\/help.unhcr.org\/costarica\/wp-json\/wp\/v2\/pages\/1765\/revisions"}],"predecessor-version":[{"id":1778,"href":"https:\/\/help.unhcr.org\/costarica\/wp-json\/wp\/v2\/pages\/1765\/revisions\/1778"}],"wp:attachment":[{"href":"https:\/\/help.unhcr.org\/costarica\/wp-json\/wp\/v2\/media?parent=1765"}],"curies":[{"name":"wp","href":"https:\/\/api.w.org\/{rel}","templated":true}]}}