{"id":1285,"date":"2020-08-05T16:54:50","date_gmt":"2020-08-05T16:54:50","guid":{"rendered":"http:\/\/help.unhcr.org\/costarica?page_id=1285"},"modified":"2023-08-30T21:54:51","modified_gmt":"2023-08-30T21:54:51","slug":"prevencion-de-la-explotacion-abuso-sexual-y-violencia-de-genero","status":"publish","type":"page","link":"https:\/\/help.unhcr.org\/costarica\/prevencion-de-la-explotacion-abuso-sexual-y-violencia-de-genero","title":{"rendered":"Prevenci\u00f3n de la explotaci\u00f3n, abuso sexual y violencia de g\u00e9nero"},"content":{"rendered":"\n<p>El ACNUR y sus agencias socias mantienen una pol\u00edtica de CERO TOLERANCIA a la explotaci\u00f3n y el abuso sexual. La explotaci\u00f3n y el abuso sexual son comportamientos inaceptables, en especial por parte de funcionarios del ACNUR y sus agencias socias.&nbsp;&nbsp;<\/p>\n","protected":false},"excerpt":{"rendered":"<p>El ACNUR y sus agencias socias mantienen una pol\u00edtica de CERO TOLERANCIA a la explotaci\u00f3n y el abuso sexual. La explotaci\u00f3n y el abuso sexual son comportamientos inaceptables, en especial por parte de funcionarios del ACNUR y sus agencias socias.&nbsp;&nbsp;<\/p>\n","protected":false},"author":40,"featured_media":0,"parent":0,"menu_order":9,"comment_status":"closed","ping_status":"closed","template":"page-templates\/sectioned.php","meta":{"_acf_changed":false,"footnotes":""},"class_list":["post-1285","page","type-page","status-publish","hentry"],"acf":[],"_links":{"self":[{"href":"https:\/\/help.unhcr.org\/costarica\/wp-json\/wp\/v2\/pages\/1285","targetHints":{"allow":["GET"]}}],"collection":[{"href":"https:\/\/help.unhcr.org\/costarica\/wp-json\/wp\/v2\/pages"}],"about":[{"href":"https:\/\/help.unhcr.org\/costarica\/wp-json\/wp\/v2\/types\/page"}],"author":[{"embeddable":true,"href":"https:\/\/help.unhcr.org\/costarica\/wp-json\/wp\/v2\/users\/40"}],"replies":[{"embeddable":true,"href":"https:\/\/help.unhcr.org\/costarica\/wp-json\/wp\/v2\/comments?post=1285"}],"version-history":[{"count":9,"href":"https:\/\/help.unhcr.org\/costarica\/wp-json\/wp\/v2\/pages\/1285\/revisions"}],"predecessor-version":[{"id":1995,"href":"https:\/\/help.unhcr.org\/costarica\/wp-json\/wp\/v2\/pages\/1285\/revisions\/1995"}],"wp:attachment":[{"href":"https:\/\/help.unhcr.org\/costarica\/wp-json\/wp\/v2\/media?parent=1285"}],"curies":[{"name":"wp","href":"https:\/\/api.w.org\/{rel}","templated":true}]}}