{"id":1160,"date":"2020-04-16T20:08:14","date_gmt":"2020-04-16T20:08:14","guid":{"rendered":"http:\/\/help.unhcr.org\/costarica?page_id=1160"},"modified":"2025-10-01T18:48:07","modified_gmt":"2025-10-01T18:48:07","slug":"asistencia-economica","status":"publish","type":"page","link":"https:\/\/help.unhcr.org\/costarica\/asistencia-economica","title":{"rendered":"Asistencia econ\u00f3mica humanitaria del ACNUR"},"content":{"rendered":"\n<h2 class=\"wp-block-heading has-luminous-vivid-amber-background-color has-background\">Actualmente, debido a disponibilidad de fondos, el programa de Asistencia econ\u00f3mica del ACNUR NO est\u00e1 aceptando nuevas solicitudes. <\/h2>\n\n\n\n<h2 class=\"wp-block-heading has-luminous-vivid-amber-background-color has-background\">Le invitamos a leer sobre opciones de asistencia econ\u00f3mica del Estado costarricense a las que personas refugiadas, solicitantes de refugio y ap\u00e1tridas pueden acceder, <a href=\"https:\/\/help.unhcr.org\/costarica\/sobre-el-sitio\/asistencia-social-y-economica\">presionando aqu\u00ed<\/a><\/h2>\n\n\n\n<figure class=\"wp-block-image size-large is-resized\"><img loading=\"lazy\" decoding=\"async\" width=\"1024\" height=\"576\" src=\"https:\/\/help.unhcr.org\/costarica\/wp-content\/uploads\/sites\/2\/2025\/02\/DSC06604-1024x576.jpg\" alt=\"\" class=\"wp-image-2797\" style=\"width:562px;height:auto\" srcset=\"https:\/\/help.unhcr.org\/costarica\/wp-content\/uploads\/sites\/2\/2025\/02\/DSC06604-1024x576.jpg 1024w, https:\/\/help.unhcr.org\/costarica\/wp-content\/uploads\/sites\/2\/2025\/02\/DSC06604-300x169.jpg 300w, https:\/\/help.unhcr.org\/costarica\/wp-content\/uploads\/sites\/2\/2025\/02\/DSC06604-768x432.jpg 768w, https:\/\/help.unhcr.org\/costarica\/wp-content\/uploads\/sites\/2\/2025\/02\/DSC06604-1536x864.jpg 1536w, https:\/\/help.unhcr.org\/costarica\/wp-content\/uploads\/sites\/2\/2025\/02\/DSC06604-2048x1152.jpg 2048w\" sizes=\"auto, (max-width: 1024px) 100vw, 1024px\" \/><\/figure>\n\n\n\n<p>El Programa de Asistencia humanitaria en efectivo del ACNUR se dirige a personas refugiadas, ap\u00e1tridas y solicitantes de asilo en <strong>situaciones de extrema vulnerabilidad<\/strong>. <\/p>\n\n\n\n<p>Este programa est\u00e1 <strong>sujeto a la disponibilidad de fondos humanitarios<\/strong> y tras aplicar, es necesario realizar un proceso de valoraci\u00f3n. <strong>Se priorizar\u00e1n los casos m\u00e1s vulnerables y de mayor emergencia.<\/strong><\/p>\n","protected":false},"excerpt":{"rendered":"<p>Actualmente, debido a disponibilidad de fondos, el programa de Asistencia econ\u00f3mica del ACNUR NO est\u00e1 aceptando nuevas solicitudes. Le invitamos a leer sobre opciones de asistencia econ\u00f3mica del Estado costarricense a las que personas refugiadas, solicitantes de refugio y ap\u00e1tridas pueden acceder, presionando aqu\u00ed El Programa de Asistencia humanitaria en efectivo del ACNUR se dirige [&hellip;]<\/p>\n","protected":false},"author":91,"featured_media":0,"parent":0,"menu_order":3,"comment_status":"closed","ping_status":"closed","template":"page-templates\/sectioned.php","meta":{"_acf_changed":false,"footnotes":""},"class_list":["post-1160","page","type-page","status-publish","hentry"],"acf":[],"_links":{"self":[{"href":"https:\/\/help.unhcr.org\/costarica\/wp-json\/wp\/v2\/pages\/1160","targetHints":{"allow":["GET"]}}],"collection":[{"href":"https:\/\/help.unhcr.org\/costarica\/wp-json\/wp\/v2\/pages"}],"about":[{"href":"https:\/\/help.unhcr.org\/costarica\/wp-json\/wp\/v2\/types\/page"}],"author":[{"embeddable":true,"href":"https:\/\/help.unhcr.org\/costarica\/wp-json\/wp\/v2\/users\/91"}],"replies":[{"embeddable":true,"href":"https:\/\/help.unhcr.org\/costarica\/wp-json\/wp\/v2\/comments?post=1160"}],"version-history":[{"count":37,"href":"https:\/\/help.unhcr.org\/costarica\/wp-json\/wp\/v2\/pages\/1160\/revisions"}],"predecessor-version":[{"id":2978,"href":"https:\/\/help.unhcr.org\/costarica\/wp-json\/wp\/v2\/pages\/1160\/revisions\/2978"}],"wp:attachment":[{"href":"https:\/\/help.unhcr.org\/costarica\/wp-json\/wp\/v2\/media?parent=1160"}],"curies":[{"name":"wp","href":"https:\/\/api.w.org\/{rel}","templated":true}]}}