{"id":95,"date":"2018-08-16T14:46:34","date_gmt":"2018-08-16T14:46:34","guid":{"rendered":"http:\/\/help.unhcr.org\/colombia\/?page_id=95"},"modified":"2026-01-22T17:21:40","modified_gmt":"2026-01-22T17:21:40","slug":"asistencia-legal","status":"publish","type":"page","link":"https:\/\/help.unhcr.org\/colombia\/bienvenido-a\/donde-encontrar-ayuda\/asistencia-legal\/","title":{"rendered":"Asistencia Legal"},"content":{"rendered":"<p style=\"font-weight: 400\">El ACNUR y sus socios implementadores en Colombia pueden brindarle asistencia legal sobre el procedimiento de reconocimiento de la condici\u00f3n de refugiado. Si usted desea obtener una orientaci\u00f3n legal con respecto a procesos de regularizaci\u00f3n migratoria, acceso a derechos y oferta institucional en materia de acceso a la salud, servicios educativos, debido proceso, acceso a la justicia, entre otros derechos, lo invitamos a consultar las instituciones que a continuaci\u00f3n detallamos, las cuales pueden brindarle los siguientes servicios:<\/p>\n<ol>\n<li>Asistencia jur\u00eddica a personas que tienen escasos recursos econ\u00f3micos para pagar los gastos de un abogado titulado.<\/li>\n<li>Acompa\u00f1amiento legal en la implementaci\u00f3n de mecanismos jur\u00eddicos para la protecci\u00f3n y acceso a derechos brindados por el Estado colombiano, para suplir necesidades identificadas.<\/li>\n<li>Orientaci\u00f3n sobre rutas de acceso a derechos en el pa\u00eds.<\/li>\n<\/ol>\n\n\n<p><\/p>\n","protected":false},"excerpt":{"rendered":"<p>El ACNUR y sus socios implementadores en Colombia pueden brindarle asistencia legal sobre el procedimiento de reconocimiento de la condici\u00f3n de refugiado. Si usted desea obtener una orientaci\u00f3n legal con respecto a procesos de regularizaci\u00f3n migratoria, acceso a derechos y oferta institucional en materia de acceso a la salud, servicios educativos, debido proceso, acceso a [&hellip;]<\/p>\n","protected":false},"author":1,"featured_media":0,"parent":91,"menu_order":4,"comment_status":"closed","ping_status":"closed","template":"page-templates\/sectioned.php","meta":{"_acf_changed":false,"footnotes":""},"class_list":["post-95","page","type-page","status-publish","hentry"],"acf":[],"_links":{"self":[{"href":"https:\/\/help.unhcr.org\/colombia\/wp-json\/wp\/v2\/pages\/95","targetHints":{"allow":["GET"]}}],"collection":[{"href":"https:\/\/help.unhcr.org\/colombia\/wp-json\/wp\/v2\/pages"}],"about":[{"href":"https:\/\/help.unhcr.org\/colombia\/wp-json\/wp\/v2\/types\/page"}],"author":[{"embeddable":true,"href":"https:\/\/help.unhcr.org\/colombia\/wp-json\/wp\/v2\/users\/1"}],"replies":[{"embeddable":true,"href":"https:\/\/help.unhcr.org\/colombia\/wp-json\/wp\/v2\/comments?post=95"}],"version-history":[{"count":95,"href":"https:\/\/help.unhcr.org\/colombia\/wp-json\/wp\/v2\/pages\/95\/revisions"}],"predecessor-version":[{"id":1519,"href":"https:\/\/help.unhcr.org\/colombia\/wp-json\/wp\/v2\/pages\/95\/revisions\/1519"}],"up":[{"embeddable":true,"href":"https:\/\/help.unhcr.org\/colombia\/wp-json\/wp\/v2\/pages\/91"}],"wp:attachment":[{"href":"https:\/\/help.unhcr.org\/colombia\/wp-json\/wp\/v2\/media?parent=95"}],"curies":[{"name":"wp","href":"https:\/\/api.w.org\/{rel}","templated":true}]}}