{"id":93,"date":"2018-08-16T14:41:32","date_gmt":"2018-08-16T14:41:32","guid":{"rendered":"http:\/\/help.unhcr.org\/colombia\/?page_id=93"},"modified":"2026-01-08T20:49:50","modified_gmt":"2026-01-08T20:49:50","slug":"oficinas-del-acnur","status":"publish","type":"page","link":"https:\/\/help.unhcr.org\/colombia\/bienvenido-a\/donde-encontrar-ayuda\/oficinas-del-acnur\/","title":{"rendered":"ACNUR Colombia"},"content":{"rendered":"\n<p>La Agencia de las Naciones Unidas para los Refugiados (ACNUR) es una agencia establecida en 1950 que lidera y coordina la acci\u00f3n internacional para la protecci\u00f3n de las personas refugiadas y desplazadas y la b\u00fasqueda de soluciones duraderas. El principal prop\u00f3sito de ACNUR es salvaguardar los derechos y el bienestar de las personas que se han visto obligadas a huir. Por m\u00e1s de setenta a\u00f1os, ACNUR ha ayudado a millones de personas a recomenzar sus vidas.<\/p>\n\n\n\n<p>Desde 1997 ACNUR en Colombia, junto con organizaciones de la sociedad civil y otras agencias de las Naciones Unidas, apoya al Estado colombiano y a las comunidades de acogida en sus esfuerzos para proteger, atender y prevenir el desplazamiento forzado, y promover soluciones duraderas para las personas refugiadas, desplazadas internas o en riesgo de estarlo, las personas refugiadas retornadas y ap\u00e1tridas. <\/p>\n\n\n\n<p>ACNUR realiza su labor reconociendo el impacto diferencial que tiene el desplazamiento forzado en mujeres, ni\u00f1os y ni\u00f1as, personas j\u00f3venes, mayores, ind\u00edgenas, afrocolombianos, personas con discapacidades y personas pertenecientes a la comunidad LGTBIQ+, entre otras.<\/p>\n\n\n\n<p>En 2025, ACNUR Colombia cuenta con 15 oficinas y unidades de terreno en el pa\u00eds.<\/p>\n\n\n\n<p>Los servicios que prestan estas oficinas son:<\/p>\n\n\n\n<ul class=\"wp-block-list\">\n<li>Informaci\u00f3n sobre el procedimiento de reconocimiento de la condici\u00f3n de refugiado ante el Gobierno colombiano.<\/li>\n\n\n\n<li>Orientaci\u00f3n sobre las distintas etapas del procedimiento.<\/li>\n\n\n\n<li>Informaci\u00f3n sobre rutas de acceso a salud y educaci\u00f3n para solicitantes de asilo, refugiados u otras personas en necesidad de protecci\u00f3n internacional.<\/li>\n\n\n\n<li>Informaci\u00f3n sobre procedimiento de adquisici\u00f3n de nacionalidad por adopci\u00f3n para refugiados.<\/li>\n\n\n\n<li>Informaci\u00f3n sobre c\u00f3mo acceder al Estatuto de Protecci\u00f3n Temporal para Migrantes Venezolanos y otros procesos de regularizaci\u00f3n migratoria en el pa\u00eds.<\/li>\n\n\n\n<li>Informaci\u00f3n sobre proceso de registro civil de nacimiento.<\/li>\n\n\n\n<li>Informaci\u00f3n sobre rutas existentes para colombianos retornados.<\/li>\n<\/ul>\n\n\n\n<p>*Tenga en cuenta que en algunas ciudades la atenci\u00f3n se brinda a trav\u00e9s de los Puntos de Atenci\u00f3n y Orientaci\u00f3n (PAO) de ACNUR y su socio Opci\u00f3n Legal.<\/p>\n","protected":false},"excerpt":{"rendered":"<p>La Agencia de las Naciones Unidas para los Refugiados (ACNUR) es una agencia establecida en 1950 que lidera y coordina la acci\u00f3n internacional para la protecci\u00f3n de las personas refugiadas y desplazadas y la b\u00fasqueda de soluciones duraderas. El principal prop\u00f3sito de ACNUR es salvaguardar los derechos y el bienestar de las personas que se [&hellip;]<\/p>\n","protected":false},"author":1,"featured_media":0,"parent":91,"menu_order":1,"comment_status":"closed","ping_status":"closed","template":"page-templates\/sectioned.php","meta":{"_acf_changed":false,"footnotes":""},"class_list":["post-93","page","type-page","status-publish","hentry"],"acf":[],"_links":{"self":[{"href":"https:\/\/help.unhcr.org\/colombia\/wp-json\/wp\/v2\/pages\/93","targetHints":{"allow":["GET"]}}],"collection":[{"href":"https:\/\/help.unhcr.org\/colombia\/wp-json\/wp\/v2\/pages"}],"about":[{"href":"https:\/\/help.unhcr.org\/colombia\/wp-json\/wp\/v2\/types\/page"}],"author":[{"embeddable":true,"href":"https:\/\/help.unhcr.org\/colombia\/wp-json\/wp\/v2\/users\/1"}],"replies":[{"embeddable":true,"href":"https:\/\/help.unhcr.org\/colombia\/wp-json\/wp\/v2\/comments?post=93"}],"version-history":[{"count":45,"href":"https:\/\/help.unhcr.org\/colombia\/wp-json\/wp\/v2\/pages\/93\/revisions"}],"predecessor-version":[{"id":1511,"href":"https:\/\/help.unhcr.org\/colombia\/wp-json\/wp\/v2\/pages\/93\/revisions\/1511"}],"up":[{"embeddable":true,"href":"https:\/\/help.unhcr.org\/colombia\/wp-json\/wp\/v2\/pages\/91"}],"wp:attachment":[{"href":"https:\/\/help.unhcr.org\/colombia\/wp-json\/wp\/v2\/media?parent=93"}],"curies":[{"name":"wp","href":"https:\/\/api.w.org\/{rel}","templated":true}]}}