{"id":91,"date":"2018-08-16T14:05:53","date_gmt":"2018-08-16T14:05:53","guid":{"rendered":"http:\/\/help.unhcr.org\/colombia\/?page_id=91"},"modified":"2025-07-15T20:54:28","modified_gmt":"2025-07-15T20:54:28","slug":"donde-encontrar-ayuda","status":"publish","type":"page","link":"https:\/\/help.unhcr.org\/colombia\/bienvenido-a\/donde-encontrar-ayuda\/","title":{"rendered":"D\u00f3nde encontrar ayuda"},"content":{"rendered":"\n<p class=\"has-background\" style=\"background-color:#faeb00\">Si necesita <strong>atenci\u00f3n presencial<\/strong>, le invitamos a dirigirse a uno de nuestros&nbsp;<strong>Puntos de Atenci\u00f3n y Orientaci\u00f3n<\/strong>&nbsp;(PAO) ubicados en Bogot\u00e1 y diversas ciudades de Colombia.<\/p>\n\n\n\n<p class=\"has-background\" style=\"background-color:#faeb00\">Es importante tener en cuenta que nuestras <strong>oficinas de ACNUR no brindan atenci\u00f3n directa al p\u00fablico.<\/strong><\/p>\n\n\n\n<p><\/p>\n","protected":false},"excerpt":{"rendered":"<p>Si necesita atenci\u00f3n presencial, le invitamos a dirigirse a uno de nuestros&nbsp;Puntos de Atenci\u00f3n y Orientaci\u00f3n&nbsp;(PAO) ubicados en Bogot\u00e1 y diversas ciudades de Colombia. Es importante tener en cuenta que nuestras oficinas de ACNUR no brindan atenci\u00f3n directa al p\u00fablico.<\/p>\n","protected":false},"author":441,"featured_media":0,"parent":88,"menu_order":1,"comment_status":"closed","ping_status":"closed","template":"page-templates\/listing_page.php","meta":{"_acf_changed":false,"footnotes":""},"class_list":["post-91","page","type-page","status-publish","hentry"],"acf":[],"_links":{"self":[{"href":"https:\/\/help.unhcr.org\/colombia\/wp-json\/wp\/v2\/pages\/91","targetHints":{"allow":["GET"]}}],"collection":[{"href":"https:\/\/help.unhcr.org\/colombia\/wp-json\/wp\/v2\/pages"}],"about":[{"href":"https:\/\/help.unhcr.org\/colombia\/wp-json\/wp\/v2\/types\/page"}],"author":[{"embeddable":true,"href":"https:\/\/help.unhcr.org\/colombia\/wp-json\/wp\/v2\/users\/441"}],"replies":[{"embeddable":true,"href":"https:\/\/help.unhcr.org\/colombia\/wp-json\/wp\/v2\/comments?post=91"}],"version-history":[{"count":21,"href":"https:\/\/help.unhcr.org\/colombia\/wp-json\/wp\/v2\/pages\/91\/revisions"}],"predecessor-version":[{"id":1236,"href":"https:\/\/help.unhcr.org\/colombia\/wp-json\/wp\/v2\/pages\/91\/revisions\/1236"}],"up":[{"embeddable":true,"href":"https:\/\/help.unhcr.org\/colombia\/wp-json\/wp\/v2\/pages\/88"}],"wp:attachment":[{"href":"https:\/\/help.unhcr.org\/colombia\/wp-json\/wp\/v2\/media?parent=91"}],"curies":[{"name":"wp","href":"https:\/\/api.w.org\/{rel}","templated":true}]}}