{"id":611,"date":"2022-03-28T23:13:26","date_gmt":"2022-03-28T23:13:26","guid":{"rendered":"https:\/\/help.unhcr.org\/colombia\/?page_id=611"},"modified":"2026-03-25T15:04:19","modified_gmt":"2026-03-25T15:04:19","slug":"pao","status":"publish","type":"page","link":"https:\/\/help.unhcr.org\/colombia\/bienvenido-a\/donde-encontrar-ayuda\/pao\/","title":{"rendered":"Puntos de Atenci\u00f3n y Orientaci\u00f3n  (PAO)"},"content":{"rendered":"\n<p>Los Puntos de Atenci\u00f3n y Orientaci\u00f3n (PAO) son una estrategia de ACNUR y la Corporaci\u00f3n Opci\u00f3n Legal, que busca proporcionar informaci\u00f3n clara y segura a todas las personas que se encuentran en Colombia.<\/p>\n\n\n\n<p>Si usted es una persona refugiada, migrante, desplazada o retornada, puede acercarse a cualquiera de los PAO para recibir informaci\u00f3n sobre la protecci\u00f3n de sus derechos y el acceso a servicios en el pa\u00eds:<\/p>\n\n\n\n<p>\u2022 Informaci\u00f3n sobre la solicitud de reconocimiento de la condici\u00f3n de refugiado<br>\u2022 Asesor\u00eda y acompa\u00f1amiento en los procesos de regularizaci\u00f3n vigentes<br>\u2022 Orientaci\u00f3n sobre el Registro \u00danico de V\u00edctimas (RUV) y los procesos ante la Unidad para la Atenci\u00f3n y Reparaci\u00f3n Integral a las V\u00edctimas (UARIV)<br>\u2022 Informaci\u00f3n sobre protecci\u00f3n y acceso a derechos tales como salud, educaci\u00f3n, registro de nacionalidad, asistencia legal, as\u00ed como la oferta de servicios disponibles<\/p>\n\n\n\n<div class=\"wp-block-buttons is-content-justification-center is-layout-flex wp-container-core-buttons-is-layout-16018d1d wp-block-buttons-is-layout-flex\">\n<div class=\"wp-block-button\"><a class=\"wp-block-button__link has-white-color has-vivid-cyan-blue-background-color has-text-color has-background has-link-color wp-element-button\" href=\"http:\/\/wa.me\/+573146525326\" target=\"_blank\" rel=\"noreferrer noopener\"><strong>Click aqu\u00ed para comunicarse con el PAO v\u00eda Whatsapp<\/strong><\/a><\/div>\n<\/div>\n\n\n\n<p><\/p>\n\n\n\n<figure class=\"wp-block-image size-large\"><img loading=\"lazy\" decoding=\"async\" width=\"1024\" height=\"364\" src=\"https:\/\/help.unhcr.org\/colombia\/wp-content\/uploads\/sites\/37\/2023\/12\/BANNER@4x-1024x364.png\" alt=\"\" class=\"wp-image-920\" srcset=\"https:\/\/help.unhcr.org\/colombia\/wp-content\/uploads\/sites\/37\/2023\/12\/BANNER@4x-1024x364.png 1024w, https:\/\/help.unhcr.org\/colombia\/wp-content\/uploads\/sites\/37\/2023\/12\/BANNER@4x-300x107.png 300w, https:\/\/help.unhcr.org\/colombia\/wp-content\/uploads\/sites\/37\/2023\/12\/BANNER@4x-768x273.png 768w, https:\/\/help.unhcr.org\/colombia\/wp-content\/uploads\/sites\/37\/2023\/12\/BANNER@4x-1536x546.png 1536w, https:\/\/help.unhcr.org\/colombia\/wp-content\/uploads\/sites\/37\/2023\/12\/BANNER@4x-2048x728.png 2048w\" sizes=\"auto, (max-width: 1024px) 100vw, 1024px\" \/><\/figure>\n\n\n\n<p><\/p>\n\n\n\n<p class=\"has-text-color has-link-color has-large-font-size wp-elements-b05d9ac47b04eb4865c0ac22924d19c4\" style=\"color:#0072bc\"><strong>PAO en Colombia<\/strong><\/p>\n\n\n\n<p><\/p>\n","protected":false},"excerpt":{"rendered":"<p>Los Puntos de Atenci\u00f3n y Orientaci\u00f3n (PAO) son una estrategia de ACNUR y la Corporaci\u00f3n Opci\u00f3n Legal, que busca proporcionar informaci\u00f3n clara y segura a todas las personas que se encuentran en Colombia. Si usted es una persona refugiada, migrante, desplazada o retornada, puede acercarse a cualquiera de los PAO para recibir informaci\u00f3n sobre la [&hellip;]<\/p>\n","protected":false},"author":56,"featured_media":0,"parent":91,"menu_order":2,"comment_status":"closed","ping_status":"closed","template":"page-templates\/sectioned.php","meta":{"_acf_changed":false,"footnotes":""},"class_list":["post-611","page","type-page","status-publish","hentry"],"acf":[],"_links":{"self":[{"href":"https:\/\/help.unhcr.org\/colombia\/wp-json\/wp\/v2\/pages\/611","targetHints":{"allow":["GET"]}}],"collection":[{"href":"https:\/\/help.unhcr.org\/colombia\/wp-json\/wp\/v2\/pages"}],"about":[{"href":"https:\/\/help.unhcr.org\/colombia\/wp-json\/wp\/v2\/types\/page"}],"author":[{"embeddable":true,"href":"https:\/\/help.unhcr.org\/colombia\/wp-json\/wp\/v2\/users\/56"}],"replies":[{"embeddable":true,"href":"https:\/\/help.unhcr.org\/colombia\/wp-json\/wp\/v2\/comments?post=611"}],"version-history":[{"count":218,"href":"https:\/\/help.unhcr.org\/colombia\/wp-json\/wp\/v2\/pages\/611\/revisions"}],"predecessor-version":[{"id":1526,"href":"https:\/\/help.unhcr.org\/colombia\/wp-json\/wp\/v2\/pages\/611\/revisions\/1526"}],"up":[{"embeddable":true,"href":"https:\/\/help.unhcr.org\/colombia\/wp-json\/wp\/v2\/pages\/91"}],"wp:attachment":[{"href":"https:\/\/help.unhcr.org\/colombia\/wp-json\/wp\/v2\/media?parent=611"}],"curies":[{"name":"wp","href":"https:\/\/api.w.org\/{rel}","templated":true}]}}