{"id":480,"date":"2021-03-18T15:34:40","date_gmt":"2021-03-18T15:34:40","guid":{"rendered":"http:\/\/help.unhcr.org\/colombia\/?page_id=480"},"modified":"2025-11-07T18:32:41","modified_gmt":"2025-11-07T18:32:41","slug":"denuncias-y-medidas-de-proteccion","status":"publish","type":"page","link":"https:\/\/help.unhcr.org\/colombia\/proteccion-en-colombia\/denuncias-y-medidas-de-proteccion\/","title":{"rendered":"Denuncias y Medidas de Protecci\u00f3n"},"content":{"rendered":"\n<p>Recuerde que el Alto Comisionado de las Naciones Unidas para los Refugiados (ACNUR) es una organizaci\u00f3n de car\u00e1cter apol\u00edtico, humanitario y social, creado por la Asamblea General de las Naciones Unidas el 14 de diciembre de 1950, como un esfuerzo de la comunidad internacional para brindar protecci\u00f3n y asistencia a los refugiados. De la misma forma, el ACNUR en Colombia trabaja para apoyar al Estado y las comunidades a avanzar en la protecci\u00f3n y consolidaci\u00f3n de los derechos de la poblaci\u00f3n desplazada<strong>.&nbsp;<\/strong><\/p>\n\n\n\n<p>En raz\u00f3n de lo anterior, el ACNUR no es una autoridad p\u00fablica ni tiene mandato para recepcionar denuncias u ofrecer medidas de protecci\u00f3n en Colombia. Esta solicitud debe ser elevada ante las autoridades correspondientes.<\/p>\n\n\n\n<p><\/p>\n","protected":false},"excerpt":{"rendered":"<p>Recuerde que el Alto Comisionado de las Naciones Unidas para los Refugiados (ACNUR) es una organizaci\u00f3n de car\u00e1cter apol\u00edtico, humanitario y social, creado por la Asamblea General de las Naciones Unidas el 14 de diciembre de 1950, como un esfuerzo de la comunidad internacional para brindar protecci\u00f3n y asistencia a los refugiados. De la misma [&hellip;]<\/p>\n","protected":false},"author":441,"featured_media":0,"parent":1468,"menu_order":1,"comment_status":"closed","ping_status":"closed","template":"faq_page.php","meta":{"_acf_changed":false,"footnotes":""},"class_list":["post-480","page","type-page","status-publish","hentry"],"acf":[],"_links":{"self":[{"href":"https:\/\/help.unhcr.org\/colombia\/wp-json\/wp\/v2\/pages\/480","targetHints":{"allow":["GET"]}}],"collection":[{"href":"https:\/\/help.unhcr.org\/colombia\/wp-json\/wp\/v2\/pages"}],"about":[{"href":"https:\/\/help.unhcr.org\/colombia\/wp-json\/wp\/v2\/types\/page"}],"author":[{"embeddable":true,"href":"https:\/\/help.unhcr.org\/colombia\/wp-json\/wp\/v2\/users\/441"}],"replies":[{"embeddable":true,"href":"https:\/\/help.unhcr.org\/colombia\/wp-json\/wp\/v2\/comments?post=480"}],"version-history":[{"count":9,"href":"https:\/\/help.unhcr.org\/colombia\/wp-json\/wp\/v2\/pages\/480\/revisions"}],"predecessor-version":[{"id":1471,"href":"https:\/\/help.unhcr.org\/colombia\/wp-json\/wp\/v2\/pages\/480\/revisions\/1471"}],"up":[{"embeddable":true,"href":"https:\/\/help.unhcr.org\/colombia\/wp-json\/wp\/v2\/pages\/1468"}],"wp:attachment":[{"href":"https:\/\/help.unhcr.org\/colombia\/wp-json\/wp\/v2\/media?parent=480"}],"curies":[{"name":"wp","href":"https:\/\/api.w.org\/{rel}","templated":true}]}}