{"id":429,"date":"2020-08-03T17:46:30","date_gmt":"2020-08-03T17:46:30","guid":{"rendered":"http:\/\/help.unhcr.org\/colombia\/?page_id=429"},"modified":"2025-11-18T16:27:29","modified_gmt":"2025-11-18T16:27:29","slug":"como-solicitar-la-condicion-de-refugiado-en-colombia-guia-grafica","status":"publish","type":"page","link":"https:\/\/help.unhcr.org\/colombia\/solicitando-la-condicion-de-refugiado\/como-solicitar-la-condicion-de-refugiado-en-colombia-guia-grafica\/","title":{"rendered":"Gu\u00eda gr\u00e1fica &#8211; C\u00f3mo solicitar la condici\u00f3n de refugiado en Colombia"},"content":{"rendered":"\n<div data-wp-interactive=\"core\/file\" class=\"wp-block-file\"><object data-wp-bind--hidden=\"!state.hasPdfPreview\" hidden class=\"wp-block-file__embed\" data=\"https:\/\/help.unhcr.org\/colombia\/wp-content\/uploads\/sites\/37\/2025\/08\/Quien-es-un-refugiado-version-final.pdf\" type=\"application\/pdf\" style=\"width:100%;height:1210px\" aria-label=\"Embed of Quie\u0301n es un refugiado versio\u0301n final.\"><\/object><a id=\"wp-block-file--media-0a435fba-d186-437c-86a3-0f46753c5dbf\" href=\"https:\/\/help.unhcr.org\/colombia\/wp-content\/uploads\/sites\/37\/2025\/08\/Quien-es-un-refugiado-version-final.pdf\">Quie\u0301n es un refugiado versio\u0301n final<\/a><\/div>\n","protected":false},"excerpt":{"rendered":"","protected":false},"author":56,"featured_media":432,"parent":106,"menu_order":0,"comment_status":"closed","ping_status":"closed","template":"","meta":{"_acf_changed":false,"footnotes":""},"class_list":["post-429","page","type-page","status-publish","has-post-thumbnail","hentry"],"acf":[],"_links":{"self":[{"href":"https:\/\/help.unhcr.org\/colombia\/wp-json\/wp\/v2\/pages\/429","targetHints":{"allow":["GET"]}}],"collection":[{"href":"https:\/\/help.unhcr.org\/colombia\/wp-json\/wp\/v2\/pages"}],"about":[{"href":"https:\/\/help.unhcr.org\/colombia\/wp-json\/wp\/v2\/types\/page"}],"author":[{"embeddable":true,"href":"https:\/\/help.unhcr.org\/colombia\/wp-json\/wp\/v2\/users\/56"}],"replies":[{"embeddable":true,"href":"https:\/\/help.unhcr.org\/colombia\/wp-json\/wp\/v2\/comments?post=429"}],"version-history":[{"count":18,"href":"https:\/\/help.unhcr.org\/colombia\/wp-json\/wp\/v2\/pages\/429\/revisions"}],"predecessor-version":[{"id":1453,"href":"https:\/\/help.unhcr.org\/colombia\/wp-json\/wp\/v2\/pages\/429\/revisions\/1453"}],"up":[{"embeddable":true,"href":"https:\/\/help.unhcr.org\/colombia\/wp-json\/wp\/v2\/pages\/106"}],"wp:featuredmedia":[{"embeddable":true,"href":"https:\/\/help.unhcr.org\/colombia\/wp-json\/wp\/v2\/media\/432"}],"wp:attachment":[{"href":"https:\/\/help.unhcr.org\/colombia\/wp-json\/wp\/v2\/media?parent=429"}],"curies":[{"name":"wp","href":"https:\/\/api.w.org\/{rel}","templated":true}]}}