{"id":187,"date":"2019-01-06T11:58:30","date_gmt":"2019-01-06T11:58:30","guid":{"rendered":"http:\/\/help.unhcr.org\/colombia\/?page_id=187"},"modified":"2025-07-30T19:37:36","modified_gmt":"2025-07-30T19:37:36","slug":"regularizacion-migratoria","status":"publish","type":"page","link":"https:\/\/help.unhcr.org\/colombia\/regularizacion-migratoria\/","title":{"rendered":"Regularizaci\u00f3n migratoria"},"content":{"rendered":"<div>\n<p><span lang=\"ES-CO\">Los tr\u00e1mites para que una persona pueda acceder a una condici\u00f3n migratoria regular en Colombia se hacen en el Ministerio de Relaciones Exteriores o en Migraci\u00f3n Colombia. Recuerde que las gestiones con Migraci\u00f3n Colombia pueden ser realizadas de manera virtual, son gratuitas y no necesitan intermediarios. <\/span><\/p>\n<\/div>\n\n\n<p><\/p>\n","protected":false},"excerpt":{"rendered":"<p>Los tr\u00e1mites para que una persona pueda acceder a una condici\u00f3n migratoria regular en Colombia se hacen en el Ministerio de Relaciones Exteriores o en Migraci\u00f3n Colombia. Recuerde que las gestiones con Migraci\u00f3n Colombia pueden ser realizadas de manera virtual, son gratuitas y no necesitan intermediarios.<\/p>\n","protected":false},"author":1,"featured_media":0,"parent":0,"menu_order":3,"comment_status":"closed","ping_status":"closed","template":"page-templates\/sectioned.php","meta":{"_acf_changed":false,"footnotes":""},"class_list":["post-187","page","type-page","status-publish","hentry"],"acf":[],"_links":{"self":[{"href":"https:\/\/help.unhcr.org\/colombia\/wp-json\/wp\/v2\/pages\/187","targetHints":{"allow":["GET"]}}],"collection":[{"href":"https:\/\/help.unhcr.org\/colombia\/wp-json\/wp\/v2\/pages"}],"about":[{"href":"https:\/\/help.unhcr.org\/colombia\/wp-json\/wp\/v2\/types\/page"}],"author":[{"embeddable":true,"href":"https:\/\/help.unhcr.org\/colombia\/wp-json\/wp\/v2\/users\/1"}],"replies":[{"embeddable":true,"href":"https:\/\/help.unhcr.org\/colombia\/wp-json\/wp\/v2\/comments?post=187"}],"version-history":[{"count":23,"href":"https:\/\/help.unhcr.org\/colombia\/wp-json\/wp\/v2\/pages\/187\/revisions"}],"predecessor-version":[{"id":1277,"href":"https:\/\/help.unhcr.org\/colombia\/wp-json\/wp\/v2\/pages\/187\/revisions\/1277"}],"wp:attachment":[{"href":"https:\/\/help.unhcr.org\/colombia\/wp-json\/wp\/v2\/media?parent=187"}],"curies":[{"name":"wp","href":"https:\/\/api.w.org\/{rel}","templated":true}]}}