{"id":178,"date":"2019-01-06T11:38:06","date_gmt":"2019-01-06T11:38:06","guid":{"rendered":"http:\/\/help.unhcr.org\/colombia\/?page_id=178"},"modified":"2025-02-21T20:14:33","modified_gmt":"2025-02-21T20:14:33","slug":"registro-civil-y-nacionalidad-colombiana","status":"publish","type":"page","link":"https:\/\/help.unhcr.org\/colombia\/otros-derechos\/registro-civil-y-nacionalidad-colombiana\/","title":{"rendered":"Registro Civil y Nacionalidad Colombiana"},"content":{"rendered":"<div>\n<p><span lang=\"ES-CO\">De acuerdo con el art\u00edculo 96 de la Constituci\u00f3n, la nacionalidad colombiana se obtiene por nacimiento si los dos, o al menos uno de los dos padres, es colombiano. Tambi\u00e9n si siendo hijo de extranjeros, alguno de sus pap\u00e1s prueba que est\u00e1 domiciliado en Colombia en el momento del nacimiento del menor.<\/span><\/p>\n<\/div>\n","protected":false},"excerpt":{"rendered":"<p>De acuerdo con el art\u00edculo 96 de la Constituci\u00f3n, la nacionalidad colombiana se obtiene por nacimiento si los dos, o al menos uno de los dos padres, es colombiano. Tambi\u00e9n si siendo hijo de extranjeros, alguno de sus pap\u00e1s prueba que est\u00e1 domiciliado en Colombia en el momento del nacimiento del menor.<\/p>\n","protected":false},"author":1,"featured_media":0,"parent":164,"menu_order":0,"comment_status":"closed","ping_status":"closed","template":"page-templates\/sectioned.php","meta":{"_acf_changed":false,"footnotes":""},"class_list":["post-178","page","type-page","status-publish","hentry"],"acf":[],"_links":{"self":[{"href":"https:\/\/help.unhcr.org\/colombia\/wp-json\/wp\/v2\/pages\/178","targetHints":{"allow":["GET"]}}],"collection":[{"href":"https:\/\/help.unhcr.org\/colombia\/wp-json\/wp\/v2\/pages"}],"about":[{"href":"https:\/\/help.unhcr.org\/colombia\/wp-json\/wp\/v2\/types\/page"}],"author":[{"embeddable":true,"href":"https:\/\/help.unhcr.org\/colombia\/wp-json\/wp\/v2\/users\/1"}],"replies":[{"embeddable":true,"href":"https:\/\/help.unhcr.org\/colombia\/wp-json\/wp\/v2\/comments?post=178"}],"version-history":[{"count":19,"href":"https:\/\/help.unhcr.org\/colombia\/wp-json\/wp\/v2\/pages\/178\/revisions"}],"predecessor-version":[{"id":1161,"href":"https:\/\/help.unhcr.org\/colombia\/wp-json\/wp\/v2\/pages\/178\/revisions\/1161"}],"up":[{"embeddable":true,"href":"https:\/\/help.unhcr.org\/colombia\/wp-json\/wp\/v2\/pages\/164"}],"wp:attachment":[{"href":"https:\/\/help.unhcr.org\/colombia\/wp-json\/wp\/v2\/media?parent=178"}],"curies":[{"name":"wp","href":"https:\/\/api.w.org\/{rel}","templated":true}]}}