{"id":167,"date":"2019-01-04T16:36:28","date_gmt":"2019-01-04T16:36:28","guid":{"rendered":"http:\/\/help.unhcr.org\/colombia\/?page_id=167"},"modified":"2025-02-21T20:11:12","modified_gmt":"2025-02-21T20:11:12","slug":"acceso-a-la-educacion","status":"publish","type":"page","link":"https:\/\/help.unhcr.org\/colombia\/otros-derechos\/acceso-a-la-educacion\/","title":{"rendered":"Educaci\u00f3n"},"content":{"rendered":"<div>\n<p><span lang=\"ES-CO\">En Colombia se garantiza el acceso a la educaci\u00f3n a todos los ni\u00f1os, ni\u00f1as y adolescentes que se encuentren dentro del territorio colombiano, independientemente de su nacionalidad o condici\u00f3n migratoria. Las personas menores de 18 a\u00f1os solicitantes de asilo tienen derecho a la educaci\u00f3n en centros educativos del Estado.<\/span><\/p>\n<\/div>\n<div>\n<p><span lang=\"ES-CO\">Recuerde que tambi\u00e9n pueden ser beneficiarios de transporte gratuito y Programa de Alimentaci\u00f3n Escolar (PAE).<\/span><\/p>\n<\/div>\n<div>\n<p><strong><span lang=\"ES-CO\">Tengo hijos\/hijas menores de 18, pero nos encontramos de manera irregular en Colombia. \u00bfPueden acceder al sistema escolar? Sentencias de referencia (T-090 de 2021 y T-185 de 2021)<\/span><\/strong><\/p>\n<\/div>\n<div>\n<p><span lang=\"ES-CO\">S\u00ed, sin importar su estatus migratorio, si son menores de 18 a\u00f1os y no han finalizado sus estudios, podr\u00e1n acceder al sistema educativo en Colombia.<\/span><\/p>\n<\/div>\n<div>\n<p><strong><span lang=\"ES-CO\">\u00bfDebo traer alguna documentaci\u00f3n para que NNA puedan estudiar?<\/span><\/strong><\/p>\n<\/div>\n<div>\n<p><span lang=\"ES-CO\">Para realizar el proceso de convalidaci\u00f3n del grado escolar, s\u00ed es necesario contar con un documento de identidad v\u00e1lido de su hija o hijo y las calificaciones apostilladas del \u00faltimo grado escolar cursado. No obstante, si no las tiene, puede acceder al proceso de validaci\u00f3n escolar.<\/span><\/p>\n<\/div>\n<div>\n<p><strong><span lang=\"ES-CO\">\u00bfC\u00f3mo puedo matricular a mi hija o hijo si no nos encontramos de manera regular en Colombia?<\/span><\/strong><\/p>\n<\/div>\n<div>\n<p><span lang=\"ES-CO\">Su hija o hijo ser\u00e1 matriculado con el n\u00famero NES que se le asigne. Este es el N\u00famero Establecido por la Secretar\u00eda de Educaci\u00f3n, espec\u00edficamente dirigido a estudiantes que no cuenten con un documento de identidad v\u00e1lido en Colombia.<\/span><\/p>\n<\/div>\n<div>\n<p><strong style=\"font-size: revert\"><span lang=\"ES-CO\">\u00bfDebo estar de manera regular en Colombia para acceder al proceso de convalidaci\u00f3n del curso escolar?<\/span><\/strong><\/p>\n<\/div>\n<div>\n<p><span lang=\"ES-CO\">S\u00ed, es necesario contar con un documento v\u00e1lido y las calificaciones apostilladas del \u00faltimo grado cursado. Sin embargo, de no contar con esto puede acceder al proceso de validaci\u00f3n escolar.<\/span><\/p>\n<\/div>\n<div>\n<p><strong><span lang=\"ES-CO\">\u00bfC\u00f3mo se accede a un proceso de validaci\u00f3n escolar?<\/span><\/strong><\/p>\n<\/div>\n<div>\n<p><span lang=\"ES-CO\">Este procedimiento es realizado por la instituci\u00f3n educativa donde matricule su hija o hijo. Es gratuito y podr\u00e1 hacerse mediante evaluaciones o actividades acad\u00e9micas.<\/span><\/p>\n<\/div>\n<div>\n<p><strong><span lang=\"ES-CO\">\u00bfLos\/las estudiantes en condici\u00f3n migratoria irregular pueden presentar la Prueba Saber 11? <\/span><\/strong><\/p>\n<\/div>\n<div>\n<p><span lang=\"ES-CO\">S\u00ed, para el examen de validaci\u00f3n del bachillerato, los nacionales venezolanos que no posean un documento v\u00e1lido de identificaci\u00f3n podr\u00e1n inscribirse y presentar el examen de validaci\u00f3n del bachillerato con el documento de identidad venezolano. Para reclamar los resultados se deber\u00e1 allegar cualquier documento, certificaci\u00f3n o acto administrativo expedido por una autoridad colombiana o autoridad venezolana que permita inferir que se trata de la misma persona, entre estos, se encuentra la certificaci\u00f3n que demuestre estar inscrito en el Registro Administrativo de Migrantes venezolanos en Colombia (RAMV) que expide Unidad Nacional para la Gesti\u00f3n del Riesgo de Desastres (UNGRD), la que demuestre estar realizando tr\u00e1mites para la regularizaci\u00f3n migratoria y el Registro Consular que emite la Rep\u00fablica Bolivariana de Venezuela. (Tomado de la resoluci\u00f3n 298 de 2020 del ICFES).<\/span><\/p>\n<\/div>\n<div>\n<p><strong><span lang=\"ES-CO\">\u00bfC\u00f3mo puedo convalidar t\u00edtulos universitarios?<\/span><\/strong><\/p>\n<\/div>\n<div>\n<p><span lang=\"ES-CO\">Debe iniciar el procedimiento de convalidaci\u00f3n de t\u00edtulos de pregrado o posgrado ante el Ministerio de Educaci\u00f3n Nacional. Para adelantar este tr\u00e1mite es necesario contar con PPT o C\u00e9dula de Extranjer\u00eda y el diploma o certificado apostillado.<\/span><\/p>\n<\/div>\n<div>\n<p><strong><span lang=\"ES-CO\">\u00bfQuedo habilitado para ejercer mi profesi\u00f3n una vez mi t\u00edtulo haya sido convalidado?<\/span><\/strong><\/p>\n<\/div>\n<div>\n<p><span lang=\"ES-CO\">Esto depende del t\u00edtulo que haya convalidado. Debe consultar en el Ministerio de Educaci\u00f3n si existen requisitos adicionales.<\/span><\/p>\n<\/div>\n\n\n<p><\/p>\n","protected":false},"excerpt":{"rendered":"<p>En Colombia se garantiza el acceso a la educaci\u00f3n a todos los ni\u00f1os, ni\u00f1as y adolescentes que se encuentren dentro del territorio colombiano, independientemente de su nacionalidad o condici\u00f3n migratoria. Las personas menores de 18 a\u00f1os solicitantes de asilo tienen derecho a la educaci\u00f3n en centros educativos del Estado. Recuerde que tambi\u00e9n pueden ser beneficiarios [&hellip;]<\/p>\n","protected":false},"author":1,"featured_media":0,"parent":164,"menu_order":0,"comment_status":"closed","ping_status":"closed","template":"","meta":{"_acf_changed":false,"footnotes":""},"class_list":["post-167","page","type-page","status-publish","hentry"],"acf":[],"_links":{"self":[{"href":"https:\/\/help.unhcr.org\/colombia\/wp-json\/wp\/v2\/pages\/167","targetHints":{"allow":["GET"]}}],"collection":[{"href":"https:\/\/help.unhcr.org\/colombia\/wp-json\/wp\/v2\/pages"}],"about":[{"href":"https:\/\/help.unhcr.org\/colombia\/wp-json\/wp\/v2\/types\/page"}],"author":[{"embeddable":true,"href":"https:\/\/help.unhcr.org\/colombia\/wp-json\/wp\/v2\/users\/1"}],"replies":[{"embeddable":true,"href":"https:\/\/help.unhcr.org\/colombia\/wp-json\/wp\/v2\/comments?post=167"}],"version-history":[{"count":10,"href":"https:\/\/help.unhcr.org\/colombia\/wp-json\/wp\/v2\/pages\/167\/revisions"}],"predecessor-version":[{"id":1156,"href":"https:\/\/help.unhcr.org\/colombia\/wp-json\/wp\/v2\/pages\/167\/revisions\/1156"}],"up":[{"embeddable":true,"href":"https:\/\/help.unhcr.org\/colombia\/wp-json\/wp\/v2\/pages\/164"}],"wp:attachment":[{"href":"https:\/\/help.unhcr.org\/colombia\/wp-json\/wp\/v2\/media?parent=167"}],"curies":[{"name":"wp","href":"https:\/\/api.w.org\/{rel}","templated":true}]}}